{"id":161676,"date":"2024-05-09T19:25:09","date_gmt":"2024-05-09T19:25:09","guid":{"rendered":"https:\/\/aldeco.pt\/staging\/product\/beloved-2\/"},"modified":"2024-08-06T11:36:06","modified_gmt":"2024-08-06T11:36:06","slug":"beloved-2","status":"publish","type":"product","link":"https:\/\/staging.aldeco.pt\/pt-pt\/product\/beloved-2\/","title":{"rendered":"BELOVED"},"content":{"rendered":"<p>A base de inspira\u00e7\u00e3o deste tecido foram os detalhes arquitet\u00f3nicos da era do Renascimento. Este jacquard, de textura irregular e abstrata, real\u00e7a a nobreza e o poder do m\u00e1rmore.<\/p>\n","protected":false},"excerpt":{"rendered":"<p>A base de inspira\u00e7\u00e3o deste tecido foram os detalhes arquitet\u00f3nicos da era do Renascimento. Este jacquard, de textura irregular e abstrata, real\u00e7a a nobreza e o poder do m\u00e1rmore.<\/p>\n<h2>Beloved. A base de inspira\u00e7\u00e3o deste tecido foram os detalhes arquitet\u00f3nicos da era do Renascimento. Este jacquard, de textura irregular e abstrata, real\u00e7a a nobreza e o poder do m\u00e1rmore.<\/h2>\n<p><img fetchpriority=\"high\" decoding=\"async\" class=\"alignnone wp-image-80584 size-medium\" src=\"https:\/\/aldeco.pt\/staging\/wp-content\/uploads\/2024\/01\/T019460006-2-300x200.jpg\" alt=\"Beloved - Aldeco\" width=\"300\" height=\"200\"><\/p>\n<p><a href=\"https:\/\/aldeco.pt\/staging\/product\/beloved\/?attribute_pa_aldeco-color=01-antique-white\">https:\/\/aldeco.pt\/staging\/product\/beloved\/?attribute_pa_aldeco-color=01-antique-white<\/a><\/p>\n<p><a href=\"https:\/\/www.instagram.com\/aldeco_interiorfabrics\/\">https:\/\/www.instagram.com\/aldeco_interiorfabrics\/<\/a><\/p>\n","protected":false},"featured_media":143677,"template":"","meta":[],"product_brand":[],"product_cat":[6145],"product_tag":[],"class_list":{"0":"post-161676","1":"product","2":"type-product","3":"status-publish","4":"has-post-thumbnail","6":"product_cat-aldeco-2-pt-pt-2","7":"pa_cleanability-8282","8":"pa_composition-ext-45-vi-31-pa-20-pl-4-li-pt-pt","9":"pa_interior-fabrics-1-pt-pt","10":"pa_line-tecidos","11":"pa_lithfastness-4-pt-pt","12":"pa_outdoor-0-pt-pt","13":"pa_range-jacquard-pt-pt","14":"pa_rapport-vertical-11009","17":"first","18":"instock","19":"purchasable","20":"product-type-variable"},"acf":[],"_links":{"self":[{"href":"https:\/\/staging.aldeco.pt\/pt-pt\/wp-json\/wp\/v2\/product\/161676","targetHints":{"allow":["GET"]}}],"collection":[{"href":"https:\/\/staging.aldeco.pt\/pt-pt\/wp-json\/wp\/v2\/product"}],"about":[{"href":"https:\/\/staging.aldeco.pt\/pt-pt\/wp-json\/wp\/v2\/types\/product"}],"version-history":[{"count":1,"href":"https:\/\/staging.aldeco.pt\/pt-pt\/wp-json\/wp\/v2\/product\/161676\/revisions"}],"predecessor-version":[{"id":192015,"href":"https:\/\/staging.aldeco.pt\/pt-pt\/wp-json\/wp\/v2\/product\/161676\/revisions\/192015"}],"wp:featuredmedia":[{"embeddable":true,"href":"https:\/\/staging.aldeco.pt\/pt-pt\/wp-json\/wp\/v2\/media\/143677"}],"wp:attachment":[{"href":"https:\/\/staging.aldeco.pt\/pt-pt\/wp-json\/wp\/v2\/media?parent=161676"}],"wp:term":[{"taxonomy":"product_brand","embeddable":true,"href":"https:\/\/staging.aldeco.pt\/pt-pt\/wp-json\/wp\/v2\/product_brand?post=161676"},{"taxonomy":"product_cat","embeddable":true,"href":"https:\/\/staging.aldeco.pt\/pt-pt\/wp-json\/wp\/v2\/product_cat?post=161676"},{"taxonomy":"product_tag","embeddable":true,"href":"https:\/\/staging.aldeco.pt\/pt-pt\/wp-json\/wp\/v2\/product_tag?post=161676"}],"curies":[{"name":"wp","href":"https:\/\/api.w.org\/{rel}","templated":true}]}}