{"id":161670,"date":"2024-05-09T19:24:36","date_gmt":"2024-05-09T19:24:36","guid":{"rendered":"https:\/\/aldeco.pt\/staging\/product\/belle-terre-2\/"},"modified":"2024-11-29T18:00:33","modified_gmt":"2024-11-29T18:00:33","slug":"belle-terre-2","status":"publish","type":"product","link":"https:\/\/staging.aldeco.pt\/pt-pt\/product\/belle-terre-2\/","title":{"rendered":"BELLE TERRE"},"content":{"rendered":"<p>BELLE TERRE \u00e9 um linho bordado com uma paisagem extravagante. \u00c9 um design de meia largura inspirado na flora rica das ilhas da Polin\u00e9sia Francesa. Gaugin e outros pintores simbolistas modernos foram profundamente inspirados pelas cores ousadas dispon\u00edveis na natureza e pelos efeitos de luz que o sol originou nos fundos ex\u00f3ticos.<\/p>\n","protected":false},"excerpt":{"rendered":"<p>BELLE TERRE \u00e9 um linho bordado com uma paisagem extravagante. \u00c9 um design de meia largura inspirado na flora rica das ilhas da Polin\u00e9sia Francesa. Gaugin e outros pintores simbolistas modernos foram profundamente inspirados pelas cores ousadas dispon\u00edveis na natureza e pelos efeitos de luz que o sol originou nos fundos ex\u00f3ticos.<\/p>\n<h2>BELLE TERRE \u00e9 um linho bordado com uma paisagem extravagante. \u00c9 um design de meia largura inspirado na flora rica das ilhas da Polin\u00e9sia Francesa. Gaugin e outros pintores simbolistas modernos foram profundamente inspirados pelas cores ousadas dispon\u00edveis na natureza e pelos efeitos de luz que o sol originou nos fundos ex\u00f3ticos.<\/h2>\n<p><img fetchpriority=\"high\" decoding=\"async\" class=\"alignnone wp-image-69639 size-medium\" src=\"https:\/\/aldeco.pt\/staging\/wp-content\/uploads\/2024\/01\/T192570005-1-300x200.jpg\" alt=\"Belle Terre - Aldeco\" width=\"300\" height=\"200\"><\/p>\n<p><a href=\"https:\/\/www.instagram.com\/aldeco_interiorfabrics\/\">https:\/\/www.instagram.com\/aldeco_interiorfabrics\/<\/a><\/p>\n<p><a href=\"https:\/\/aldeco.pt\/staging\/product\/belle-terre\/?attribute_pa_aldeco-color=01-autum-dream\">https:\/\/aldeco.pt\/staging\/product\/belle-terre\/?attribute_pa_aldeco-color=01-autum-dream<\/a><\/p>\n","protected":false},"featured_media":143316,"template":"","meta":[],"product_brand":[],"product_cat":[6145],"product_tag":[],"class_list":{"0":"post-161670","1":"product","2":"type-product","3":"status-publish","4":"has-post-thumbnail","6":"product_cat-aldeco-2-pt-pt-2","7":"pa_cleanability-8282","8":"pa_composition-ext-100-li-pt-pt","9":"pa_interior-fabrics-1-pt-pt","10":"pa_line-tecidos","11":"pa_lithfastness-4-pt-pt","12":"pa_outdoor-0-pt-pt","13":"pa_range-bordado","14":"pa_rapport-horizontal-130-pt-pt","15":"pa_rapport-vertical-78-pt-pt","18":"first","19":"instock","20":"purchasable","21":"product-type-variable"},"acf":[],"_links":{"self":[{"href":"https:\/\/staging.aldeco.pt\/pt-pt\/wp-json\/wp\/v2\/product\/161670","targetHints":{"allow":["GET"]}}],"collection":[{"href":"https:\/\/staging.aldeco.pt\/pt-pt\/wp-json\/wp\/v2\/product"}],"about":[{"href":"https:\/\/staging.aldeco.pt\/pt-pt\/wp-json\/wp\/v2\/types\/product"}],"version-history":[{"count":1,"href":"https:\/\/staging.aldeco.pt\/pt-pt\/wp-json\/wp\/v2\/product\/161670\/revisions"}],"predecessor-version":[{"id":192008,"href":"https:\/\/staging.aldeco.pt\/pt-pt\/wp-json\/wp\/v2\/product\/161670\/revisions\/192008"}],"wp:featuredmedia":[{"embeddable":true,"href":"https:\/\/staging.aldeco.pt\/pt-pt\/wp-json\/wp\/v2\/media\/143316"}],"wp:attachment":[{"href":"https:\/\/staging.aldeco.pt\/pt-pt\/wp-json\/wp\/v2\/media?parent=161670"}],"wp:term":[{"taxonomy":"product_brand","embeddable":true,"href":"https:\/\/staging.aldeco.pt\/pt-pt\/wp-json\/wp\/v2\/product_brand?post=161670"},{"taxonomy":"product_cat","embeddable":true,"href":"https:\/\/staging.aldeco.pt\/pt-pt\/wp-json\/wp\/v2\/product_cat?post=161670"},{"taxonomy":"product_tag","embeddable":true,"href":"https:\/\/staging.aldeco.pt\/pt-pt\/wp-json\/wp\/v2\/product_tag?post=161670"}],"curies":[{"name":"wp","href":"https:\/\/api.w.org\/{rel}","templated":true}]}}