{"id":161668,"date":"2024-05-09T19:24:21","date_gmt":"2024-05-09T19:24:21","guid":{"rendered":"https:\/\/aldeco.pt\/staging\/product\/belle-epoque-velvet-2\/"},"modified":"2024-08-06T11:36:08","modified_gmt":"2024-08-06T11:36:08","slug":"belle-epoque-velvet-2","status":"publish","type":"product","link":"https:\/\/staging.aldeco.pt\/pt-pt\/product\/belle-epoque-velvet-2\/","title":{"rendered":"BELLE \u00c9POQUE VELVET"},"content":{"rendered":"<p>BELLE \u00c9POQUE VELVET \u00e9 um tecido veludo jacquard com p\u00ealo de algod\u00e3o e linho. Este veludo possui um desenho geom\u00e9trico inspirado nos tempos \u00e1ureos com as formas curvas t\u00edpicas do per\u00edodo Arte D\u00e9co. A t\u00e9cnica de cut-pile combinada com o tingimento tinto em pe\u00e7a acentua o seu dinamismo e glamour, t\u00e3o caracter\u00edsticos desta \u00e9poca. Este veludo requintado pode ser facilmente combinado com o micro desenho FRISSON VELVET e com o veludo liso ENSEMBLES e est\u00e1 dispon\u00edvel em 7 cores maravilhosas.<\/p>\n","protected":false},"excerpt":{"rendered":"<p>BELLE \u00c9POQUE VELVET \u00e9 um tecido veludo jacquard com p\u00ealo de algod\u00e3o e linho. Este veludo possui um desenho geom\u00e9trico inspirado nos tempos \u00e1ureos com as formas curvas t\u00edpicas do per\u00edodo Arte D\u00e9co. A t\u00e9cnica de cut-pile combinada com o tingimento tinto em pe\u00e7a acentua o seu dinamismo e glamour, t\u00e3o caracter\u00edsticos desta \u00e9poca. Este veludo requintado pode ser facilmente combinado com o micro desenho FRISSON VELVET e com o veludo liso ENSEMBLES e est\u00e1 dispon\u00edvel em 7 cores maravilhosas.<\/p>\n<h2>BELLE \u00c9POQUE VELVET \u00e9 um tecido veludo jacquard com p\u00ealo de algod\u00e3o e linho. Este veludo possui um desenho geom\u00e9trico inspirado nos tempos \u00e1ureos com as formas curvas t\u00edpicas do per\u00edodo Arte D\u00e9co. A t\u00e9cnica de cut-pile combinada com o tingimento tinto em pe\u00e7a acentua o seu dinamismo e glamour, t\u00e3o caracter\u00edsticos desta \u00e9poca. Este veludo requintado pode ser facilmente combinado com o micro desenho FRISSON VELVET e com o veludo liso ENSEMBLES e est\u00e1 dispon\u00edvel em 7 cores maravilhosas.<\/h2>\n<p><img fetchpriority=\"high\" decoding=\"async\" class=\"alignnone wp-image-176801 size-medium\" src=\"https:\/\/aldeco.pt\/staging\/wp-content\/uploads\/2024\/01\/T192890003-3-300x200.jpg\" alt=\"Belle \u00c9poque Velvet - Aldeco\" width=\"300\" height=\"200\"><\/p>\n<p>&nbsp;<\/p>\n<p><a href=\"https:\/\/aldeco.pt\/staging\/product\/belle-epoque-velvet\/?attribute_pa_colour=brown&amp;attribute_pa_aldeco-color=03-cognac\">https:\/\/aldeco.pt\/staging\/product\/belle-epoque-velvet\/?attribute_pa_colour=brown&amp;attribute_pa_aldeco-color=03-cognac<\/a><\/p>\n<p><a href=\"https:\/\/www.instagram.com\/aldeco_interiorfabrics\/\">https:\/\/www.instagram.com\/aldeco_interiorfabrics\/<\/a><\/p>\n<p>&nbsp;<\/p>\n<p>&nbsp;<\/p>\n<p>&nbsp;<\/p>\n","protected":false},"featured_media":143304,"template":"","meta":[],"product_brand":[],"product_cat":[6145],"product_tag":[],"class_list":{"0":"post-161668","1":"product","2":"type-product","3":"status-publish","4":"has-post-thumbnail","6":"product_cat-aldeco-2-pt-pt-2","7":"pa_cleanability-8282","8":"pa_composition-ext-55-co-45-li-pt-pt","9":"pa_interior-fabrics-1-pt-pt","10":"pa_line-tecidos","11":"pa_lithfastness-5-pt-pt","12":"pa_outdoor-0-pt-pt","13":"pa_range-jacquard-pt-pt","14":"pa_range-veludo","15":"pa_rapport-horizontal-35-pt-pt","16":"pa_rapport-vertical-26-pt-pt","19":"first","20":"instock","21":"purchasable","22":"product-type-variable"},"acf":[],"_links":{"self":[{"href":"https:\/\/staging.aldeco.pt\/pt-pt\/wp-json\/wp\/v2\/product\/161668","targetHints":{"allow":["GET"]}}],"collection":[{"href":"https:\/\/staging.aldeco.pt\/pt-pt\/wp-json\/wp\/v2\/product"}],"about":[{"href":"https:\/\/staging.aldeco.pt\/pt-pt\/wp-json\/wp\/v2\/types\/product"}],"version-history":[{"count":1,"href":"https:\/\/staging.aldeco.pt\/pt-pt\/wp-json\/wp\/v2\/product\/161668\/revisions"}],"predecessor-version":[{"id":192007,"href":"https:\/\/staging.aldeco.pt\/pt-pt\/wp-json\/wp\/v2\/product\/161668\/revisions\/192007"}],"wp:featuredmedia":[{"embeddable":true,"href":"https:\/\/staging.aldeco.pt\/pt-pt\/wp-json\/wp\/v2\/media\/143304"}],"wp:attachment":[{"href":"https:\/\/staging.aldeco.pt\/pt-pt\/wp-json\/wp\/v2\/media?parent=161668"}],"wp:term":[{"taxonomy":"product_brand","embeddable":true,"href":"https:\/\/staging.aldeco.pt\/pt-pt\/wp-json\/wp\/v2\/product_brand?post=161668"},{"taxonomy":"product_cat","embeddable":true,"href":"https:\/\/staging.aldeco.pt\/pt-pt\/wp-json\/wp\/v2\/product_cat?post=161668"},{"taxonomy":"product_tag","embeddable":true,"href":"https:\/\/staging.aldeco.pt\/pt-pt\/wp-json\/wp\/v2\/product_tag?post=161668"}],"curies":[{"name":"wp","href":"https:\/\/api.w.org\/{rel}","templated":true}]}}