{"id":161664,"date":"2024-05-09T19:23:53","date_gmt":"2024-05-09T19:23:53","guid":{"rendered":"https:\/\/aldeco.pt\/staging\/product\/believe-fr-2\/"},"modified":"2024-08-06T11:36:10","modified_gmt":"2024-08-06T11:36:10","slug":"believe-fr-2","status":"publish","type":"product","link":"https:\/\/staging.aldeco.pt\/pt-pt\/product\/believe-fr-2\/","title":{"rendered":"BELIEVE FR"},"content":{"rendered":"<p>A eleg\u00e2ncia do otomano numa estrutura de tecido, juntamente com a aplica\u00e7\u00e3o de fios metalizados em tons de prata, \u00e9 a defini\u00e7\u00e3o de Believe.<\/p>\n","protected":false},"excerpt":{"rendered":"<p>A eleg\u00e2ncia do otomano numa estrutura de tecido, juntamente com a aplica\u00e7\u00e3o de fios metalizados em tons de prata, \u00e9 a defini\u00e7\u00e3o de Believe.<\/p>\n<h2>Believe FR, a eleg\u00e2ncia do otomano numa estrutura de tecido, juntamente com a aplica\u00e7\u00e3o de fios metalizados em tons de prata, \u00e9 a defini\u00e7\u00e3o de Believe.<\/h2>\n<p><img fetchpriority=\"high\" decoding=\"async\" class=\"alignnone wp-image-157954 size-medium\" src=\"https:\/\/aldeco.pt\/staging\/wp-content\/uploads\/2024\/05\/T019470007-300x200.jpg\" alt=\"Believe FR - Aldeco\" width=\"300\" height=\"200\"><\/p>\n<p><a href=\"https:\/\/www.instagram.com\/aldeco_interiorfabrics\/\">https:\/\/www.instagram.com\/aldeco_interiorfabrics\/<\/a><\/p>\n<p><a href=\"https:\/\/aldeco.pt\/staging\/product\/believe-fr\/?attribute_pa_aldeco-color=01-white-silver\">https:\/\/aldeco.pt\/staging\/product\/believe-fr\/?attribute_pa_aldeco-color=01-white-silver<\/a><\/p>\n","protected":false},"featured_media":157945,"template":"","meta":[],"product_brand":[],"product_cat":[6145],"product_tag":[],"class_list":{"0":"post-161664","1":"product","2":"type-product","3":"status-publish","4":"has-post-thumbnail","6":"product_cat-aldeco-2-pt-pt-2","7":"pa_cleanability-8282","8":"pa_composition-ext-59-co-24-pa-9-li-7-pl-1-pc-pt-pt","9":"pa_contract-fabrics-1-pt-pt","10":"pa_interior-fabrics-1-pt-pt","11":"pa_line-tecidos","12":"pa_lithfastness-4-pt-pt","13":"pa_outdoor-0-pt-pt","14":"pa_range-otomano","15":"pa_rapport-vertical-11009","18":"first","19":"instock","20":"purchasable","21":"product-type-variable"},"acf":[],"_links":{"self":[{"href":"https:\/\/staging.aldeco.pt\/pt-pt\/wp-json\/wp\/v2\/product\/161664","targetHints":{"allow":["GET"]}}],"collection":[{"href":"https:\/\/staging.aldeco.pt\/pt-pt\/wp-json\/wp\/v2\/product"}],"about":[{"href":"https:\/\/staging.aldeco.pt\/pt-pt\/wp-json\/wp\/v2\/types\/product"}],"version-history":[{"count":1,"href":"https:\/\/staging.aldeco.pt\/pt-pt\/wp-json\/wp\/v2\/product\/161664\/revisions"}],"predecessor-version":[{"id":192004,"href":"https:\/\/staging.aldeco.pt\/pt-pt\/wp-json\/wp\/v2\/product\/161664\/revisions\/192004"}],"wp:featuredmedia":[{"embeddable":true,"href":"https:\/\/staging.aldeco.pt\/pt-pt\/wp-json\/wp\/v2\/media\/157945"}],"wp:attachment":[{"href":"https:\/\/staging.aldeco.pt\/pt-pt\/wp-json\/wp\/v2\/media?parent=161664"}],"wp:term":[{"taxonomy":"product_brand","embeddable":true,"href":"https:\/\/staging.aldeco.pt\/pt-pt\/wp-json\/wp\/v2\/product_brand?post=161664"},{"taxonomy":"product_cat","embeddable":true,"href":"https:\/\/staging.aldeco.pt\/pt-pt\/wp-json\/wp\/v2\/product_cat?post=161664"},{"taxonomy":"product_tag","embeddable":true,"href":"https:\/\/staging.aldeco.pt\/pt-pt\/wp-json\/wp\/v2\/product_tag?post=161664"}],"curies":[{"name":"wp","href":"https:\/\/api.w.org\/{rel}","templated":true}]}}