{"id":161661,"date":"2024-05-09T19:23:41","date_gmt":"2024-05-09T19:23:41","guid":{"rendered":"https:\/\/aldeco.pt\/staging\/product\/bazaar-2\/"},"modified":"2024-08-06T11:36:10","modified_gmt":"2024-08-06T11:36:10","slug":"bazaar-2","status":"publish","type":"product","link":"https:\/\/staging.aldeco.pt\/pt-pt\/product\/bazaar-2\/","title":{"rendered":"BAZAAR"},"content":{"rendered":"<p>Tecido liso de cortina com cores escovadas e brilhantes. 100% composto por linho. Lav\u00e1vel \u00e0 m\u00e1quina.<\/p>\n","protected":false},"excerpt":{"rendered":"<p>Tecido liso de cortina com cores escovadas e brilhantes. 100% composto por linho. Lav\u00e1vel \u00e0 m\u00e1quina.<\/p>\n<h2>Bazaar, um tecido liso de cortina com cores escovadas e brilhantes. 100% composto por linho. Lav\u00e1vel \u00e0 m\u00e1quina.<\/h2>\n<p><img fetchpriority=\"high\" decoding=\"async\" class=\"alignnone wp-image-177156 size-medium\" src=\"https:\/\/aldeco.pt\/staging\/wp-content\/uploads\/2024\/01\/T019190001-4-300x240.jpg\" alt=\"Bazaar - Aldeco\" width=\"300\" height=\"240\"><\/p>\n<p><a href=\"https:\/\/www.instagram.com\/aldeco_interiorfabrics\/\">https:\/\/www.instagram.com\/aldeco_interiorfabrics\/<\/a><\/p>\n<p><a href=\"https:\/\/aldeco.pt\/staging\/product\/bazaar\/?attribute_pa_aldeco-color=01-muskmelon\">https:\/\/aldeco.pt\/staging\/product\/bazaar\/?attribute_pa_aldeco-color=01-muskmelon<\/a><\/p>\n","protected":false},"featured_media":143624,"template":"","meta":[],"product_brand":[],"product_cat":[6145],"product_tag":[],"class_list":{"0":"post-161661","1":"product","2":"type-product","3":"status-publish","4":"has-post-thumbnail","6":"product_cat-aldeco-2-pt-pt-2","7":"pa_cleanability-8282","8":"pa_composition-ext-base-100-li-pt-pt","9":"pa_interior-fabrics-1-pt-pt","10":"pa_line-tecidos","11":"pa_lithfastness-4-pt-pt","12":"pa_outdoor-0-pt-pt","13":"pa_range-liso","14":"pa_rapport-vertical-11009","17":"first","18":"instock","19":"purchasable","20":"product-type-variable"},"acf":[],"_links":{"self":[{"href":"https:\/\/staging.aldeco.pt\/pt-pt\/wp-json\/wp\/v2\/product\/161661","targetHints":{"allow":["GET"]}}],"collection":[{"href":"https:\/\/staging.aldeco.pt\/pt-pt\/wp-json\/wp\/v2\/product"}],"about":[{"href":"https:\/\/staging.aldeco.pt\/pt-pt\/wp-json\/wp\/v2\/types\/product"}],"version-history":[{"count":1,"href":"https:\/\/staging.aldeco.pt\/pt-pt\/wp-json\/wp\/v2\/product\/161661\/revisions"}],"predecessor-version":[{"id":192003,"href":"https:\/\/staging.aldeco.pt\/pt-pt\/wp-json\/wp\/v2\/product\/161661\/revisions\/192003"}],"wp:featuredmedia":[{"embeddable":true,"href":"https:\/\/staging.aldeco.pt\/pt-pt\/wp-json\/wp\/v2\/media\/143624"}],"wp:attachment":[{"href":"https:\/\/staging.aldeco.pt\/pt-pt\/wp-json\/wp\/v2\/media?parent=161661"}],"wp:term":[{"taxonomy":"product_brand","embeddable":true,"href":"https:\/\/staging.aldeco.pt\/pt-pt\/wp-json\/wp\/v2\/product_brand?post=161661"},{"taxonomy":"product_cat","embeddable":true,"href":"https:\/\/staging.aldeco.pt\/pt-pt\/wp-json\/wp\/v2\/product_cat?post=161661"},{"taxonomy":"product_tag","embeddable":true,"href":"https:\/\/staging.aldeco.pt\/pt-pt\/wp-json\/wp\/v2\/product_tag?post=161661"}],"curies":[{"name":"wp","href":"https:\/\/api.w.org\/{rel}","templated":true}]}}