{"id":161659,"date":"2024-05-09T19:23:22","date_gmt":"2024-05-09T19:23:22","guid":{"rendered":"https:\/\/aldeco.pt\/staging\/product\/bastet-2\/"},"modified":"2024-08-06T11:36:11","modified_gmt":"2024-08-06T11:36:11","slug":"bastet-2","status":"publish","type":"product","link":"https:\/\/staging.aldeco.pt\/pt-pt\/product\/bastet-2\/","title":{"rendered":"BASTET"},"content":{"rendered":"<p>\u00c9 um tecido de cortina. A sua combina\u00e7\u00e3o de linho poli\u00e9ster confere-lhe o look natural do linho com as vantagens do poli\u00e9ster. Este tecido largo est\u00e1 dispon\u00edvel em 10 cores.<\/p>\n","protected":false},"excerpt":{"rendered":"<p>\u00c9 um tecido de cortina. A sua combina\u00e7\u00e3o de linho poli\u00e9ster confere-lhe o look natural do linho com as vantagens do poli\u00e9ster. Este tecido largo est\u00e1 dispon\u00edvel em 10 cores.<\/p>\n<h2>Bastet \u00e9 um tecido de cortina. A sua combina\u00e7\u00e3o de linho poli\u00e9ster confere-lhe o look natural do linho com as vantagens do poli\u00e9ster. Este tecido largo est\u00e1 dispon\u00edvel em 10 cores.<\/h2>\n<p><img fetchpriority=\"high\" decoding=\"async\" class=\"alignnone wp-image-80726 size-medium\" src=\"https:\/\/aldeco.pt\/staging\/wp-content\/uploads\/2024\/01\/T018350009-300x300.jpg\" alt=\"Bastet - Aldeco\" width=\"300\" height=\"300\"><\/p>\n<p><a href=\"https:\/\/www.instagram.com\/aldeco_interiorfabrics\/\">https:\/\/www.instagram.com\/aldeco_interiorfabrics\/<\/a><\/p>\n<p><a href=\"https:\/\/aldeco.pt\/staging\/product\/bastet\/?attribute_pa_aldeco-color=1-naturale\">https:\/\/aldeco.pt\/staging\/product\/bastet\/?attribute_pa_aldeco-color=1-naturale<\/a><\/p>\n","protected":false},"featured_media":143622,"template":"","meta":[],"product_brand":[],"product_cat":[6145],"product_tag":[],"class_list":{"0":"post-161659","1":"product","2":"type-product","3":"status-publish","4":"has-post-thumbnail","6":"product_cat-aldeco-2-pt-pt-2","7":"pa_cleanability-8282","8":"pa_composition-ext-45-pl-fr-55-li-pt-pt","9":"pa_interior-fabrics-1-pt-pt","10":"pa_line-tecidos","11":"pa_lithfastness-3-4-pt-pt","12":"pa_outdoor-0-pt-pt","13":"pa_range-liso","14":"pa_range-transparente","15":"pa_rapport-vertical-11009","18":"first","19":"instock","20":"purchasable","21":"product-type-variable"},"acf":[],"_links":{"self":[{"href":"https:\/\/staging.aldeco.pt\/pt-pt\/wp-json\/wp\/v2\/product\/161659","targetHints":{"allow":["GET"]}}],"collection":[{"href":"https:\/\/staging.aldeco.pt\/pt-pt\/wp-json\/wp\/v2\/product"}],"about":[{"href":"https:\/\/staging.aldeco.pt\/pt-pt\/wp-json\/wp\/v2\/types\/product"}],"version-history":[{"count":1,"href":"https:\/\/staging.aldeco.pt\/pt-pt\/wp-json\/wp\/v2\/product\/161659\/revisions"}],"predecessor-version":[{"id":192002,"href":"https:\/\/staging.aldeco.pt\/pt-pt\/wp-json\/wp\/v2\/product\/161659\/revisions\/192002"}],"wp:featuredmedia":[{"embeddable":true,"href":"https:\/\/staging.aldeco.pt\/pt-pt\/wp-json\/wp\/v2\/media\/143622"}],"wp:attachment":[{"href":"https:\/\/staging.aldeco.pt\/pt-pt\/wp-json\/wp\/v2\/media?parent=161659"}],"wp:term":[{"taxonomy":"product_brand","embeddable":true,"href":"https:\/\/staging.aldeco.pt\/pt-pt\/wp-json\/wp\/v2\/product_brand?post=161659"},{"taxonomy":"product_cat","embeddable":true,"href":"https:\/\/staging.aldeco.pt\/pt-pt\/wp-json\/wp\/v2\/product_cat?post=161659"},{"taxonomy":"product_tag","embeddable":true,"href":"https:\/\/staging.aldeco.pt\/pt-pt\/wp-json\/wp\/v2\/product_tag?post=161659"}],"curies":[{"name":"wp","href":"https:\/\/api.w.org\/{rel}","templated":true}]}}