{"id":161657,"date":"2024-05-09T19:23:10","date_gmt":"2024-05-09T19:23:10","guid":{"rendered":"https:\/\/aldeco.pt\/staging\/product\/basket-fr-2\/"},"modified":"2024-08-06T11:36:12","modified_gmt":"2024-08-06T11:36:12","slug":"basket-fr-2","status":"publish","type":"product","link":"https:\/\/staging.aldeco.pt\/pt-pt\/product\/basket-fr-2\/","title":{"rendered":"BASKET FR"},"content":{"rendered":"<p>BASKET FR \u00e9 um tecido rugoso, de estrutura volumosa e apar\u00eancia brilhante. Este tecido elegante tem um toque muito macio, devido aos fios grossos de chenille que s\u00e3o usados neste tinto em pe\u00e7a. Perfeito para criar estofos aconchegantes, quentes e sofisticados, com um visual rico e moderno.<br \/>\nDispon\u00edvel em cores naturais.<\/p>\n","protected":false},"excerpt":{"rendered":"<p>BASKET FR \u00e9 um tecido rugoso, de estrutura volumosa e apar\u00eancia brilhante. Este tecido elegante tem um toque muito macio, devido aos fios grossos de chenille que s\u00e3o usados neste tinto em pe\u00e7a. Perfeito para criar estofos aconchegantes, quentes e sofisticados, com um visual rico e moderno.<br \/>\nDispon\u00edvel em cores naturais.<\/p>\n<h2>BASKET FR \u00e9 um tecido rugoso, de estrutura volumosa e apar\u00eancia brilhante. Este tecido elegante tem um toque muito macio, devido aos fios grossos de chenille que s\u00e3o usados neste tinto em pe\u00e7a. Perfeito para criar estofos aconchegantes, quentes e sofisticados, com um visual rico e moderno.<\/h2>\n<h2><\/h2>\n<h2><img fetchpriority=\"high\" decoding=\"async\" class=\"alignnone wp-image-92240 size-medium\" src=\"https:\/\/aldeco.pt\/staging\/wp-content\/uploads\/2024\/01\/T192640003-4-300x200.jpg\" alt=\"Basket FR - Aldeco\" width=\"300\" height=\"200\"><\/h2>\n<h2><a href=\"https:\/\/www.instagram.com\/aldeco_interiorfabrics\/\">https:\/\/www.instagram.com\/aldeco_interiorfabrics\/<\/a><\/h2>\n<h2><a href=\"https:\/\/aldeco.pt\/staging\/product\/basket-fr\/?attribute_pa_aldeco-color=01-pearl\">https:\/\/aldeco.pt\/staging\/product\/basket-fr\/?attribute_pa_aldeco-color=01-pearl<\/a><\/h2>\n<h2>Dispon\u00edvel em cores naturais.<\/h2>\n","protected":false},"featured_media":143620,"template":"","meta":[],"product_brand":[],"product_cat":[6145,6153,6151],"product_tag":[],"class_list":{"0":"post-161657","1":"product","2":"type-product","3":"status-publish","4":"has-post-thumbnail","6":"product_cat-aldeco-2-pt-pt-2","7":"product_cat-aldeco-smarter-pt-pt","8":"product_cat-contract-pt-pt","9":"pa_cleanability-8282","10":"pa_composition-ext-100-pl-pt-pt","11":"pa_contract-fabrics-1-pt-pt","12":"pa_interior-fabrics-1-pt-pt","13":"pa_line-tecidos","14":"pa_lithfastness-5-pt-pt","15":"pa_outdoor-0-pt-pt","16":"pa_range-chenile","17":"pa_range-liso","18":"pa_rapport-vertical-11009","19":"pa_special-treatments-fabrics-1-pt-pt","20":"pa_sustainable-fabrics-1-pt-pt","23":"first","24":"instock","25":"purchasable","26":"product-type-variable"},"acf":[],"_links":{"self":[{"href":"https:\/\/staging.aldeco.pt\/pt-pt\/wp-json\/wp\/v2\/product\/161657","targetHints":{"allow":["GET"]}}],"collection":[{"href":"https:\/\/staging.aldeco.pt\/pt-pt\/wp-json\/wp\/v2\/product"}],"about":[{"href":"https:\/\/staging.aldeco.pt\/pt-pt\/wp-json\/wp\/v2\/types\/product"}],"version-history":[{"count":2,"href":"https:\/\/staging.aldeco.pt\/pt-pt\/wp-json\/wp\/v2\/product\/161657\/revisions"}],"predecessor-version":[{"id":192098,"href":"https:\/\/staging.aldeco.pt\/pt-pt\/wp-json\/wp\/v2\/product\/161657\/revisions\/192098"}],"wp:featuredmedia":[{"embeddable":true,"href":"https:\/\/staging.aldeco.pt\/pt-pt\/wp-json\/wp\/v2\/media\/143620"}],"wp:attachment":[{"href":"https:\/\/staging.aldeco.pt\/pt-pt\/wp-json\/wp\/v2\/media?parent=161657"}],"wp:term":[{"taxonomy":"product_brand","embeddable":true,"href":"https:\/\/staging.aldeco.pt\/pt-pt\/wp-json\/wp\/v2\/product_brand?post=161657"},{"taxonomy":"product_cat","embeddable":true,"href":"https:\/\/staging.aldeco.pt\/pt-pt\/wp-json\/wp\/v2\/product_cat?post=161657"},{"taxonomy":"product_tag","embeddable":true,"href":"https:\/\/staging.aldeco.pt\/pt-pt\/wp-json\/wp\/v2\/product_tag?post=161657"}],"curies":[{"name":"wp","href":"https:\/\/api.w.org\/{rel}","templated":true}]}}