{"id":161655,"date":"2024-05-09T19:23:02","date_gmt":"2024-05-09T19:23:02","guid":{"rendered":"https:\/\/aldeco.pt\/staging\/product\/baboo-2\/"},"modified":"2024-08-06T11:36:12","modified_gmt":"2024-08-06T11:36:12","slug":"baboo-2","status":"publish","type":"product","link":"https:\/\/staging.aldeco.pt\/pt-pt\/product\/baboo-2\/","title":{"rendered":"BABOO"},"content":{"rendered":"<p>Ap\u00f3s a cria\u00e7\u00e3o da cortina de dupla face Babel, desenvolvemos um micro motivo inspirado nas formas naturais de elementos marinhos, como conchas.<br \/>\nO resultado \u00e9 um visual sofisticado e contempor\u00e2neo. A paleta de cores \u00e9 natural e neutra, num degrad\u00e9 de tons areia e pedra.<\/p>\n","protected":false},"excerpt":{"rendered":"<p>Ap\u00f3s a cria\u00e7\u00e3o da cortina de dupla face Babel, desenvolvemos um micro motivo inspirado nas formas naturais de elementos marinhos, como conchas.<br \/>\nO resultado \u00e9 um visual sofisticado e contempor\u00e2neo. A paleta de cores \u00e9 natural e neutra, num degrad\u00e9 de tons areia e pedra.<\/p>\n<h2>Baboo. Ap\u00f3s a cria\u00e7\u00e3o da cortina de dupla face Babel, desenvolvemos um micro motivo inspirado nas formas naturais de elementos marinhos, como conchas.<\/h2>\n<p><img fetchpriority=\"high\" decoding=\"async\" class=\"alignnone wp-image-69625 size-medium\" src=\"https:\/\/aldeco.pt\/staging\/wp-content\/uploads\/2024\/01\/T019530003-1-300x250.jpg\" alt=\"Baboo - Aldeco\" width=\"300\" height=\"250\"><\/p>\n<p><a href=\"https:\/\/aldeco.pt\/staging\/product\/baboo\/?attribute_pa_aldeco-color=01-pearl\">https:\/\/aldeco.pt\/staging\/product\/baboo\/?attribute_pa_aldeco-color=01-pearl<\/a><\/p>\n<p><a href=\"https:\/\/www.instagram.com\/aldeco_interiorfabrics\/\">https:\/\/www.instagram.com\/aldeco_interiorfabrics\/<\/a><\/p>\n","protected":false},"featured_media":143272,"template":"","meta":[],"product_brand":[],"product_cat":[6145],"product_tag":[],"class_list":{"0":"post-161655","1":"product","2":"type-product","3":"status-publish","4":"has-post-thumbnail","6":"product_cat-aldeco-2-pt-pt-2","7":"pa_cleanability-8282","8":"pa_composition-ext-59-pes-41-li-pt-pt","9":"pa_interior-fabrics-1-pt-pt","10":"pa_line-tecidos","11":"pa_lithfastness-9680","12":"pa_outdoor-0-pt-pt","13":"pa_range-jacquard-pt-pt","14":"pa_range-transparente","15":"pa_rapport-horizontal-7-pt-pt","16":"pa_rapport-vertical-5-5-pt-pt","19":"first","20":"instock","21":"purchasable","22":"product-type-variable"},"acf":[],"_links":{"self":[{"href":"https:\/\/staging.aldeco.pt\/pt-pt\/wp-json\/wp\/v2\/product\/161655","targetHints":{"allow":["GET"]}}],"collection":[{"href":"https:\/\/staging.aldeco.pt\/pt-pt\/wp-json\/wp\/v2\/product"}],"about":[{"href":"https:\/\/staging.aldeco.pt\/pt-pt\/wp-json\/wp\/v2\/types\/product"}],"version-history":[{"count":1,"href":"https:\/\/staging.aldeco.pt\/pt-pt\/wp-json\/wp\/v2\/product\/161655\/revisions"}],"predecessor-version":[{"id":192000,"href":"https:\/\/staging.aldeco.pt\/pt-pt\/wp-json\/wp\/v2\/product\/161655\/revisions\/192000"}],"wp:featuredmedia":[{"embeddable":true,"href":"https:\/\/staging.aldeco.pt\/pt-pt\/wp-json\/wp\/v2\/media\/143272"}],"wp:attachment":[{"href":"https:\/\/staging.aldeco.pt\/pt-pt\/wp-json\/wp\/v2\/media?parent=161655"}],"wp:term":[{"taxonomy":"product_brand","embeddable":true,"href":"https:\/\/staging.aldeco.pt\/pt-pt\/wp-json\/wp\/v2\/product_brand?post=161655"},{"taxonomy":"product_cat","embeddable":true,"href":"https:\/\/staging.aldeco.pt\/pt-pt\/wp-json\/wp\/v2\/product_cat?post=161655"},{"taxonomy":"product_tag","embeddable":true,"href":"https:\/\/staging.aldeco.pt\/pt-pt\/wp-json\/wp\/v2\/product_tag?post=161655"}],"curies":[{"name":"wp","href":"https:\/\/api.w.org\/{rel}","templated":true}]}}