{"id":161649,"date":"2024-05-09T19:22:31","date_gmt":"2024-05-09T19:22:31","guid":{"rendered":"https:\/\/aldeco.pt\/staging\/product\/arte-water-repellent-2\/"},"modified":"2024-08-06T11:36:14","modified_gmt":"2024-08-06T11:36:14","slug":"arte-water-repellent-2","status":"publish","type":"product","link":"https:\/\/staging.aldeco.pt\/pt-pt\/product\/arte-water-repellent-2\/","title":{"rendered":"ARTE WATER REPELLENT"},"content":{"rendered":"<p>ARTE WATER REPELLENT \u00e9 um elegante tecido de microfibra com um toque macio de camur\u00e7a, alta qualidade e resist\u00eancia. Inspirado no efervescente Movimento Modernista e nos seus criativos pintores. Pode sentir cada pincelada e as cores ricas ao longo do tecido, atrav\u00e9s de cada curva e linha que se cruzam de forma livre e din\u00e2mica criando formas vibrantes e irregulares em sintonia com esse discurso art\u00edstico. Um expressionismo abstrato traduzido em pinceladas, tonalidades de cores e formas onduladas baseadas em fascinantes e intrigantes gamas de cores. Cria atmosferas deslumbrantes para combinar com outros tecidos.<\/p>\n","protected":false},"excerpt":{"rendered":"<p>ARTE WATER REPELLENT \u00e9 um elegante tecido de microfibra com um toque macio de camur\u00e7a, alta qualidade e resist\u00eancia. Inspirado no efervescente Movimento Modernista e nos seus criativos pintores. Pode sentir cada pincelada e as cores ricas ao longo do tecido, atrav\u00e9s de cada curva e linha que se cruzam de forma livre e din\u00e2mica criando formas vibrantes e irregulares em sintonia com esse discurso art\u00edstico. Um expressionismo abstrato traduzido em pinceladas, tonalidades de cores e formas onduladas baseadas em fascinantes e intrigantes gamas de cores. Cria atmosferas deslumbrantes para combinar com outros tecidos.<\/p>\n<h2>ARTE WATER REPELLENT \u00e9 um elegante tecido de microfibra com um toque macio de camur\u00e7a, alta qualidade e resist\u00eancia. Inspirado no efervescente Movimento Modernista e nos seus criativos pintores. Pode sentir cada pincelada e as cores ricas ao longo do tecido, atrav\u00e9s de cada curva e linha que se cruzam de forma livre e din\u00e2mica criando formas vibrantes e irregulares em sintonia com esse discurso art\u00edstico. Um expressionismo abstrato traduzido em pinceladas, tonalidades de cores e formas onduladas baseadas em fascinantes e intrigantes gamas de cores. Cria atmosferas deslumbrantes para combinar com outros tecidos.<\/h2>\n<p><img fetchpriority=\"high\" decoding=\"async\" class=\"alignnone wp-image-81126 size-medium\" src=\"https:\/\/aldeco.pt\/staging\/wp-content\/uploads\/2024\/01\/T192500003-2-300x200.jpg\" alt=\"Arte Water Repellent - Aldeco\" width=\"300\" height=\"200\"><\/p>\n<p><a href=\"https:\/\/aldeco.pt\/staging\/product\/arte-water-repellent\/?attribute_pa_aldeco-color=01-autumn-paris\">https:\/\/aldeco.pt\/staging\/product\/arte-water-repellent\/?attribute_pa_aldeco-color=01-autumn-paris<\/a><\/p>\n<p><a href=\"https:\/\/www.instagram.com\/aldeco_interiorfabrics\/\">https:\/\/www.instagram.com\/aldeco_interiorfabrics\/<\/a><\/p>\n<p>&nbsp;<\/p>\n","protected":false},"featured_media":143586,"template":"","meta":[],"product_brand":[],"product_cat":[6145],"product_tag":[],"class_list":{"0":"post-161649","1":"product","2":"type-product","3":"status-publish","4":"has-post-thumbnail","6":"product_cat-aldeco-2-pt-pt-2","7":"pa_cleanability-8282","8":"pa_composition-ext-100-pl-pt-pt","9":"pa_interior-fabrics-1-pt-pt","10":"pa_line-tecidos","11":"pa_lithfastness-4-5-pt-pt","12":"pa_outdoor-0-pt-pt","13":"pa_range-estampado","14":"pa_rapport-horizontal-70-pt-pt","15":"pa_rapport-vertical-92-5-pt-pt","16":"pa_special-treatments-fabrics-1-pt-pt","19":"first","20":"instock","21":"purchasable","22":"product-type-variable"},"acf":[],"_links":{"self":[{"href":"https:\/\/staging.aldeco.pt\/pt-pt\/wp-json\/wp\/v2\/product\/161649","targetHints":{"allow":["GET"]}}],"collection":[{"href":"https:\/\/staging.aldeco.pt\/pt-pt\/wp-json\/wp\/v2\/product"}],"about":[{"href":"https:\/\/staging.aldeco.pt\/pt-pt\/wp-json\/wp\/v2\/types\/product"}],"version-history":[{"count":1,"href":"https:\/\/staging.aldeco.pt\/pt-pt\/wp-json\/wp\/v2\/product\/161649\/revisions"}],"predecessor-version":[{"id":191997,"href":"https:\/\/staging.aldeco.pt\/pt-pt\/wp-json\/wp\/v2\/product\/161649\/revisions\/191997"}],"wp:featuredmedia":[{"embeddable":true,"href":"https:\/\/staging.aldeco.pt\/pt-pt\/wp-json\/wp\/v2\/media\/143586"}],"wp:attachment":[{"href":"https:\/\/staging.aldeco.pt\/pt-pt\/wp-json\/wp\/v2\/media?parent=161649"}],"wp:term":[{"taxonomy":"product_brand","embeddable":true,"href":"https:\/\/staging.aldeco.pt\/pt-pt\/wp-json\/wp\/v2\/product_brand?post=161649"},{"taxonomy":"product_cat","embeddable":true,"href":"https:\/\/staging.aldeco.pt\/pt-pt\/wp-json\/wp\/v2\/product_cat?post=161649"},{"taxonomy":"product_tag","embeddable":true,"href":"https:\/\/staging.aldeco.pt\/pt-pt\/wp-json\/wp\/v2\/product_tag?post=161649"}],"curies":[{"name":"wp","href":"https:\/\/api.w.org\/{rel}","templated":true}]}}