{"id":161643,"date":"2024-05-09T19:21:34","date_gmt":"2024-05-09T19:21:34","guid":{"rendered":"https:\/\/aldeco.pt\/staging\/product\/ambiance-fr-2\/"},"modified":"2024-09-23T09:23:40","modified_gmt":"2024-09-23T09:23:40","slug":"ambiance-fr-2","status":"publish","type":"product","link":"https:\/\/staging.aldeco.pt\/pt-pt\/product\/ambiance-fr-2\/","title":{"rendered":"AMBIANCE FR"},"content":{"rendered":"<p>\u00c9 um tecido de cortina tinto em pe\u00e7a com um look alinhado e uma ca\u00edda muito natural. \u00c9 um tecido largo com certifica\u00e7\u00e3o OEKO-TEX100, n\u00e3o contem subst\u00e2ncias nocivas para o meio ambiente. Como possui certifica\u00e7\u00e3o em v\u00e1rias normas ign\u00edfugas, \u00e9 retardante de chama \u00e9 o tecido ideal para os projetos mais exigentes Encontra-se dispon\u00edvel em 17 cores simplesmente irresist\u00edveis.<\/p>\n","protected":false},"excerpt":{"rendered":"<p>\u00c9 um tecido de cortina tinto em pe\u00e7a com um look alinhado e uma ca\u00edda muito natural. \u00c9 um tecido largo com certifica\u00e7\u00e3o OEKO-TEX100, n\u00e3o contem subst\u00e2ncias nocivas para o meio ambiente. Como possui certifica\u00e7\u00e3o em v\u00e1rias normas ign\u00edfugas, \u00e9 retardante de chama \u00e9 o tecido ideal para os projetos mais exigentes Encontra-se dispon\u00edvel em 17 cores simplesmente irresist\u00edveis.<\/p>\n<h2>Ambiance FR \u00e9 um tecido de cortina tinto em pe\u00e7a com um look alinhado e uma ca\u00edda muito natural. \u00c9 um tecido largo com certifica\u00e7\u00e3o OEKO-TEX100, n\u00e3o contem subst\u00e2ncias nocivas para o meio ambiente. Como possui certifica\u00e7\u00e3o em v\u00e1rias normas ign\u00edfugas, \u00e9 retardante de chama \u00e9 o tecido ideal para os projetos mais exigentes Encontra-se dispon\u00edvel em 17 cores simplesmente irresist\u00edveis.<\/h2>\n<p><img fetchpriority=\"high\" decoding=\"async\" class=\"alignnone wp-image-91871 size-medium\" src=\"https:\/\/aldeco.pt\/staging\/wp-content\/uploads\/2024\/01\/T191160015-4-300x250.jpg\" alt=\"Ambiance FR - Aldeco\" width=\"300\" height=\"250\" \/><\/p>\n<p><a href=\"https:\/\/aldeco.pt\/staging\/product\/ambiance-fr\/?attribute_pa_aldeco-color=01-mushroom\">https:\/\/aldeco.pt\/staging\/product\/ambiance-fr\/?attribute_pa_aldeco-color=01-mushroom<\/a><a href=\"https:\/\/www.instagram.com\/aldeco_interiorfabrics\/\">https:\/\/www.instagram.com\/aldeco_interiorfabrics\/<\/a><\/p>\n","protected":false},"featured_media":143566,"template":"","meta":[],"product_brand":[],"product_cat":[6145],"product_tag":[],"class_list":{"0":"post-161643","1":"product","2":"type-product","3":"status-publish","4":"has-post-thumbnail","6":"product_cat-aldeco-2-pt-pt-2","7":"pa_cleanability-8282","8":"pa_composition-ext-100-pl-pt-pt","9":"pa_contract-fabrics-1-pt-pt","10":"pa_interior-fabrics-1-pt-pt","11":"pa_line-tecidos","12":"pa_lithfastness-4-pt-pt","13":"pa_outdoor-0-pt-pt","14":"pa_range-liso","15":"pa_rapport-vertical-11009","16":"pa_special-treatments-fabrics-1-pt-pt","17":"pa_sustainable-fabrics-1-pt-pt","20":"first","21":"instock","22":"purchasable","23":"product-type-variable"},"acf":[],"_links":{"self":[{"href":"https:\/\/staging.aldeco.pt\/pt-pt\/wp-json\/wp\/v2\/product\/161643","targetHints":{"allow":["GET"]}}],"collection":[{"href":"https:\/\/staging.aldeco.pt\/pt-pt\/wp-json\/wp\/v2\/product"}],"about":[{"href":"https:\/\/staging.aldeco.pt\/pt-pt\/wp-json\/wp\/v2\/types\/product"}],"version-history":[{"count":3,"href":"https:\/\/staging.aldeco.pt\/pt-pt\/wp-json\/wp\/v2\/product\/161643\/revisions"}],"predecessor-version":[{"id":200734,"href":"https:\/\/staging.aldeco.pt\/pt-pt\/wp-json\/wp\/v2\/product\/161643\/revisions\/200734"}],"wp:featuredmedia":[{"embeddable":true,"href":"https:\/\/staging.aldeco.pt\/pt-pt\/wp-json\/wp\/v2\/media\/143566"}],"wp:attachment":[{"href":"https:\/\/staging.aldeco.pt\/pt-pt\/wp-json\/wp\/v2\/media?parent=161643"}],"wp:term":[{"taxonomy":"product_brand","embeddable":true,"href":"https:\/\/staging.aldeco.pt\/pt-pt\/wp-json\/wp\/v2\/product_brand?post=161643"},{"taxonomy":"product_cat","embeddable":true,"href":"https:\/\/staging.aldeco.pt\/pt-pt\/wp-json\/wp\/v2\/product_cat?post=161643"},{"taxonomy":"product_tag","embeddable":true,"href":"https:\/\/staging.aldeco.pt\/pt-pt\/wp-json\/wp\/v2\/product_tag?post=161643"}],"curies":[{"name":"wp","href":"https:\/\/api.w.org\/{rel}","templated":true}]}}