{"id":161641,"date":"2024-05-09T19:21:30","date_gmt":"2024-05-09T19:21:30","guid":{"rendered":"https:\/\/aldeco.pt\/staging\/product\/amazon-forest-printed-2\/"},"modified":"2024-09-16T14:31:10","modified_gmt":"2024-09-16T14:31:10","slug":"amazon-forest-printed-2","status":"publish","type":"product","link":"https:\/\/staging.aldeco.pt\/pt-pt\/product\/amazon-forest-printed-2\/","title":{"rendered":"AMAZON FOREST PRINTED"},"content":{"rendered":"<p>Fant\u00e1stico desenho de folhagem tropical, estampado em tecido 100% linho. O verde \u00e9 a cor principal da cole\u00e7\u00e3o, e neste desenho, s\u00e3o exploradas v\u00e1rias tonalidades de verde fresco e vivo. Este vibrante tecido pode ser utilizado em cortina, decora\u00e7\u00e3o e estofo.<\/p>\n","protected":false},"excerpt":{"rendered":"<p>Fant\u00e1stico desenho de folhagem tropical, estampado em tecido 100% linho. O verde \u00e9 a cor principal da cole\u00e7\u00e3o, e neste desenho, s\u00e3o exploradas v\u00e1rias tonalidades de verde fresco e vivo. Este vibrante tecido pode ser utilizado em cortina, decora\u00e7\u00e3o e estofo. <\/p>\n<h2>Amazon Forest Printed \u00e9 um fant\u00e1stico desenho de folhagem tropical, estampado em tecido 100% linho. O verde \u00e9 a cor principal da cole\u00e7\u00e3o, e neste desenho, s\u00e3o exploradas v\u00e1rias tonalidades de verde fresco e vivo. Este vibrante tecido pode ser utilizado em cortina, decora\u00e7\u00e3o e estofo.<\/h2>\n<p>&nbsp;<\/p>\n<p>&nbsp;<\/p>\n<p> [caption id=\"attachment_189724\" align=\"alignnone\" width=\"300\"]<img fetchpriority=\"high\" decoding=\"async\" class=\"wp-image-189724 size-medium\" src=\"https:\/\/aldeco.pt\/staging\/wp-content\/uploads\/2024\/05\/T019290001-1-300x236.jpg\" alt=\"Amazon Forest Printed - Aldeco\" width=\"300\" height=\"236\"> A 4562750[\/caption]<a href=\"https:\/\/www.instagram.com\/aldeco_interiorfabrics\/\">https:\/\/www.instagram.com\/aldeco_interiorfabrics\/<\/a><a href=\"https:\/\/aldeco.pt\/staging\/product\/amazon-forest-printed\/?attribute_pa_aldeco-color=01-paradise-green\">https:\/\/aldeco.pt\/staging\/product\/amazon-forest-printed\/?attribute_pa_aldeco-color=01-paradise-green<\/a><\/p>\n","protected":false},"featured_media":177667,"template":"","meta":[],"product_brand":[],"product_cat":[6145],"product_tag":[],"class_list":{"0":"post-161641","1":"product","2":"type-product","3":"status-publish","4":"has-post-thumbnail","6":"product_cat-aldeco-2-pt-pt-2","7":"pa_cleanability-8282","8":"pa_composition-ext-100-li-pt-pt","9":"pa_interior-fabrics-1-pt-pt","10":"pa_line-tecidos","11":"pa_lithfastness-4-5-pt-pt","12":"pa_outdoor-0-pt-pt","13":"pa_range-estampado","14":"pa_rapport-horizontal-68-pt-pt","15":"pa_rapport-vertical-63-8-pt-pt","18":"first","19":"instock","20":"purchasable","21":"product-type-variable"},"acf":[],"_links":{"self":[{"href":"https:\/\/staging.aldeco.pt\/pt-pt\/wp-json\/wp\/v2\/product\/161641","targetHints":{"allow":["GET"]}}],"collection":[{"href":"https:\/\/staging.aldeco.pt\/pt-pt\/wp-json\/wp\/v2\/product"}],"about":[{"href":"https:\/\/staging.aldeco.pt\/pt-pt\/wp-json\/wp\/v2\/types\/product"}],"version-history":[{"count":3,"href":"https:\/\/staging.aldeco.pt\/pt-pt\/wp-json\/wp\/v2\/product\/161641\/revisions"}],"predecessor-version":[{"id":200632,"href":"https:\/\/staging.aldeco.pt\/pt-pt\/wp-json\/wp\/v2\/product\/161641\/revisions\/200632"}],"wp:featuredmedia":[{"embeddable":true,"href":"https:\/\/staging.aldeco.pt\/pt-pt\/wp-json\/wp\/v2\/media\/177667"}],"wp:attachment":[{"href":"https:\/\/staging.aldeco.pt\/pt-pt\/wp-json\/wp\/v2\/media?parent=161641"}],"wp:term":[{"taxonomy":"product_brand","embeddable":true,"href":"https:\/\/staging.aldeco.pt\/pt-pt\/wp-json\/wp\/v2\/product_brand?post=161641"},{"taxonomy":"product_cat","embeddable":true,"href":"https:\/\/staging.aldeco.pt\/pt-pt\/wp-json\/wp\/v2\/product_cat?post=161641"},{"taxonomy":"product_tag","embeddable":true,"href":"https:\/\/staging.aldeco.pt\/pt-pt\/wp-json\/wp\/v2\/product_tag?post=161641"}],"curies":[{"name":"wp","href":"https:\/\/api.w.org\/{rel}","templated":true}]}}