{"id":161639,"date":"2024-05-09T19:21:20","date_gmt":"2024-05-09T19:21:20","guid":{"rendered":"https:\/\/aldeco.pt\/staging\/product\/amazink-velvet-2\/"},"modified":"2024-08-06T11:36:17","modified_gmt":"2024-08-06T11:36:17","slug":"amazink-velvet-2","status":"publish","type":"product","link":"https:\/\/staging.aldeco.pt\/pt-pt\/product\/amazink-velvet-2\/","title":{"rendered":"AMAZINK VELVET"},"content":{"rendered":"<p>Fabuloso veludo com impress\u00e3o digital, que representa a obra do pintor portugu\u00eas Amadeo de Souza-Cardoso. Este veludo tem o mesmo nome da cole\u00e7\u00e3o, j\u00e1 que \u00e9 o mais representativo de suas pinturas. O tecido \u00e9 apresentado em 3 cores preciosas: Porto Tawny, Porto Passion e Green Landscape.<\/p>\n","protected":false},"excerpt":{"rendered":"<p>Fabuloso veludo com impress\u00e3o digital, que representa a obra do pintor portugu\u00eas Amadeo de Souza-Cardoso. Este veludo tem o mesmo nome da cole\u00e7\u00e3o, j\u00e1 que \u00e9 o mais representativo de suas pinturas. O tecido \u00e9 apresentado em 3 cores preciosas: Porto Tawny, Porto Passion e Green Landscape.<\/p>\n<h2>Amazink Velvet \u00e9 um fabuloso veludo com impress\u00e3o digital, que representa a obra do pintor portugu\u00eas Amadeo de Souza-Cardoso. Este veludo tem o mesmo nome da cole\u00e7\u00e3o, j\u00e1 que \u00e9 o mais representativo de suas pinturas. O tecido \u00e9 apresentado em 3 cores preciosas: Porto Tawny, Porto Passion e Green Landscape.<\/h2>\n<p><img fetchpriority=\"high\" decoding=\"async\" class=\"alignnone wp-image-189712 size-medium\" src=\"https:\/\/aldeco.pt\/staging\/wp-content\/uploads\/2024\/03\/T190280001-300x212.jpg\" alt=\"Amazink Velvet - Aldeco\" width=\"300\" height=\"212\"><\/p>\n<p><a href=\"https:\/\/aldeco.pt\/staging\/product\/amazink-velvet\/?attribute_pa_aldeco-color=01-porto-tawny\">https:\/\/aldeco.pt\/staging\/product\/amazink-velvet\/?attribute_pa_aldeco-color=01-porto-tawny<\/a><\/p>\n<p><a href=\"https:\/\/www.instagram.com\/aldeco_interiorfabrics\/\">https:\/\/www.instagram.com\/aldeco_interiorfabrics\/<\/a><\/p>\n","protected":false},"featured_media":157805,"template":"","meta":[],"product_brand":[],"product_cat":[6145],"product_tag":[],"class_list":{"0":"post-161639","1":"product","2":"type-product","3":"status-publish","4":"has-post-thumbnail","6":"product_cat-aldeco-2-pt-pt-2","7":"pa_cleanability-8282","8":"pa_composition-ext-composicao-geral-55-vi-45-co","9":"pa_interior-fabrics-1-pt-pt","10":"pa_line-tecidos","11":"pa_lithfastness-4-6-pt-pt","12":"pa_outdoor-0-pt-pt","13":"pa_range-veludo","14":"pa_rapport-horizontal-35-pt-pt","15":"pa_rapport-vertical-41-pt-pt","18":"first","19":"instock","20":"purchasable","21":"product-type-variable"},"acf":[],"_links":{"self":[{"href":"https:\/\/staging.aldeco.pt\/pt-pt\/wp-json\/wp\/v2\/product\/161639","targetHints":{"allow":["GET"]}}],"collection":[{"href":"https:\/\/staging.aldeco.pt\/pt-pt\/wp-json\/wp\/v2\/product"}],"about":[{"href":"https:\/\/staging.aldeco.pt\/pt-pt\/wp-json\/wp\/v2\/types\/product"}],"version-history":[{"count":1,"href":"https:\/\/staging.aldeco.pt\/pt-pt\/wp-json\/wp\/v2\/product\/161639\/revisions"}],"predecessor-version":[{"id":191960,"href":"https:\/\/staging.aldeco.pt\/pt-pt\/wp-json\/wp\/v2\/product\/161639\/revisions\/191960"}],"wp:featuredmedia":[{"embeddable":true,"href":"https:\/\/staging.aldeco.pt\/pt-pt\/wp-json\/wp\/v2\/media\/157805"}],"wp:attachment":[{"href":"https:\/\/staging.aldeco.pt\/pt-pt\/wp-json\/wp\/v2\/media?parent=161639"}],"wp:term":[{"taxonomy":"product_brand","embeddable":true,"href":"https:\/\/staging.aldeco.pt\/pt-pt\/wp-json\/wp\/v2\/product_brand?post=161639"},{"taxonomy":"product_cat","embeddable":true,"href":"https:\/\/staging.aldeco.pt\/pt-pt\/wp-json\/wp\/v2\/product_cat?post=161639"},{"taxonomy":"product_tag","embeddable":true,"href":"https:\/\/staging.aldeco.pt\/pt-pt\/wp-json\/wp\/v2\/product_tag?post=161639"}],"curies":[{"name":"wp","href":"https:\/\/api.w.org\/{rel}","templated":true}]}}