{"id":161633,"date":"2024-05-09T19:20:18","date_gmt":"2024-05-09T19:20:18","guid":{"rendered":"https:\/\/aldeco.pt\/staging\/product\/aloha-2\/"},"modified":"2024-08-06T11:36:19","modified_gmt":"2024-08-06T11:36:19","slug":"aloha-2","status":"publish","type":"product","link":"https:\/\/staging.aldeco.pt\/pt-pt\/product\/aloha-2\/","title":{"rendered":"ALOHA"},"content":{"rendered":"<p>Tecido jacquard com desenho ex\u00f3tico e geom\u00e9trico, a partir do qual pretendemos fazer com que se sinta num ambiente tropical e descontra\u00eddo. Uma vez que possui 30% de fios de cupro, este tecido tem a eleg\u00e2ncia e reflexos \u00fanicos nas cores, semelhante a uma seda, contudo, a sua resist\u00eancia \u00e9 bastante superior.<br \/>\nH\u00e1 todo um mundo de energias positivas e vibra\u00e7\u00f5es tropicais nas 5 cores que lhe apresentamos.<br \/>\nCupro \u00e9 uma fibra de celulose regenerada que \u00e9 derivada das fibras de sedosas que aderem \u00e0s sementes da planta de algod\u00e3o. Essas fibras s\u00e3o depois sujeitas a um tratamento numa solu\u00e7\u00e3o de am\u00f4nia e \u00f3xido de cobre.<\/p>\n","protected":false},"excerpt":{"rendered":"<p>Tecido jacquard com desenho ex\u00f3tico e geom\u00e9trico, a partir do qual pretendemos fazer com que se sinta num ambiente tropical e descontra\u00eddo. Uma vez que possui 30% de fios de cupro, este tecido tem a eleg\u00e2ncia e reflexos \u00fanicos nas cores, semelhante a uma seda, contudo, a sua resist\u00eancia \u00e9 bastante superior.<br \/>\nH\u00e1 todo um mundo de energias positivas e vibra\u00e7\u00f5es tropicais nas 5 cores que lhe apresentamos.<br \/>\nCupro \u00e9 uma fibra de celulose regenerada que \u00e9 derivada das fibras de sedosas que aderem \u00e0s sementes da planta de algod\u00e3o. Essas fibras s\u00e3o depois sujeitas a um tratamento numa solu\u00e7\u00e3o de am\u00f4nia e \u00f3xido de cobre.<\/p>\n<h2>Aloha \u00e9 um tecido jacquard com desenho ex\u00f3tico e geom\u00e9trico, a partir do qual pretendemos fazer com que se sinta num ambiente tropical e descontra\u00eddo. Uma vez que possui 30% de fios de cupro, este tecido tem a eleg\u00e2ncia e reflexos \u00fanicos nas cores, semelhante a uma seda, contudo, a sua resist\u00eancia \u00e9 bastante superior.<\/h2>\n<p><img fetchpriority=\"high\" decoding=\"async\" class=\"alignnone wp-image-189691 size-medium\" src=\"https:\/\/aldeco.pt\/staging\/wp-content\/uploads\/2024\/03\/T019320001-300x240.jpg\" alt=\"Aloha - Aldeco\" width=\"300\" height=\"240\"><\/p>\n<p><a href=\"https:\/\/aldeco.pt\/staging\/product\/aloha\/?attribute_pa_aldeco-color=01-oyster-grey\">https:\/\/aldeco.pt\/staging\/product\/aloha\/?attribute_pa_aldeco-color=01-oyster-grey<\/a><\/p>\n<p><a href=\"https:\/\/www.instagram.com\/aldeco_interiorfabrics\/\">https:\/\/www.instagram.com\/aldeco_interiorfabrics\/<\/a><\/p>\n","protected":false},"featured_media":177661,"template":"","meta":[],"product_brand":[],"product_cat":[6145],"product_tag":[],"class_list":{"0":"post-161633","1":"product","2":"type-product","3":"status-publish","4":"has-post-thumbnail","6":"product_cat-aldeco-2-pt-pt-2","7":"pa_cleanability-8282","8":"pa_composition-ext-30-cu-26-li-32-vi-12-pl-pt-pt","9":"pa_interior-fabrics-1-pt-pt","10":"pa_line-tecidos","11":"pa_lithfastness-4-pt-pt","12":"pa_outdoor-0-pt-pt","13":"pa_range-jacquard-pt-pt","14":"pa_rapport-horizontal-15-8-pt-pt","15":"pa_rapport-vertical-33-pt-pt","18":"first","19":"instock","20":"purchasable","21":"product-type-variable"},"acf":[],"_links":{"self":[{"href":"https:\/\/staging.aldeco.pt\/pt-pt\/wp-json\/wp\/v2\/product\/161633","targetHints":{"allow":["GET"]}}],"collection":[{"href":"https:\/\/staging.aldeco.pt\/pt-pt\/wp-json\/wp\/v2\/product"}],"about":[{"href":"https:\/\/staging.aldeco.pt\/pt-pt\/wp-json\/wp\/v2\/types\/product"}],"version-history":[{"count":1,"href":"https:\/\/staging.aldeco.pt\/pt-pt\/wp-json\/wp\/v2\/product\/161633\/revisions"}],"predecessor-version":[{"id":191951,"href":"https:\/\/staging.aldeco.pt\/pt-pt\/wp-json\/wp\/v2\/product\/161633\/revisions\/191951"}],"wp:featuredmedia":[{"embeddable":true,"href":"https:\/\/staging.aldeco.pt\/pt-pt\/wp-json\/wp\/v2\/media\/177661"}],"wp:attachment":[{"href":"https:\/\/staging.aldeco.pt\/pt-pt\/wp-json\/wp\/v2\/media?parent=161633"}],"wp:term":[{"taxonomy":"product_brand","embeddable":true,"href":"https:\/\/staging.aldeco.pt\/pt-pt\/wp-json\/wp\/v2\/product_brand?post=161633"},{"taxonomy":"product_cat","embeddable":true,"href":"https:\/\/staging.aldeco.pt\/pt-pt\/wp-json\/wp\/v2\/product_cat?post=161633"},{"taxonomy":"product_tag","embeddable":true,"href":"https:\/\/staging.aldeco.pt\/pt-pt\/wp-json\/wp\/v2\/product_tag?post=161633"}],"curies":[{"name":"wp","href":"https:\/\/api.w.org\/{rel}","templated":true}]}}