{"id":161629,"date":"2024-05-09T19:19:13","date_gmt":"2024-05-09T19:19:13","guid":{"rendered":"https:\/\/aldeco.pt\/staging\/product\/allure-2\/"},"modified":"2024-08-06T11:36:21","modified_gmt":"2024-08-06T11:36:21","slug":"allure-2","status":"publish","type":"product","link":"https:\/\/staging.aldeco.pt\/pt-pt\/product\/allure-2\/","title":{"rendered":"ALLURE"},"content":{"rendered":"<p>Allure \u00e9 um tecido jacquard de fio tingido e com um toque extremamente suave. Inspirado no tweed cl\u00e1ssico com efeito boucl\u00e9, este magn\u00edfico tecido de estofo est\u00e1 dispon\u00edvel em 35 cores deslumbrantes. O efeito boucl\u00e9 \u00e9 conferido pelo fio de chenille texturado. O que torna este tecido t\u00e3o interessante, para al\u00e9m do seu aspecto fabuloso, \u00e9 o facto de ser lav\u00e1vel e as cores serem extremamente resistentes.<\/p>\n","protected":false},"excerpt":{"rendered":"<p>Allure \u00e9 um tecido jacquard de fio tingido e com um toque extremamente suave. Inspirado no tweed cl\u00e1ssico com efeito boucl\u00e9 , este magn\u00edfico tecido de estofo est\u00e1 dispon\u00edvel em 35 cores deslumbrantes. O efeito boucl\u00e9 \u00e9 conferido pelo fio de chenille texturado. O que torna este tecido t\u00e3o interessante, para al\u00e9m do seu aspecto fabuloso, \u00e9 o facto de ser lav\u00e1vel e as cores serem extremamente resistentes.<\/p>\n<h2>Allure \u00e9 um tecido jacquard de fio tingido e com um toque extremamente suave. Inspirado no tweed cl\u00e1ssico com efeito boucl\u00e9 , este magn\u00edfico tecido de estofo est\u00e1 dispon\u00edvel em 35 cores deslumbrantes. O efeito boucl\u00e9 \u00e9 conferido pelo fio de chenille texturado. O que torna este tecido t\u00e3o interessante, para al\u00e9m do seu aspecto fabuloso, \u00e9 o facto de ser lav\u00e1vel e as cores serem extremamente resistentes.<\/h2>\n<p><img fetchpriority=\"high\" decoding=\"async\" class=\"alignnone wp-image-189614 size-medium\" src=\"https:\/\/aldeco.pt\/staging\/wp-content\/uploads\/2024\/01\/T192040001-3-300x225.jpg\" alt=\"Allure - Aldeco\" width=\"300\" height=\"225\"><\/p>\n<p><a href=\"https:\/\/www.instagram.com\/aldeco_interiorfabrics\/\">https:\/\/www.instagram.com\/aldeco_interiorfabrics\/<\/a><\/p>\n<p><a href=\"https:\/\/aldeco.pt\/staging\/product\/allure\/?attribute_pa_aldeco-color=01-iceberg-white\">https:\/\/aldeco.pt\/staging\/product\/allure\/?attribute_pa_aldeco-color=01-iceberg-white<\/a><\/p>\n","protected":false},"featured_media":157792,"template":"","meta":[],"product_brand":[],"product_cat":[6145],"product_tag":[],"class_list":{"0":"post-161629","1":"product","2":"type-product","3":"status-publish","4":"has-post-thumbnail","6":"product_cat-aldeco-2-pt-pt-2","7":"pa_cleanability-8282","8":"pa_composition-ext-73-vi-27-pl-pt-pt","9":"pa_interior-fabrics-1-pt-pt","10":"pa_line-tecidos","11":"pa_lithfastness-4-5-pt-pt","12":"pa_outdoor-0-pt-pt","13":"pa_range-chenile","14":"pa_range-jacquard-pt-pt","15":"pa_rapport-vertical-11009","18":"first","19":"instock","20":"purchasable","21":"product-type-variable"},"acf":[],"_links":{"self":[{"href":"https:\/\/staging.aldeco.pt\/pt-pt\/wp-json\/wp\/v2\/product\/161629","targetHints":{"allow":["GET"]}}],"collection":[{"href":"https:\/\/staging.aldeco.pt\/pt-pt\/wp-json\/wp\/v2\/product"}],"about":[{"href":"https:\/\/staging.aldeco.pt\/pt-pt\/wp-json\/wp\/v2\/types\/product"}],"version-history":[{"count":2,"href":"https:\/\/staging.aldeco.pt\/pt-pt\/wp-json\/wp\/v2\/product\/161629\/revisions"}],"predecessor-version":[{"id":192071,"href":"https:\/\/staging.aldeco.pt\/pt-pt\/wp-json\/wp\/v2\/product\/161629\/revisions\/192071"}],"wp:featuredmedia":[{"embeddable":true,"href":"https:\/\/staging.aldeco.pt\/pt-pt\/wp-json\/wp\/v2\/media\/157792"}],"wp:attachment":[{"href":"https:\/\/staging.aldeco.pt\/pt-pt\/wp-json\/wp\/v2\/media?parent=161629"}],"wp:term":[{"taxonomy":"product_brand","embeddable":true,"href":"https:\/\/staging.aldeco.pt\/pt-pt\/wp-json\/wp\/v2\/product_brand?post=161629"},{"taxonomy":"product_cat","embeddable":true,"href":"https:\/\/staging.aldeco.pt\/pt-pt\/wp-json\/wp\/v2\/product_cat?post=161629"},{"taxonomy":"product_tag","embeddable":true,"href":"https:\/\/staging.aldeco.pt\/pt-pt\/wp-json\/wp\/v2\/product_tag?post=161629"}],"curies":[{"name":"wp","href":"https:\/\/api.w.org\/{rel}","templated":true}]}}