{"id":161627,"date":"2024-05-09T19:19:03","date_gmt":"2024-05-09T19:19:03","guid":{"rendered":"https:\/\/aldeco.pt\/staging\/product\/albers-2\/"},"modified":"2024-08-06T11:36:21","modified_gmt":"2024-08-06T11:36:21","slug":"albers-2","status":"publish","type":"product","link":"https:\/\/staging.aldeco.pt\/pt-pt\/product\/albers-2\/","title":{"rendered":"ALBERS"},"content":{"rendered":"<p>Jacquard com tratamento suavizante. Este padr\u00e3o geom\u00e9trico foi inspirado em Anni Albers com formas geom\u00e9tricas desencontradas, originando um padr\u00e3o e muito din\u00e2mico.<\/p>\n","protected":false},"excerpt":{"rendered":"<p>Jacquard com tratamento suavizante. Este padr\u00e3o geom\u00e9trico foi inspirado em Anni Albers com formas geom\u00e9tricas desencontradas, originando um padr\u00e3o e muito din\u00e2mico.<\/p>\n<h2>Albers. Jacquard com tratamento suavizante. Este padr\u00e3o geom\u00e9trico foi inspirado em Anni Albers com formas geom\u00e9tricas desencontradas, originando um padr\u00e3o e muito din\u00e2mico.<\/h2>\n<p><img fetchpriority=\"high\" decoding=\"async\" class=\"alignnone wp-image-189587 size-medium\" src=\"https:\/\/aldeco.pt\/staging\/wp-content\/uploads\/2024\/03\/T191780001-300x225.jpg\" alt=\"Albers - Aldeco\" width=\"300\" height=\"225\"><\/p>\n<p><a href=\"https:\/\/www.instagram.com\/aldeco_interiorfabrics\/\">https:\/\/www.instagram.com\/aldeco_interiorfabrics\/<\/a><\/p>\n<p><a href=\"https:\/\/aldeco.pt\/staging\/product\/albers\/?attribute_pa_aldeco-color=01-silver-gray\">https:\/\/aldeco.pt\/staging\/product\/albers\/?attribute_pa_aldeco-color=01-silver-gray<\/a><\/p>\n<p>&nbsp;<\/p>\n","protected":false},"featured_media":154759,"template":"","meta":[],"product_brand":[],"product_cat":[6145],"product_tag":[],"class_list":{"0":"post-161627","1":"product","2":"type-product","3":"status-publish","4":"has-post-thumbnail","6":"product_cat-aldeco-2-pt-pt-2","7":"pa_cleanability-8282","8":"pa_composition-ext-50-co-17-vi-33-pl-pt-pt","9":"pa_interior-fabrics-1-pt-pt","10":"pa_line-tecidos","11":"pa_lithfastness-4-pt-pt","12":"pa_outdoor-0-pt-pt","13":"pa_range-jacquard-pt-pt","14":"pa_rapport-horizontal-65-5-pt-pt","15":"pa_rapport-vertical-78-5-pt-pt","18":"first","19":"instock","20":"purchasable","21":"product-type-variable"},"acf":[],"_links":{"self":[{"href":"https:\/\/staging.aldeco.pt\/pt-pt\/wp-json\/wp\/v2\/product\/161627","targetHints":{"allow":["GET"]}}],"collection":[{"href":"https:\/\/staging.aldeco.pt\/pt-pt\/wp-json\/wp\/v2\/product"}],"about":[{"href":"https:\/\/staging.aldeco.pt\/pt-pt\/wp-json\/wp\/v2\/types\/product"}],"version-history":[{"count":1,"href":"https:\/\/staging.aldeco.pt\/pt-pt\/wp-json\/wp\/v2\/product\/161627\/revisions"}],"predecessor-version":[{"id":191939,"href":"https:\/\/staging.aldeco.pt\/pt-pt\/wp-json\/wp\/v2\/product\/161627\/revisions\/191939"}],"wp:featuredmedia":[{"embeddable":true,"href":"https:\/\/staging.aldeco.pt\/pt-pt\/wp-json\/wp\/v2\/media\/154759"}],"wp:attachment":[{"href":"https:\/\/staging.aldeco.pt\/pt-pt\/wp-json\/wp\/v2\/media?parent=161627"}],"wp:term":[{"taxonomy":"product_brand","embeddable":true,"href":"https:\/\/staging.aldeco.pt\/pt-pt\/wp-json\/wp\/v2\/product_brand?post=161627"},{"taxonomy":"product_cat","embeddable":true,"href":"https:\/\/staging.aldeco.pt\/pt-pt\/wp-json\/wp\/v2\/product_cat?post=161627"},{"taxonomy":"product_tag","embeddable":true,"href":"https:\/\/staging.aldeco.pt\/pt-pt\/wp-json\/wp\/v2\/product_tag?post=161627"}],"curies":[{"name":"wp","href":"https:\/\/api.w.org\/{rel}","templated":true}]}}