{"id":161625,"date":"2024-05-09T19:17:47","date_gmt":"2024-05-09T19:17:47","guid":{"rendered":"https:\/\/aldeco.pt\/staging\/product\/air-2\/"},"modified":"2024-09-27T15:37:14","modified_gmt":"2024-09-27T15:37:14","slug":"air-2","status":"publish","type":"product","link":"https:\/\/staging.aldeco.pt\/pt-pt\/product\/air-2\/","title":{"rendered":"AIR"},"content":{"rendered":"<p>AIR \u00e9 um tecido suave, apresentando uma constru\u00e7\u00e3o de aspecto natural com certifica\u00e7\u00e3o OEKO-TEX tendo sido testado para subst\u00e2ncias nocivas e que o tecido \u00e9 portanto, inofensivo para a sa\u00fade humana. Air \u00e9 uma escolha elegante para cortinas e est\u00e1 dispon\u00edvel em 27 cores.<\/p>\n","protected":false},"excerpt":{"rendered":"<p>AIR \u00e9 um tecido suave, apresentando uma constru\u00e7\u00e3o de aspecto natural com certifica\u00e7\u00e3o OEKO-TEX tendo sido testado para subst\u00e2ncias nocivas e que o tecido \u00e9 portanto, inofensivo para a sa\u00fade humana. Air \u00e9 uma escolha elegante para cortinas e est\u00e1 dispon\u00edvel em 27 cores.<\/p>\n<h2>AIR \u00e9 um tecido suave, apresentando uma constru\u00e7\u00e3o de aspecto natural com certifica\u00e7\u00e3o OEKO-TEX tendo sido testado para subst\u00e2ncias nocivas e que o tecido \u00e9 portanto, inofensivo para a sa\u00fade humana. Air \u00e9 uma escolha elegante para cortinas e est\u00e1 dispon\u00edvel em 27 cores.<\/h2>\n<p><img fetchpriority=\"high\" decoding=\"async\" class=\"alignnone wp-image-189527 size-medium\" src=\"https:\/\/aldeco.pt\/staging\/wp-content\/uploads\/2024\/01\/T192090001-3-300x300.jpg\" alt=\"Air - Aldeco\" width=\"300\" height=\"300\" \/><\/p>\n<p><a href=\"https:\/\/aldeco.pt\/staging\/product\/air\/?attribute_pa_colour=gray&amp;attribute_pa_aldeco-color=01-charcoal\">https:\/\/aldeco.pt\/staging\/product\/air\/?attribute_pa_colour=grayattribute_pa_aldeco-color=01-charcoal<\/a><a href=\"https:\/\/www.instagram.com\/aldeco_interiorfabrics\/\">https:\/\/www.instagram.com\/aldeco_interiorfabrics\/<\/a><\/p>\n<p>&nbsp;<\/p>\n","protected":false},"featured_media":157736,"template":"","meta":[],"product_brand":[],"product_cat":[6153],"product_tag":[],"class_list":{"0":"post-161625","1":"product","2":"type-product","3":"status-publish","4":"has-post-thumbnail","6":"product_cat-aldeco-smarter-pt-pt","7":"pa_cleanability-8282","8":"pa_composition-ext-69-pl-31-li-pt-pt","9":"pa_interior-fabrics-1-pt-pt","10":"pa_line-tecidos","11":"pa_lithfastness-6-pt-pt","12":"pa_outdoor-0-pt-pt","13":"pa_range-liso","14":"pa_range-tinto-em-peca","15":"pa_range-transparente","16":"pa_rapport-vertical-11009","17":"pa_sustainable-fabrics-1-pt-pt","20":"first","21":"instock","22":"purchasable","23":"product-type-variable"},"acf":[],"_links":{"self":[{"href":"https:\/\/staging.aldeco.pt\/pt-pt\/wp-json\/wp\/v2\/product\/161625","targetHints":{"allow":["GET"]}}],"collection":[{"href":"https:\/\/staging.aldeco.pt\/pt-pt\/wp-json\/wp\/v2\/product"}],"about":[{"href":"https:\/\/staging.aldeco.pt\/pt-pt\/wp-json\/wp\/v2\/types\/product"}],"version-history":[{"count":3,"href":"https:\/\/staging.aldeco.pt\/pt-pt\/wp-json\/wp\/v2\/product\/161625\/revisions"}],"predecessor-version":[{"id":200866,"href":"https:\/\/staging.aldeco.pt\/pt-pt\/wp-json\/wp\/v2\/product\/161625\/revisions\/200866"}],"wp:featuredmedia":[{"embeddable":true,"href":"https:\/\/staging.aldeco.pt\/pt-pt\/wp-json\/wp\/v2\/media\/157736"}],"wp:attachment":[{"href":"https:\/\/staging.aldeco.pt\/pt-pt\/wp-json\/wp\/v2\/media?parent=161625"}],"wp:term":[{"taxonomy":"product_brand","embeddable":true,"href":"https:\/\/staging.aldeco.pt\/pt-pt\/wp-json\/wp\/v2\/product_brand?post=161625"},{"taxonomy":"product_cat","embeddable":true,"href":"https:\/\/staging.aldeco.pt\/pt-pt\/wp-json\/wp\/v2\/product_cat?post=161625"},{"taxonomy":"product_tag","embeddable":true,"href":"https:\/\/staging.aldeco.pt\/pt-pt\/wp-json\/wp\/v2\/product_tag?post=161625"}],"curies":[{"name":"wp","href":"https:\/\/api.w.org\/{rel}","templated":true}]}}