{"id":161621,"date":"2024-05-09T19:17:07","date_gmt":"2024-05-09T19:17:07","guid":{"rendered":"https:\/\/aldeco.pt\/staging\/product\/actress-2\/"},"modified":"2024-11-07T17:07:31","modified_gmt":"2024-11-07T17:07:31","slug":"actress-2","status":"publish","type":"product","link":"https:\/\/staging.aldeco.pt\/pt-pt\/product\/actress-2\/","title":{"rendered":"ACTRESS"},"content":{"rendered":"<p>Tecido jacquard de cortina com 300 cm. Este tecido ligeiramente transparente com um desenho ondulante extremamente din\u00e2mico \u00e9 ideal para cortinas e est\u00e1 dispon\u00edvel em 7 cores.<\/p>\n","protected":false},"excerpt":{"rendered":"<p>Tecido jacquard de cortina com 300 cm. Este tecido ligeiramente transparente com um desenho ondulante extremamente din\u00e2mico \u00e9 ideal para cortinas e est\u00e1 dispon\u00edvel em 7 cores.<\/p>\n<h2>Actress \u00e9 um tecido jacquard de cortina com 300 cm. Este tecido ligeiramente transparente com um desenho ondulante extremamente din\u00e2mico \u00e9 ideal para cortinas e est\u00e1 dispon\u00edvel em 7 cores.<\/h2>\n<p><img fetchpriority=\"high\" decoding=\"async\" class=\"alignnone wp-image-81050 size-medium\" src=\"https:\/\/aldeco.pt\/staging\/wp-content\/uploads\/2024\/01\/T017830006-300x280.jpg\" alt=\"Actress - Aldeco\" width=\"300\" height=\"280\"><\/p>\n<p><a href=\"https:\/\/aldeco.pt\/staging\/product\/actress\/?attribute_pa_aldeco-color=1-glaciar-gray\">https:\/\/aldeco.pt\/staging\/product\/actress\/?attribute_pa_aldeco-color=1-glaciar-gray<\/a><\/p>\n<p><a href=\"https:\/\/www.instagram.com\/aldeco_interiorfabrics\/\">https:\/\/www.instagram.com\/aldeco_interiorfabrics\/<\/a><\/p>\n","protected":false},"featured_media":151965,"template":"","meta":[],"product_brand":[],"product_cat":[6145],"product_tag":[],"class_list":{"0":"post-161621","1":"product","2":"type-product","3":"status-publish","4":"has-post-thumbnail","6":"product_cat-aldeco-2-pt-pt-2","7":"pa_cleanability-8282","8":"pa_composition-ext-76-pl-24-acr-pt-pt","9":"pa_interior-fabrics-1-pt-pt","10":"pa_line-tecidos","11":"pa_lithfastness-4-5-pt-pt","12":"pa_outdoor-0-pt-pt","13":"pa_range-jacquard-pt-pt","14":"pa_range-transparente","15":"pa_rapport-horizontal-59-pt-pt","16":"pa_rapport-vertical-11009","19":"first","20":"instock","21":"purchasable","22":"product-type-variable"},"acf":[],"_links":{"self":[{"href":"https:\/\/staging.aldeco.pt\/pt-pt\/wp-json\/wp\/v2\/product\/161621","targetHints":{"allow":["GET"]}}],"collection":[{"href":"https:\/\/staging.aldeco.pt\/pt-pt\/wp-json\/wp\/v2\/product"}],"about":[{"href":"https:\/\/staging.aldeco.pt\/pt-pt\/wp-json\/wp\/v2\/types\/product"}],"version-history":[{"count":4,"href":"https:\/\/staging.aldeco.pt\/pt-pt\/wp-json\/wp\/v2\/product\/161621\/revisions"}],"predecessor-version":[{"id":208123,"href":"https:\/\/staging.aldeco.pt\/pt-pt\/wp-json\/wp\/v2\/product\/161621\/revisions\/208123"}],"wp:featuredmedia":[{"embeddable":true,"href":"https:\/\/staging.aldeco.pt\/pt-pt\/wp-json\/wp\/v2\/media\/151965"}],"wp:attachment":[{"href":"https:\/\/staging.aldeco.pt\/pt-pt\/wp-json\/wp\/v2\/media?parent=161621"}],"wp:term":[{"taxonomy":"product_brand","embeddable":true,"href":"https:\/\/staging.aldeco.pt\/pt-pt\/wp-json\/wp\/v2\/product_brand?post=161621"},{"taxonomy":"product_cat","embeddable":true,"href":"https:\/\/staging.aldeco.pt\/pt-pt\/wp-json\/wp\/v2\/product_cat?post=161621"},{"taxonomy":"product_tag","embeddable":true,"href":"https:\/\/staging.aldeco.pt\/pt-pt\/wp-json\/wp\/v2\/product_tag?post=161621"}],"curies":[{"name":"wp","href":"https:\/\/api.w.org\/{rel}","templated":true}]}}