{"id":161619,"date":"2024-05-09T19:16:54","date_gmt":"2024-05-09T19:16:54","guid":{"rendered":"https:\/\/aldeco.pt\/staging\/product\/activator-double-face-fr-2\/"},"modified":"2024-09-13T11:23:01","modified_gmt":"2024-09-13T11:23:01","slug":"activator-double-face-fr-2","status":"publish","type":"product","link":"https:\/\/staging.aldeco.pt\/pt-pt\/product\/activator-double-face-fr-2\/","title":{"rendered":"ACTIVATOR DOUBLE FACE FR"},"content":{"rendered":"<p>Tecido efeito panam\u00e1 de Dupla Face e largo, de um lado efeito mate, do outro possui um brilho discreto conferido pelo tratamento de Calandra (chintz muito ligeiro). Este tecido de cortina com certifica\u00e7\u00e3o retardante de chama encontra-se dispon\u00edvel em 9 cores.<\/p>\n","protected":false},"excerpt":{"rendered":"<p>Tecido efeito panam\u00e1 de Dupla Face e largo, de um lado efeito mate, do outro possui um brilho discreto conferido pelo tratamento de Calandra (chintz muito ligeiro). Este tecido de cortina com certifica\u00e7\u00e3o retardante de chama encontra-se dispon\u00edvel em 9 cores. <\/p>\n<h2>Activator Double Face FR. Tecido efeito panam\u00e1 de Dupla Face e largo, de um lado efeito mate, do outro possui um brilho discreto conferido pelo tratamento de Calandra (chintz muito ligeiro). Este tecido de cortina com certifica\u00e7\u00e3o retardante de chama encontra-se dispon\u00edvel em 9 cores.<\/h2>\n<p><img fetchpriority=\"high\" decoding=\"async\" class=\"alignnone wp-image-189430 size-medium\" src=\"https:\/\/aldeco.pt\/staging\/wp-content\/uploads\/2024\/01\/T191220001-5-300x212.jpg\" alt=\"Activator Double Face FR - Aldeco\" width=\"300\" height=\"212\"><\/p>\n<p><a href=\"https:\/\/www.instagram.com\/aldeco_interiorfabrics\/\">https:\/\/www.instagram.com\/aldeco_interiorfabrics\/<\/a><a href=\"https:\/\/aldeco.pt\/staging\/product\/activator-double-face-fr\/?attribute_pa_aldeco-color=01-natural-white\">https:\/\/aldeco.pt\/staging\/product\/activator-double-face-fr\/?attribute_pa_aldeco-color=01-natural-white<\/a><\/p>\n","protected":false},"featured_media":157730,"template":"","meta":[],"product_brand":[],"product_cat":[6145],"product_tag":[],"class_list":{"0":"post-161619","1":"product","2":"type-product","3":"status-publish","4":"has-post-thumbnail","6":"product_cat-aldeco-2-pt-pt-2","7":"pa_cleanability-8282","8":"pa_composition-ext-100-pl-fr-pt-pt","9":"pa_contract-fabrics-1-pt-pt","10":"pa_interior-fabrics-1-pt-pt","11":"pa_line-tecidos","12":"pa_lithfastness-5-pt-pt","13":"pa_outdoor-0-pt-pt","14":"pa_range-liso","15":"pa_rapport-vertical-11009","16":"pa_special-treatments-fabrics-1-pt-pt","19":"first","20":"instock","21":"purchasable","22":"product-type-variable"},"acf":[],"_links":{"self":[{"href":"https:\/\/staging.aldeco.pt\/pt-pt\/wp-json\/wp\/v2\/product\/161619","targetHints":{"allow":["GET"]}}],"collection":[{"href":"https:\/\/staging.aldeco.pt\/pt-pt\/wp-json\/wp\/v2\/product"}],"about":[{"href":"https:\/\/staging.aldeco.pt\/pt-pt\/wp-json\/wp\/v2\/types\/product"}],"version-history":[{"count":2,"href":"https:\/\/staging.aldeco.pt\/pt-pt\/wp-json\/wp\/v2\/product\/161619\/revisions"}],"predecessor-version":[{"id":200583,"href":"https:\/\/staging.aldeco.pt\/pt-pt\/wp-json\/wp\/v2\/product\/161619\/revisions\/200583"}],"wp:featuredmedia":[{"embeddable":true,"href":"https:\/\/staging.aldeco.pt\/pt-pt\/wp-json\/wp\/v2\/media\/157730"}],"wp:attachment":[{"href":"https:\/\/staging.aldeco.pt\/pt-pt\/wp-json\/wp\/v2\/media?parent=161619"}],"wp:term":[{"taxonomy":"product_brand","embeddable":true,"href":"https:\/\/staging.aldeco.pt\/pt-pt\/wp-json\/wp\/v2\/product_brand?post=161619"},{"taxonomy":"product_cat","embeddable":true,"href":"https:\/\/staging.aldeco.pt\/pt-pt\/wp-json\/wp\/v2\/product_cat?post=161619"},{"taxonomy":"product_tag","embeddable":true,"href":"https:\/\/staging.aldeco.pt\/pt-pt\/wp-json\/wp\/v2\/product_tag?post=161619"}],"curies":[{"name":"wp","href":"https:\/\/api.w.org\/{rel}","templated":true}]}}