{"id":161617,"date":"2024-05-12T19:38:59","date_gmt":"2024-05-12T19:38:59","guid":{"rendered":"https:\/\/aldeco.pt\/staging\/product\/abstract-3\/"},"modified":"2024-08-06T11:15:34","modified_gmt":"2024-08-06T11:15:34","slug":"abstract-3","status":"publish","type":"product","link":"https:\/\/staging.aldeco.pt\/pt-pt\/product\/abstract-3\/","title":{"rendered":"ABSTRACT"},"content":{"rendered":"<p>Inspirado no movimento art\u00edstico do expressionismo abstracto e na obra de Pollock surgiu este tecido de linho bordado. Este tecido com salpicos coloridos bordados abstratos resulta num efeito de risca pela mancha de cores criada. Ideal para estofo ligeiro e decora\u00e7\u00e3o est\u00e1 dispon\u00edvel em 3 cores.<\/p>\n","protected":false},"excerpt":{"rendered":"<p>Inspirado no movimento art\u00edstico do expressionismo abstracto e na obra de Pollock surgiu este tecido de linho bordado. Este tecido com salpicos coloridos bordados abstratos resulta num efeito de risca pela mancha de cores criada. Ideal para estofo ligeiro e decora\u00e7\u00e3o est\u00e1 dispon\u00edvel em 3 cores.<\/p>\n<h2>Abstract, inspirado no movimento art\u00edstico do expressionismo abstracto e na obra de Pollock surgiu este tecido de linho bordado.<\/h2>\n<p><img fetchpriority=\"high\" decoding=\"async\" class=\"alignnone wp-image-69600 size-medium\" src=\"https:\/\/aldeco.pt\/staging\/wp-content\/uploads\/2024\/01\/T018400003-1-300x225.jpg\" alt=\"Abstract - Aldeco\" width=\"300\" height=\"225\" \/><\/p>\n<p><a href=\"https:\/\/aldeco.pt\/staging\/product\/abstract-2\/?attribute_pa_aldeco-color=1-brushed-black-white\">https:\/\/aldeco.pt\/staging\/product\/abstract-2\/?attribute_pa_aldeco-color=1-brushed-black-white<\/a><\/p>\n<p><a href=\"https:\/\/www.instagram.com\/aldeco_interiorfabrics\/\">https:\/\/www.instagram.com\/aldeco_interiorfabrics\/<\/a><\/p>\n","protected":false},"featured_media":154693,"template":"","meta":[],"product_brand":[],"product_cat":[6145],"product_tag":[],"class_list":{"0":"post-161617","1":"product","2":"type-product","3":"status-publish","4":"has-post-thumbnail","6":"product_cat-aldeco-2-pt-pt-2","7":"pa_cleanability-8282","8":"pa_composition-ext-bordado-100-vi-base-100-li","9":"pa_interior-fabrics-1-pt-pt","10":"pa_line-oportunidades","11":"pa_line-tecidos","12":"pa_lithfastness-9680","13":"pa_outdoor-0-pt-pt","14":"pa_range-bordado","15":"pa_rapport-horizontal-66-pt-pt","16":"pa_rapport-vertical-33-3-pt-pt","19":"first","20":"instock","21":"purchasable","22":"product-type-variable"},"acf":[],"_links":{"self":[{"href":"https:\/\/staging.aldeco.pt\/pt-pt\/wp-json\/wp\/v2\/product\/161617","targetHints":{"allow":["GET"]}}],"collection":[{"href":"https:\/\/staging.aldeco.pt\/pt-pt\/wp-json\/wp\/v2\/product"}],"about":[{"href":"https:\/\/staging.aldeco.pt\/pt-pt\/wp-json\/wp\/v2\/types\/product"}],"version-history":[{"count":4,"href":"https:\/\/staging.aldeco.pt\/pt-pt\/wp-json\/wp\/v2\/product\/161617\/revisions"}],"predecessor-version":[{"id":193704,"href":"https:\/\/staging.aldeco.pt\/pt-pt\/wp-json\/wp\/v2\/product\/161617\/revisions\/193704"}],"wp:featuredmedia":[{"embeddable":true,"href":"https:\/\/staging.aldeco.pt\/pt-pt\/wp-json\/wp\/v2\/media\/154693"}],"wp:attachment":[{"href":"https:\/\/staging.aldeco.pt\/pt-pt\/wp-json\/wp\/v2\/media?parent=161617"}],"wp:term":[{"taxonomy":"product_brand","embeddable":true,"href":"https:\/\/staging.aldeco.pt\/pt-pt\/wp-json\/wp\/v2\/product_brand?post=161617"},{"taxonomy":"product_cat","embeddable":true,"href":"https:\/\/staging.aldeco.pt\/pt-pt\/wp-json\/wp\/v2\/product_cat?post=161617"},{"taxonomy":"product_tag","embeddable":true,"href":"https:\/\/staging.aldeco.pt\/pt-pt\/wp-json\/wp\/v2\/product_tag?post=161617"}],"curies":[{"name":"wp","href":"https:\/\/api.w.org\/{rel}","templated":true}]}}