{"id":182113,"date":"2023-06-16T10:46:21","date_gmt":"2023-06-16T10:46:21","guid":{"rendered":"https:\/\/aldeco.pt\/staging\/sobre-nos\/"},"modified":"2024-09-20T09:35:35","modified_gmt":"2024-09-20T09:35:35","slug":"sobre-nos","status":"publish","type":"page","link":"https:\/\/staging.aldeco.pt\/pt-pt\/sobre-nos\/","title":{"rendered":"Sobre n\u00f3s"},"content":{"rendered":"\t\t<div data-elementor-type=\"wp-page\" data-elementor-id=\"182113\" class=\"elementor elementor-182113 elementor-44017\" data-elementor-post-type=\"page\">\n\t\t\t\t<div class=\"has_eae_slider elementor-element elementor-element-124e23a e-flex e-con-boxed e-con e-parent\" data-eae-slider=\"14983\" data-particle_enable=\"false\" data-particle-mobile-disabled=\"false\" data-id=\"124e23a\" data-element_type=\"container\" data-e-type=\"container\">\n\t\t\t\t\t<div class=\"e-con-inner\">\n\t\t\t\t<div class=\"elementor-element elementor-element-249549a elementor-widget elementor-widget-heading\" data-id=\"249549a\" data-element_type=\"widget\" data-e-type=\"widget\" data-widget_type=\"heading.default\">\n\t\t\t\t<div class=\"elementor-widget-container\">\n\t\t\t\t\t<h3 class=\"elementor-heading-title elementor-size-default\">SOBRE A ALDECO<\/h3>\t\t\t\t<\/div>\n\t\t\t\t<\/div>\n\t\t\t\t<div class=\"elementor-element elementor-element-ad4bc14 elementor-widget elementor-widget-text-editor\" data-id=\"ad4bc14\" data-element_type=\"widget\" data-e-type=\"widget\" data-widget_type=\"text-editor.default\">\n\t\t\t\t<div class=\"elementor-widget-container\">\n\t\t\t\t\t\t\t\t\t<p>A Aldeco Interior Fabrics, \u00e9 uma marca t\u00eaxtil portuguesa. Somos editores e especialistas t\u00eaxteis, criamos e oferecemos uma variedade de tecidos para os v\u00e1rios segmentos de mercado da decora\u00e7\u00e3o e arquitectura de interiores, para a \u00e1rea da Casa \/ Residencial, Contract \/ Hotelaria, Bares, Restaurantes, Espa\u00e7os P\u00fablicos, Sa\u00fade \/ Hospitais \/ Geriatria, Outdoor (exterior) e N\u00e1utica.<\/p>\n<p>As nossas cole\u00e7\u00f5es distinguem-se pela originalidade dos seus conceitos, muitas vezes inspiradas no patrim\u00f3nio e na cultura mundial. As nossas cole\u00e7\u00f5es s\u00e3o desenvolvidas pelo nosso departamento de design com paix\u00e3o e inova\u00e7\u00e3o e sempre em sintonia com as tend\u00eancias da moda.<\/p>\n<p>Criamos conceitos irreverentes atrav\u00e9s de tecidos originais, que obedecem a um padr\u00e3o muito exigente no que respeita ao design versus qualidade, como as caracter\u00edsticas t\u00e9cnicas dos tecidos para estofos e cortinas, tais como blackouts, tecidos retardantes de fogo nas suas respectivas normas mundiais de certifica\u00e7\u00e3o, tecidos inteligentes de f\u00e1cil limpeza (anti-n\u00f3doas) repelentes \u00e0 \u00e1gua, ac\u00fasticos, de grande resist\u00eancia ao uso (abras\u00e3o) e ao sol.<\/p>\n<p>Somos uma marca para o Mundo, com Distribui\u00e7\u00e3o internacional em mais de 60 pa\u00edses, temos Showrooms exclusivos em Madrid, Porto, Lisboa e Vilamoura no Algarve. Aldeco \u00e9 uma empresa certificada de acordo com a EN ISO 9001:2015 e sua principal miss\u00e3o \u00e9 criar tecidos de excel\u00eancia e fornecer o melhor servi\u00e7o aos seus clientes para garantir a sua completa satisfa\u00e7\u00e3o. Valorizamos todos os nossos recursos humanos igualmente, pois s\u00e3o parte integrante do nosso sucesso cont\u00ednuo. Nosso objetivo \u00e9 crescer e prevalecer com sucesso, ser global sem esquecer nossa identidade e profissionalismo que nos torna \u00fanicos.<\/p>\n\t\t\t\t\t\t\t\t<\/div>\n\t\t\t\t<\/div>\n\t\t\t\t<div class=\"elementor-element elementor-element-830e82b elementor-widget elementor-widget-video\" data-id=\"830e82b\" data-element_type=\"widget\" data-e-type=\"widget\" data-settings=\"{&quot;video_type&quot;:&quot;hosted&quot;,&quot;controls&quot;:&quot;yes&quot;}\" data-widget_type=\"video.default\">\n\t\t\t\t<div class=\"elementor-widget-container\">\n\t\t\t\t\t\t\t<div class=\"e-hosted-video elementor-wrapper elementor-open-inline\">\n\t\t\t\t\t<video class=\"elementor-video\" src=\"https:\/\/staging.aldeco.pt\/wp-content\/uploads\/2023\/06\/Versao-final-video-website.mp4\" controls=\"\" preload=\"metadata\" controlsList=\"nodownload\"><\/video>\n\t\t\t\t<\/div>\n\t\t\t\t\t\t<\/div>\n\t\t\t\t<\/div>\n\t\t\t\t<div class=\"elementor-element elementor-element-7deccf7 elementor-hidden-desktop elementor-hidden-tablet elementor-hidden-mobile elementor-widget elementor-widget-image\" data-id=\"7deccf7\" data-element_type=\"widget\" data-e-type=\"widget\" data-widget_type=\"image.default\">\n\t\t\t\t<div class=\"elementor-widget-container\">\n\t\t\t\t\t\t\t\t\t\t\t\t\t\t\t<img fetchpriority=\"high\" decoding=\"async\" width=\"1440\" height=\"804\" src=\"https:\/\/staging.aldeco.pt\/wp-content\/uploads\/2023\/06\/aldeco_tecidos-1440x804.png\" class=\"attachment-mafoil-full-width size-mafoil-full-width wp-image-47400\" alt=\"\" \/>\t\t\t\t\t\t\t\t\t\t\t\t\t\t\t<\/div>\n\t\t\t\t<\/div>\n\t\t\t\t\t<\/div>\n\t\t\t\t<\/div>\n\t\t<div class=\"has_eae_slider elementor-element elementor-element-de6a2f6 e-flex e-con-boxed e-con e-parent\" data-eae-slider=\"92862\" data-particle_enable=\"false\" data-particle-mobile-disabled=\"false\" data-id=\"de6a2f6\" data-element_type=\"container\" data-e-type=\"container\">\n\t\t\t\t\t<div class=\"e-con-inner\">\n\t\t\t\t<div class=\"elementor-element elementor-element-7687111 elementor-widget elementor-widget-text-editor\" data-id=\"7687111\" data-element_type=\"widget\" data-e-type=\"widget\" data-widget_type=\"text-editor.default\">\n\t\t\t\t<div class=\"elementor-widget-container\">\n\t\t\t\t\t\t\t\t\t<p>Os nossos pontos fortes:<\/p>\n<p>Podemos afirmar com orgulho que somos uma refer\u00eancia em tecidos de design de interiores para projetos de raiz, remodela\u00e7\u00f5es e projetos de decora\u00e7\u00e3o. Os nossos t\u00eaxteis t\u00eam in\u00fameras aplica\u00e7\u00f5es, seja em cortinas, sof\u00e1s estofados, cadeiras e cabeceiras de cama, roupa de cama, almofadas, etc.&nbsp;<br \/>We are ready to provide quick response to all of our customers\u2019 requests such as prices and delivery times.<br \/>Estamos prontos para fornecer respostas r\u00e1pidas a todas as solicita\u00e7\u00f5es de nossos clientes, como pre\u00e7os e prazos de entrega. Tamb\u00e9m somos capazes de desenvolver tratamentos retardantes de fogo em muitos tecidos, com o n\u00edvel de &nbsp;classe solicitado por nossos clientes.&nbsp; A Aldeco tem fornecido tecidos que decoram alguns dos melhores hot\u00e9is e empresas de turismo do mundo.<\/p>\n\t\t\t\t\t\t\t\t<\/div>\n\t\t\t\t<\/div>\n\t\t\t\t\t<\/div>\n\t\t\t\t<\/div>\n\t\t<div class=\"has_eae_slider elementor-element elementor-element-c39ca8c e-flex e-con-boxed e-con e-parent\" data-eae-slider=\"69478\" data-particle_enable=\"false\" data-particle-mobile-disabled=\"false\" data-id=\"c39ca8c\" data-element_type=\"container\" data-e-type=\"container\" data-settings=\"{&quot;background_background&quot;:&quot;classic&quot;}\">\n\t\t\t\t\t<div class=\"e-con-inner\">\n\t\t\t\t<div class=\"elementor-element elementor-element-0d425a0 elementor-widget elementor-widget-heading\" data-id=\"0d425a0\" data-element_type=\"widget\" data-e-type=\"widget\" data-widget_type=\"heading.default\">\n\t\t\t\t<div class=\"elementor-widget-container\">\n\t\t\t\t\t<h6 class=\"elementor-heading-title elementor-size-default\">SIGA-NOS<\/h6>\t\t\t\t<\/div>\n\t\t\t\t<\/div>\n\t\t\t\t<div class=\"elementor-element elementor-element-a7e5ded elementor-widget__width-initial elementor-shape-rounded elementor-grid-0 e-grid-align-center elementor-widget elementor-widget-social-icons\" data-id=\"a7e5ded\" data-element_type=\"widget\" data-e-type=\"widget\" data-widget_type=\"social-icons.default\">\n\t\t\t\t<div class=\"elementor-widget-container\">\n\t\t\t\t\t\t\t<div class=\"elementor-social-icons-wrapper elementor-grid\" role=\"list\">\n\t\t\t\t\t\t\t<span class=\"elementor-grid-item\" role=\"listitem\">\n\t\t\t\t\t<a class=\"elementor-icon elementor-social-icon elementor-social-icon-instagram elementor-repeater-item-5b64446\" href=\"https:\/\/www.instagram.com\/aldeco_interiorfabrics\/?hl=pt\" target=\"_blank\" rel=\"noopener\">\n\t\t\t\t\t\t<span class=\"elementor-screen-only\">Instagram<\/span>\n\t\t\t\t\t\t<i aria-hidden=\"true\" class=\"fab fa-instagram\"><\/i>\t\t\t\t\t<\/a>\n\t\t\t\t<\/span>\n\t\t\t\t\t\t\t<span class=\"elementor-grid-item\" role=\"listitem\">\n\t\t\t\t\t<a class=\"elementor-icon elementor-social-icon elementor-social-icon-facebook elementor-repeater-item-65c67e3\" href=\"https:\/\/www.facebook.com\/aldecointeriorfabrics\/\" target=\"_blank\" rel=\"noopener\">\n\t\t\t\t\t\t<span class=\"elementor-screen-only\">Facebook<\/span>\n\t\t\t\t\t\t<i aria-hidden=\"true\" class=\"fab fa-facebook\"><\/i>\t\t\t\t\t<\/a>\n\t\t\t\t<\/span>\n\t\t\t\t\t\t\t<span class=\"elementor-grid-item\" role=\"listitem\">\n\t\t\t\t\t<a class=\"elementor-icon elementor-social-icon elementor-social-icon-youtube elementor-repeater-item-8361a7e\" href=\"https:\/\/www.youtube.com\/channel\/UCkWJOxatJgJz81F9dZ36NxA\" target=\"_blank\" rel=\"noopener\">\n\t\t\t\t\t\t<span class=\"elementor-screen-only\">Youtube<\/span>\n\t\t\t\t\t\t<i aria-hidden=\"true\" class=\"fab fa-youtube\"><\/i>\t\t\t\t\t<\/a>\n\t\t\t\t<\/span>\n\t\t\t\t\t\t\t<span class=\"elementor-grid-item\" role=\"listitem\">\n\t\t\t\t\t<a class=\"elementor-icon elementor-social-icon elementor-social-icon-pinterest elementor-repeater-item-ff06396\" href=\"https:\/\/www.pinterest.pt\/aldecointeriorf\/\" target=\"_blank\" rel=\"noopener\">\n\t\t\t\t\t\t<span class=\"elementor-screen-only\">Pinterest<\/span>\n\t\t\t\t\t\t<i aria-hidden=\"true\" class=\"fab fa-pinterest\"><\/i>\t\t\t\t\t<\/a>\n\t\t\t\t<\/span>\n\t\t\t\t\t\t\t<span class=\"elementor-grid-item\" role=\"listitem\">\n\t\t\t\t\t<a class=\"elementor-icon elementor-social-icon elementor-social-icon-linkedin elementor-repeater-item-d945c0e\" href=\"https:\/\/www.linkedin.com\/company\/aldeco-interior-fabrics?originalSubdomain=pt\" target=\"_blank\" rel=\"noopener\">\n\t\t\t\t\t\t<span class=\"elementor-screen-only\">Linkedin<\/span>\n\t\t\t\t\t\t<i aria-hidden=\"true\" class=\"fab fa-linkedin\"><\/i>\t\t\t\t\t<\/a>\n\t\t\t\t<\/span>\n\t\t\t\t\t\t\t<span class=\"elementor-grid-item\" role=\"listitem\">\n\t\t\t\t\t<a class=\"elementor-icon elementor-social-icon elementor-social-icon-tiktok elementor-repeater-item-89fa555\" target=\"_blank\">\n\t\t\t\t\t\t<span class=\"elementor-screen-only\">Tiktok<\/span>\n\t\t\t\t\t\t<i aria-hidden=\"true\" class=\"fab fa-tiktok\"><\/i>\t\t\t\t\t<\/a>\n\t\t\t\t<\/span>\n\t\t\t\t\t\t\t<span class=\"elementor-grid-item\" role=\"listitem\">\n\t\t\t\t\t<a class=\"elementor-icon elementor-social-icon elementor-social-icon-twitter elementor-repeater-item-10fd87f\" href=\"https:\/\/twitter.com\/aldecoifabrics\" target=\"_blank\" rel=\"noopener\">\n\t\t\t\t\t\t<span class=\"elementor-screen-only\">Twitter<\/span>\n\t\t\t\t\t\t<i aria-hidden=\"true\" class=\"fab fa-twitter\"><\/i>\t\t\t\t\t<\/a>\n\t\t\t\t<\/span>\n\t\t\t\t\t\t\t<span class=\"elementor-grid-item\" role=\"listitem\">\n\t\t\t\t\t<a class=\"elementor-icon elementor-social-icon elementor-social-icon-spotify elementor-repeater-item-4563da2\" target=\"_blank\">\n\t\t\t\t\t\t<span class=\"elementor-screen-only\">Spotify<\/span>\n\t\t\t\t\t\t<i aria-hidden=\"true\" class=\"fab fa-spotify\"><\/i>\t\t\t\t\t<\/a>\n\t\t\t\t<\/span>\n\t\t\t\t\t<\/div>\n\t\t\t\t\t\t<\/div>\n\t\t\t\t<\/div>\n\t\t\t\t\t<\/div>\n\t\t\t\t<\/div>\n\t\t\t\t<\/div>\n\t\t","protected":false},"excerpt":{"rendered":"<p>SOBRE A ALDECO A Aldeco Interior Fabrics, \u00e9 uma marca t\u00eaxtil portuguesa. Somos editores e especialistas t\u00eaxteis, criamos e oferecemos uma variedade de tecidos para os v\u00e1rios segmentos de mercado da decora\u00e7\u00e3o e arquitectura de interiores, para a \u00e1rea da Casa \/ Residencial, Contract \/ Hotelaria, Bares, Restaurantes, Espa\u00e7os P\u00fablicos, Sa\u00fade \/ Hospitais \/ Geriatria, [&hellip;]<\/p>\n","protected":false},"author":1,"featured_media":0,"parent":0,"menu_order":0,"comment_status":"closed","ping_status":"closed","template":"elementor_header_footer","meta":{"footnotes":""},"class_list":["post-182113","page","type-page","status-publish","hentry"],"acf":[],"_links":{"self":[{"href":"https:\/\/staging.aldeco.pt\/pt-pt\/wp-json\/wp\/v2\/pages\/182113","targetHints":{"allow":["GET"]}}],"collection":[{"href":"https:\/\/staging.aldeco.pt\/pt-pt\/wp-json\/wp\/v2\/pages"}],"about":[{"href":"https:\/\/staging.aldeco.pt\/pt-pt\/wp-json\/wp\/v2\/types\/page"}],"author":[{"embeddable":true,"href":"https:\/\/staging.aldeco.pt\/pt-pt\/wp-json\/wp\/v2\/users\/1"}],"replies":[{"embeddable":true,"href":"https:\/\/staging.aldeco.pt\/pt-pt\/wp-json\/wp\/v2\/comments?post=182113"}],"version-history":[{"count":16,"href":"https:\/\/staging.aldeco.pt\/pt-pt\/wp-json\/wp\/v2\/pages\/182113\/revisions"}],"predecessor-version":[{"id":200702,"href":"https:\/\/staging.aldeco.pt\/pt-pt\/wp-json\/wp\/v2\/pages\/182113\/revisions\/200702"}],"wp:attachment":[{"href":"https:\/\/staging.aldeco.pt\/pt-pt\/wp-json\/wp\/v2\/media?parent=182113"}],"curies":[{"name":"wp","href":"https:\/\/api.w.org\/{rel}","templated":true}]}}