{"id":162469,"date":"2023-07-07T10:54:39","date_gmt":"2023-07-07T10:54:39","guid":{"rendered":"https:\/\/aldeco.pt\/staging\/politica-ambiental\/"},"modified":"2024-10-10T13:49:10","modified_gmt":"2024-10-10T13:49:10","slug":"politica-ambiental","status":"publish","type":"page","link":"https:\/\/staging.aldeco.pt\/pt-pt\/politica-ambiental\/","title":{"rendered":"Pol\u00edtica Ambiental"},"content":{"rendered":"\t\t<div data-elementor-type=\"wp-page\" data-elementor-id=\"162469\" class=\"elementor elementor-162469 elementor-45388\" data-elementor-post-type=\"page\">\n\t\t\t\t<div class=\"has_eae_slider elementor-element elementor-element-124e23a e-flex e-con-boxed e-con e-parent\" data-eae-slider=\"45773\" data-particle_enable=\"false\" data-particle-mobile-disabled=\"false\" data-id=\"124e23a\" data-element_type=\"container\" data-e-type=\"container\">\n\t\t\t\t\t<div class=\"e-con-inner\">\n\t\t\t\t<div class=\"elementor-element elementor-element-249549a elementor-widget elementor-widget-heading\" data-id=\"249549a\" data-element_type=\"widget\" data-e-type=\"widget\" data-widget_type=\"heading.default\">\n\t\t\t\t<div class=\"elementor-widget-container\">\n\t\t\t\t\t<h3 class=\"elementor-heading-title elementor-size-default\">POL\u00cdTICA AMBIENTAL<\/h3>\t\t\t\t<\/div>\n\t\t\t\t<\/div>\n\t\t\t\t<div class=\"elementor-element elementor-element-a27b69f elementor-widget elementor-widget-image\" data-id=\"a27b69f\" data-element_type=\"widget\" data-e-type=\"widget\" data-widget_type=\"image.default\">\n\t\t\t\t<div class=\"elementor-widget-container\">\n\t\t\t\t\t\t\t\t\t\t\t\t\t\t\t<img decoding=\"async\" width=\"148\" height=\"131\" src=\"https:\/\/staging.aldeco.pt\/wp-content\/uploads\/2023\/07\/environmental-policy_2.png\" class=\"attachment-large size-large wp-image-47544\" alt=\"\" \/>\t\t\t\t\t\t\t\t\t\t\t\t\t\t\t<\/div>\n\t\t\t\t<\/div>\n\t\t\t\t<div class=\"elementor-element elementor-element-ad4bc14 elementor-widget elementor-widget-text-editor\" data-id=\"ad4bc14\" data-element_type=\"widget\" data-e-type=\"widget\" data-widget_type=\"text-editor.default\">\n\t\t\t\t<div class=\"elementor-widget-container\">\n\t\t\t\t\t\t\t\t\t<p><strong>Regulamento REACH <\/strong><\/p>\n<p>A Aldeco tem vindo a aumentar o n\u00famero de produtos que cumpre com o Regulamento Reach. As cole\u00e7\u00f5es mais recentes est\u00e3o dispon\u00edveis com este certificado e as cole\u00e7\u00f5es anteriores foram atualizadas com este regulamento.<\/p>\n<p>O REACH \u00e9 um regulamento da Uni\u00e3o Europeia relativo ao registo, avalia\u00e7\u00e3o, autoriza\u00e7\u00e3o e restri\u00e7\u00e3o de produtos qu\u00edmicos e est\u00e1 relacionado com o fabrico de produtos de consumo.<\/p>\n<p>Ao identificar os perigos e gerir os riscos, o REACH visa proporcionar um elevado n\u00edvel de prote\u00e7\u00e3o da sa\u00fade humana e do ambiente atrav\u00e9s do controlo e monitoriza\u00e7\u00e3o da utiliza\u00e7\u00e3o de produtos qu\u00edmicos. O REACH \u00e9 um regulamento em evolu\u00e7\u00e3o com desenvolvimentos frequentes para limitar novos produtos qu\u00edmicos que tenham um impacto negativo na sa\u00fade humana ou no ambiente.<\/p>\n<p>Embora o REACH seja um regulamento da UE, a Aldeco exige que todos os fornecedores, incluindo os de pa\u00edses n\u00e3o pertencentes \u00e0 UE, que cumpram os regulamentos REACH.<\/p>\n\t\t\t\t\t\t\t\t<\/div>\n\t\t\t\t<\/div>\n\t\t\t\t<div class=\"elementor-element elementor-element-8e0146b elementor-widget elementor-widget-image\" data-id=\"8e0146b\" data-element_type=\"widget\" data-e-type=\"widget\" data-widget_type=\"image.default\">\n\t\t\t\t<div class=\"elementor-widget-container\">\n\t\t\t\t\t\t\t\t\t\t\t\t\t\t\t<img fetchpriority=\"high\" decoding=\"async\" width=\"1024\" height=\"536\" src=\"https:\/\/staging.aldeco.pt\/wp-content\/uploads\/2023\/07\/environmental-policy_3-1024x536.png\" class=\"attachment-large size-large wp-image-47546\" alt=\"\" \/>\t\t\t\t\t\t\t\t\t\t\t\t\t\t\t<\/div>\n\t\t\t\t<\/div>\n\t\t\t\t<div class=\"elementor-element elementor-element-231c043 elementor-widget elementor-widget-image\" data-id=\"231c043\" data-element_type=\"widget\" data-e-type=\"widget\" data-widget_type=\"image.default\">\n\t\t\t\t<div class=\"elementor-widget-container\">\n\t\t\t\t\t\t\t\t\t\t\t\t\t\t\t<img decoding=\"async\" width=\"300\" height=\"169\" src=\"https:\/\/staging.aldeco.pt\/wp-content\/uploads\/2024\/04\/made-in-green-label-1-300x169.jpg\" class=\"attachment-medium size-medium wp-image-143102\" alt=\"\" \/>\t\t\t\t\t\t\t\t\t\t\t\t\t\t\t<\/div>\n\t\t\t\t<\/div>\n\t\t\t\t<div class=\"elementor-element elementor-element-03805c0 elementor-widget elementor-widget-text-editor\" data-id=\"03805c0\" data-element_type=\"widget\" data-e-type=\"widget\" data-widget_type=\"text-editor.default\">\n\t\t\t\t<div class=\"elementor-widget-container\">\n\t\t\t\t\t\t\t\t\t<p><strong>OEKO-TEX<\/strong><\/p>\n<p>A Aldeco est\u00e1 continuamente a aumentar o n\u00famero de produtos com certifica\u00e7\u00e3o OEKO-TEX. A certifica\u00e7\u00e3o OEKO-TEX assegura a seguran\u00e7a humana e ecol\u00f3gica dos produtos t\u00eaxteis ao longo de todas as fases de produ\u00e7\u00e3o, garantindo a confian\u00e7a nos tecidos.<\/p>\n<p>O OEKO-TEX \u00e9 um dos r\u00f3tulos mais conhecidos do mundo para t\u00eaxteis, sendo uma nova exig\u00eancia tanto para tecidos de design de interiores como de design de moda.<\/p>\n\t\t\t\t\t\t\t\t<\/div>\n\t\t\t\t<\/div>\n\t\t\t\t<div class=\"elementor-element elementor-element-5070b41 elementor-widget elementor-widget-image\" data-id=\"5070b41\" data-element_type=\"widget\" data-e-type=\"widget\" data-widget_type=\"image.default\">\n\t\t\t\t<div class=\"elementor-widget-container\">\n\t\t\t\t\t\t\t\t\t\t\t\t\t\t\t<img loading=\"lazy\" decoding=\"async\" width=\"1024\" height=\"543\" src=\"https:\/\/staging.aldeco.pt\/wp-content\/uploads\/2024\/04\/Banqueta_0689-Edit_Web_1-1024x543.jpg\" class=\"attachment-large size-large wp-image-143089\" alt=\"\" \/>\t\t\t\t\t\t\t\t\t\t\t\t\t\t\t<\/div>\n\t\t\t\t<\/div>\n\t\t\t\t<div class=\"elementor-element elementor-element-b08b3b9 elementor-widget elementor-widget-text-editor\" data-id=\"b08b3b9\" data-element_type=\"widget\" data-e-type=\"widget\" data-widget_type=\"text-editor.default\">\n\t\t\t\t<div class=\"elementor-widget-container\">\n\t\t\t\t\t\t\t\t\t<p><strong>Fios Reciclados<\/strong><\/p>\n<p>A Aldeco tem vindo a investir no desenvolvimento tecnol\u00f3gico na produ\u00e7\u00e3o de tecidos. Utilizando a tecnologia como uma ferramenta ao servi\u00e7o do ambiente, tem apostado numa constante melhoria e inova\u00e7\u00e3o nos processos de reciclagem, utilizando cada vez mais percentagens de fios reciclados. A tecnologia atual permite que estes tecidos reciclados sejam delicados na pele e possam competir com qualquer tecido em termos de suavidade ou desempenho. Com a Aldeco, ser verde \u00e9 sempre belo.<\/p>\n\t\t\t\t\t\t\t\t<\/div>\n\t\t\t\t<\/div>\n\t\t\t\t<div class=\"elementor-element elementor-element-f30b4cf elementor-widget elementor-widget-text-editor\" data-id=\"f30b4cf\" data-element_type=\"widget\" data-e-type=\"widget\" data-widget_type=\"text-editor.default\">\n\t\t\t\t<div class=\"elementor-widget-container\">\n\t\t\t\t\t\t\t\t\t<p><strong>O nosso compromisso<\/strong><\/p>\n<p>Como amante do planeta, a Aldeco est\u00e1 constantemente \u00e0 procura de novas formas de disponibilizar tecidos com o melhor desempenho e que tamb\u00e9m tenham um bom aspeto e toque. A maioria dos nossos produtos \u00e9 totalmente recicl\u00e1vel e um n\u00famero crescente de tecidos j\u00e1 \u00e9 reciclado e pode ser reciclado v\u00e1rias vezes.<\/p>\n<p>Por exemplo, um tecido feito 100% de garrafas de pl\u00e1stico retiradas dos oceanos e transformado num tecido macio com mais de 100.000 ciclos de teste de Martindale \u00e9 uma realidade na Aldeco.<\/p>\n\t\t\t\t\t\t\t\t<\/div>\n\t\t\t\t<\/div>\n\t\t\t\t<div class=\"elementor-element elementor-element-886e32a elementor-widget elementor-widget-text-editor\" data-id=\"886e32a\" data-element_type=\"widget\" data-e-type=\"widget\" data-widget_type=\"text-editor.default\">\n\t\t\t\t<div class=\"elementor-widget-container\">\n\t\t\t\t\t\t\t\t\t<p><strong>Tornamos Sonhos em Tecidos desde 1993!<\/strong><\/p>\n\t\t\t\t\t\t\t\t<\/div>\n\t\t\t\t<\/div>\n\t\t\t\t\t<\/div>\n\t\t\t\t<\/div>\n\t\t<div class=\"has_eae_slider elementor-element elementor-element-3c10faf e-flex e-con-boxed e-con e-parent\" data-eae-slider=\"86249\" data-particle_enable=\"false\" data-particle-mobile-disabled=\"false\" data-id=\"3c10faf\" data-element_type=\"container\" data-e-type=\"container\" data-settings=\"{&quot;background_background&quot;:&quot;classic&quot;}\">\n\t\t\t\t\t<div class=\"e-con-inner\">\n\t\t\t\t<div class=\"elementor-element elementor-element-e67d367 elementor-widget elementor-widget-heading\" data-id=\"e67d367\" data-element_type=\"widget\" data-e-type=\"widget\" data-widget_type=\"heading.default\">\n\t\t\t\t<div class=\"elementor-widget-container\">\n\t\t\t\t\t<h6 class=\"elementor-heading-title elementor-size-default\">SIGA-NOS<\/h6>\t\t\t\t<\/div>\n\t\t\t\t<\/div>\n\t\t\t\t<div class=\"elementor-element elementor-element-f58b525 elementor-widget__width-initial elementor-shape-rounded elementor-grid-0 e-grid-align-center elementor-widget elementor-widget-social-icons\" data-id=\"f58b525\" data-element_type=\"widget\" data-e-type=\"widget\" data-widget_type=\"social-icons.default\">\n\t\t\t\t<div class=\"elementor-widget-container\">\n\t\t\t\t\t\t\t<div class=\"elementor-social-icons-wrapper elementor-grid\" role=\"list\">\n\t\t\t\t\t\t\t<span class=\"elementor-grid-item\" role=\"listitem\">\n\t\t\t\t\t<a class=\"elementor-icon elementor-social-icon elementor-social-icon-instagram elementor-repeater-item-5b64446\" href=\"https:\/\/www.instagram.com\/aldeco_interiorfabrics\/?hl=pt\" target=\"_blank\" rel=\"noopener\">\n\t\t\t\t\t\t<span class=\"elementor-screen-only\">Instagram<\/span>\n\t\t\t\t\t\t<i aria-hidden=\"true\" class=\"fab fa-instagram\"><\/i>\t\t\t\t\t<\/a>\n\t\t\t\t<\/span>\n\t\t\t\t\t\t\t<span class=\"elementor-grid-item\" role=\"listitem\">\n\t\t\t\t\t<a class=\"elementor-icon elementor-social-icon elementor-social-icon-facebook elementor-repeater-item-65c67e3\" href=\"https:\/\/www.facebook.com\/aldecointeriorfabrics\/\" target=\"_blank\" rel=\"noopener\">\n\t\t\t\t\t\t<span class=\"elementor-screen-only\">Facebook<\/span>\n\t\t\t\t\t\t<i aria-hidden=\"true\" class=\"fab fa-facebook\"><\/i>\t\t\t\t\t<\/a>\n\t\t\t\t<\/span>\n\t\t\t\t\t\t\t<span class=\"elementor-grid-item\" role=\"listitem\">\n\t\t\t\t\t<a class=\"elementor-icon elementor-social-icon elementor-social-icon-youtube elementor-repeater-item-8361a7e\" href=\"https:\/\/www.youtube.com\/channel\/UCkWJOxatJgJz81F9dZ36NxA\" target=\"_blank\" rel=\"noopener\">\n\t\t\t\t\t\t<span class=\"elementor-screen-only\">Youtube<\/span>\n\t\t\t\t\t\t<i aria-hidden=\"true\" class=\"fab fa-youtube\"><\/i>\t\t\t\t\t<\/a>\n\t\t\t\t<\/span>\n\t\t\t\t\t\t\t<span class=\"elementor-grid-item\" role=\"listitem\">\n\t\t\t\t\t<a class=\"elementor-icon elementor-social-icon elementor-social-icon-pinterest elementor-repeater-item-ff06396\" href=\"https:\/\/www.pinterest.pt\/aldecointeriorf\/\" target=\"_blank\" rel=\"noopener\">\n\t\t\t\t\t\t<span class=\"elementor-screen-only\">Pinterest<\/span>\n\t\t\t\t\t\t<i aria-hidden=\"true\" class=\"fab fa-pinterest\"><\/i>\t\t\t\t\t<\/a>\n\t\t\t\t<\/span>\n\t\t\t\t\t\t\t<span class=\"elementor-grid-item\" role=\"listitem\">\n\t\t\t\t\t<a class=\"elementor-icon elementor-social-icon elementor-social-icon-linkedin elementor-repeater-item-d945c0e\" href=\"https:\/\/www.linkedin.com\/company\/aldeco-interior-fabrics?originalSubdomain=pt\" target=\"_blank\" rel=\"noopener\">\n\t\t\t\t\t\t<span class=\"elementor-screen-only\">Linkedin<\/span>\n\t\t\t\t\t\t<i aria-hidden=\"true\" class=\"fab fa-linkedin\"><\/i>\t\t\t\t\t<\/a>\n\t\t\t\t<\/span>\n\t\t\t\t\t\t\t<span class=\"elementor-grid-item\" role=\"listitem\">\n\t\t\t\t\t<a class=\"elementor-icon elementor-social-icon elementor-social-icon-tiktok elementor-repeater-item-89fa555\" target=\"_blank\">\n\t\t\t\t\t\t<span class=\"elementor-screen-only\">Tiktok<\/span>\n\t\t\t\t\t\t<i aria-hidden=\"true\" class=\"fab fa-tiktok\"><\/i>\t\t\t\t\t<\/a>\n\t\t\t\t<\/span>\n\t\t\t\t\t\t\t<span class=\"elementor-grid-item\" role=\"listitem\">\n\t\t\t\t\t<a class=\"elementor-icon elementor-social-icon elementor-social-icon-twitter elementor-repeater-item-10fd87f\" href=\"https:\/\/twitter.com\/aldecoifabrics\" target=\"_blank\" rel=\"noopener\">\n\t\t\t\t\t\t<span class=\"elementor-screen-only\">Twitter<\/span>\n\t\t\t\t\t\t<i aria-hidden=\"true\" class=\"fab fa-twitter\"><\/i>\t\t\t\t\t<\/a>\n\t\t\t\t<\/span>\n\t\t\t\t\t\t\t<span class=\"elementor-grid-item\" role=\"listitem\">\n\t\t\t\t\t<a class=\"elementor-icon elementor-social-icon elementor-social-icon-spotify elementor-repeater-item-4563da2\" target=\"_blank\">\n\t\t\t\t\t\t<span class=\"elementor-screen-only\">Spotify<\/span>\n\t\t\t\t\t\t<i aria-hidden=\"true\" class=\"fab fa-spotify\"><\/i>\t\t\t\t\t<\/a>\n\t\t\t\t<\/span>\n\t\t\t\t\t<\/div>\n\t\t\t\t\t\t<\/div>\n\t\t\t\t<\/div>\n\t\t\t\t\t<\/div>\n\t\t\t\t<\/div>\n\t\t\t\t<\/div>\n\t\t","protected":false},"excerpt":{"rendered":"<p>POL\u00cdTICA AMBIENTAL Regulamento REACH A Aldeco tem vindo a aumentar o n\u00famero de produtos que cumpre com o Regulamento Reach. As cole\u00e7\u00f5es mais recentes est\u00e3o dispon\u00edveis com este certificado e as cole\u00e7\u00f5es anteriores foram atualizadas com este regulamento. O REACH \u00e9 um regulamento da Uni\u00e3o Europeia relativo ao registo, avalia\u00e7\u00e3o, autoriza\u00e7\u00e3o e restri\u00e7\u00e3o de produtos [&hellip;]<\/p>\n","protected":false},"author":2,"featured_media":0,"parent":0,"menu_order":0,"comment_status":"closed","ping_status":"closed","template":"","meta":{"footnotes":""},"class_list":["post-162469","page","type-page","status-publish","hentry"],"acf":[],"_links":{"self":[{"href":"https:\/\/staging.aldeco.pt\/pt-pt\/wp-json\/wp\/v2\/pages\/162469","targetHints":{"allow":["GET"]}}],"collection":[{"href":"https:\/\/staging.aldeco.pt\/pt-pt\/wp-json\/wp\/v2\/pages"}],"about":[{"href":"https:\/\/staging.aldeco.pt\/pt-pt\/wp-json\/wp\/v2\/types\/page"}],"author":[{"embeddable":true,"href":"https:\/\/staging.aldeco.pt\/pt-pt\/wp-json\/wp\/v2\/users\/2"}],"replies":[{"embeddable":true,"href":"https:\/\/staging.aldeco.pt\/pt-pt\/wp-json\/wp\/v2\/comments?post=162469"}],"version-history":[{"count":5,"href":"https:\/\/staging.aldeco.pt\/pt-pt\/wp-json\/wp\/v2\/pages\/162469\/revisions"}],"predecessor-version":[{"id":205065,"href":"https:\/\/staging.aldeco.pt\/pt-pt\/wp-json\/wp\/v2\/pages\/162469\/revisions\/205065"}],"wp:attachment":[{"href":"https:\/\/staging.aldeco.pt\/pt-pt\/wp-json\/wp\/v2\/media?parent=162469"}],"curies":[{"name":"wp","href":"https:\/\/api.w.org\/{rel}","templated":true}]}}