{"id":162442,"date":"2023-11-20T09:23:12","date_gmt":"2023-11-20T09:23:12","guid":{"rendered":"https:\/\/aldeco.pt\/staging\/contract\/"},"modified":"2024-06-13T17:46:02","modified_gmt":"2024-06-13T17:46:02","slug":"contract","status":"publish","type":"page","link":"https:\/\/staging.aldeco.pt\/pt-pt\/contract\/","title":{"rendered":"Contract"},"content":{"rendered":"\t\t<div data-elementor-type=\"wp-page\" data-elementor-id=\"162442\" class=\"elementor elementor-162442 elementor-46685\" data-elementor-post-type=\"page\">\n\t\t\t\t<div class=\"has_eae_slider elementor-element elementor-element-8d0d185 e-flex e-con-boxed e-con e-parent\" data-eae-slider=\"55133\" data-particle_enable=\"false\" data-particle-mobile-disabled=\"false\" data-id=\"8d0d185\" data-element_type=\"container\" data-e-type=\"container\">\n\t\t\t\t\t<div class=\"e-con-inner\">\n\t\t\t\t<div class=\"elementor-element elementor-element-5cf14e7 elementor-widget elementor-widget-image\" data-id=\"5cf14e7\" data-element_type=\"widget\" data-e-type=\"widget\" data-widget_type=\"image.default\">\n\t\t\t\t<div class=\"elementor-widget-container\">\n\t\t\t\t\t\t\t\t\t\t\t\t\t\t\t<img fetchpriority=\"high\" decoding=\"async\" width=\"1654\" height=\"1016\" src=\"https:\/\/staging.aldeco.pt\/wp-content\/uploads\/2024\/04\/Aldeco-Contract-Site-2.jpg\" class=\"attachment-full size-full wp-image-143056\" alt=\"\" \/>\t\t\t\t\t\t\t\t\t\t\t\t\t\t\t<\/div>\n\t\t\t\t<\/div>\n\t\t\t\t<div class=\"elementor-element elementor-element-71ec651 elementor-widget elementor-widget-text-editor\" data-id=\"71ec651\" data-element_type=\"widget\" data-e-type=\"widget\" data-widget_type=\"text-editor.default\">\n\t\t\t\t<div class=\"elementor-widget-container\">\n\t\t\t\t\t\t\t\t\t<p>A nossa equipa experiente e dedicada, com um vasto conhecimento em Contract, est\u00e1 \u00e0 sua disposi\u00e7\u00e3o para qualquer projeto Contract, assistindo Designers de Interiores, Arquitetos e Decoradores na realiza\u00e7\u00e3o de projetos a n\u00edvel mundial, de acordo com as normas e standards de cada pa\u00eds.<\/p>\n<p>A Aldeco tem uma vasta sele\u00e7\u00e3o de tecidos e pap\u00e9is de parede com extrema durabilidade e alto desempenho, que s\u00e3o perfeitos para espa\u00e7os exigentes.<\/p>\n\t\t\t\t\t\t\t\t<\/div>\n\t\t\t\t<\/div>\n\t\t<div class=\"has_eae_slider elementor-element elementor-element-835a1c1 e-con-full e-flex e-con e-child\" data-eae-slider=\"92669\" data-particle_enable=\"false\" data-particle-mobile-disabled=\"false\" data-id=\"835a1c1\" data-element_type=\"container\" data-e-type=\"container\">\n\t\t\t\t<div class=\"elementor-element elementor-element-c5f9035 elementor-widget elementor-widget-button\" data-id=\"c5f9035\" data-element_type=\"widget\" data-e-type=\"widget\" data-widget_type=\"button.default\">\n\t\t\t\t<div class=\"elementor-widget-container\">\n\t\t\t\t\t\t\t\t\t<div class=\"elementor-button-wrapper\">\n\t\t\t\t\t<a class=\"elementor-button elementor-button-link elementor-size-xs\" href=\"#elementor-action%3Aaction%3Dpopup%3Aopen%26settings%3DeyJpZCI6NDY2OTEsInRvZ2dsZSI6ZmFsc2V9\">\n\t\t\t\t\t\t<span class=\"elementor-button-content-wrapper\">\n\t\t\t\t\t\t\t\t\t<span class=\"elementor-button-text\">CONTACTE-NOS<\/span>\n\t\t\t\t\t<\/span>\n\t\t\t\t\t<\/a>\n\t\t\t\t<\/div>\n\t\t\t\t\t\t\t\t<\/div>\n\t\t\t\t<\/div>\n\t\t\t\t<\/div>\n\t\t\t\t\t<\/div>\n\t\t\t\t<\/div>\n\t\t<div class=\"has_eae_slider elementor-element elementor-element-8ccf724 e-flex e-con-boxed e-con e-parent\" data-eae-slider=\"46442\" data-particle_enable=\"false\" data-particle-mobile-disabled=\"false\" data-id=\"8ccf724\" data-element_type=\"container\" data-e-type=\"container\">\n\t\t\t\t\t<div class=\"e-con-inner\">\n\t\t<div class=\"has_eae_slider elementor-element elementor-element-d5a1384 e-flex e-con-boxed e-con e-child\" data-eae-slider=\"81754\" data-particle_enable=\"false\" data-particle-mobile-disabled=\"false\" data-id=\"d5a1384\" data-element_type=\"container\" data-e-type=\"container\">\n\t\t\t\t\t<div class=\"e-con-inner\">\n\t\t\t\t<div class=\"elementor-element elementor-element-44240a0 elementor-widget elementor-widget-image\" data-id=\"44240a0\" data-element_type=\"widget\" data-e-type=\"widget\" data-widget_type=\"image.default\">\n\t\t\t\t<div class=\"elementor-widget-container\">\n\t\t\t\t\t\t\t\t\t\t\t\t\t\t\t<img decoding=\"async\" width=\"1024\" height=\"1024\" src=\"https:\/\/staging.aldeco.pt\/wp-content\/uploads\/2024\/05\/IMG_1155-1024x1024.jpg\" class=\"attachment-large size-large wp-image-162398\" alt=\"\" \/>\t\t\t\t\t\t\t\t\t\t\t\t\t\t\t<\/div>\n\t\t\t\t<\/div>\n\t\t\t\t<div class=\"elementor-element elementor-element-a81f873 elementor-widget elementor-widget-heading\" data-id=\"a81f873\" data-element_type=\"widget\" data-e-type=\"widget\" data-widget_type=\"heading.default\">\n\t\t\t\t<div class=\"elementor-widget-container\">\n\t\t\t\t\t<h2 class=\"elementor-heading-title elementor-size-default\">DESIGN PERSONALIZADO<\/h2>\t\t\t\t<\/div>\n\t\t\t\t<\/div>\n\t\t\t\t<div class=\"elementor-element elementor-element-4f2f503 elementor-widget elementor-widget-text-editor\" data-id=\"4f2f503\" data-element_type=\"widget\" data-e-type=\"widget\" data-widget_type=\"text-editor.default\">\n\t\t\t\t<div class=\"elementor-widget-container\">\n\t\t\t\t\t\t\t\t\t<p>A Aldeco oferece um servi\u00e7o especializado para Projectos Contract. O nosso est\u00fadio de design disponibiliza solu\u00e7\u00f5es \u00e0 medida para satisfazer os seus pedidos em termos de design, qualidade, normas, standards internacionais e requisitos t\u00e9cnicos.<\/p>\n\t\t\t\t\t\t\t\t<\/div>\n\t\t\t\t<\/div>\n\t\t\t\t\t<\/div>\n\t\t\t\t<\/div>\n\t\t<div class=\"has_eae_slider elementor-element elementor-element-3dee10e e-flex e-con-boxed e-con e-child\" data-eae-slider=\"53802\" data-particle_enable=\"false\" data-particle-mobile-disabled=\"false\" data-id=\"3dee10e\" data-element_type=\"container\" data-e-type=\"container\">\n\t\t\t\t\t<div class=\"e-con-inner\">\n\t\t\t\t<div class=\"elementor-element elementor-element-1e4b2e2 elementor-widget elementor-widget-image\" data-id=\"1e4b2e2\" data-element_type=\"widget\" data-e-type=\"widget\" data-widget_type=\"image.default\">\n\t\t\t\t<div class=\"elementor-widget-container\">\n\t\t\t\t\t\t\t\t\t\t\t\t\t\t\t<img decoding=\"async\" width=\"1024\" height=\"1024\" src=\"https:\/\/staging.aldeco.pt\/wp-content\/uploads\/2024\/05\/IMG_11552-1024x1024.jpg\" class=\"attachment-large size-large wp-image-162417\" alt=\"\" \/>\t\t\t\t\t\t\t\t\t\t\t\t\t\t\t<\/div>\n\t\t\t\t<\/div>\n\t\t\t\t<div class=\"elementor-element elementor-element-e18de85 elementor-widget elementor-widget-heading\" data-id=\"e18de85\" data-element_type=\"widget\" data-e-type=\"widget\" data-widget_type=\"heading.default\">\n\t\t\t\t<div class=\"elementor-widget-container\">\n\t\t\t\t\t<h2 class=\"elementor-heading-title elementor-size-default\">TRATAMENTOS E PERSONALIZA\u00c7\u00c3O<\/h2>\t\t\t\t<\/div>\n\t\t\t\t<\/div>\n\t\t\t\t<div class=\"elementor-element elementor-element-bff8ab4 elementor-widget elementor-widget-text-editor\" data-id=\"bff8ab4\" data-element_type=\"widget\" data-e-type=\"widget\" data-widget_type=\"text-editor.default\">\n\t\t\t\t<div class=\"elementor-widget-container\">\n\t\t\t\t\t\t\t\t\t<p>A Aldeco oferece uma vasta gama de tratamentos para tecidos f\u00e1ceis de aplicar, tais como Retardante de Fogo em v\u00e1rias normas, Repel\u00eancia \u00e0 \u00c1gua, Anti-n\u00f3doas, revestimento de F\u00e1cil Limpeza ou Antibacteriano. Qualquer que seja a sua necessidade, \u00e9 s\u00f3 indicar.<\/p>\n\t\t\t\t\t\t\t\t<\/div>\n\t\t\t\t<\/div>\n\t\t\t\t\t<\/div>\n\t\t\t\t<\/div>\n\t\t<div class=\"has_eae_slider elementor-element elementor-element-69433df e-flex e-con-boxed e-con e-child\" data-eae-slider=\"82330\" data-particle_enable=\"false\" data-particle-mobile-disabled=\"false\" data-id=\"69433df\" data-element_type=\"container\" data-e-type=\"container\">\n\t\t\t\t\t<div class=\"e-con-inner\">\n\t\t\t\t<div class=\"elementor-element elementor-element-5bd4073 elementor-widget elementor-widget-image\" data-id=\"5bd4073\" data-element_type=\"widget\" data-e-type=\"widget\" data-widget_type=\"image.default\">\n\t\t\t\t<div class=\"elementor-widget-container\">\n\t\t\t\t\t\t\t\t\t\t\t\t\t\t\t<img loading=\"lazy\" decoding=\"async\" width=\"467\" height=\"467\" src=\"https:\/\/staging.aldeco.pt\/wp-content\/uploads\/2023\/11\/aldeco_contract_1.png\" class=\"attachment-large size-large wp-image-47806\" alt=\"\" \/>\t\t\t\t\t\t\t\t\t\t\t\t\t\t\t<\/div>\n\t\t\t\t<\/div>\n\t\t\t\t<div class=\"elementor-element elementor-element-e3f9119 elementor-widget elementor-widget-heading\" data-id=\"e3f9119\" data-element_type=\"widget\" data-e-type=\"widget\" data-widget_type=\"heading.default\">\n\t\t\t\t<div class=\"elementor-widget-container\">\n\t\t\t\t\t<h2 class=\"elementor-heading-title elementor-size-default\">DESIGN SOB MEDIDA<\/h2>\t\t\t\t<\/div>\n\t\t\t\t<\/div>\n\t\t\t\t<div class=\"elementor-element elementor-element-55fdbf1 elementor-widget elementor-widget-text-editor\" data-id=\"55fdbf1\" data-element_type=\"widget\" data-e-type=\"widget\" data-widget_type=\"text-editor.default\">\n\t\t\t\t<div class=\"elementor-widget-container\">\n\t\t\t\t\t\t\t\t\t<p>Com o nosso servi\u00e7o personalizado, pode transformar a sua inspira\u00e7\u00e3o em realidade. A nossa equipa especializada consegue desenvolver as suas ideias e criar os seus pr\u00f3prios tecidos e pap\u00e9is de parede, para projetos extra especiais.<\/p>\n\t\t\t\t\t\t\t\t<\/div>\n\t\t\t\t<\/div>\n\t\t\t\t\t<\/div>\n\t\t\t\t<\/div>\n\t\t\t\t\t<\/div>\n\t\t\t\t<\/div>\n\t\t<div class=\"has_eae_slider elementor-element elementor-element-fc0df6b e-flex e-con-boxed e-con e-parent\" data-eae-slider=\"5672\" data-particle_enable=\"false\" data-particle-mobile-disabled=\"false\" data-id=\"fc0df6b\" data-element_type=\"container\" data-e-type=\"container\">\n\t\t\t\t\t<div class=\"e-con-inner\">\n\t\t\t\t<div class=\"elementor-element elementor-element-625e293 elementor-widget elementor-widget-heading\" data-id=\"625e293\" data-element_type=\"widget\" data-e-type=\"widget\" data-widget_type=\"heading.default\">\n\t\t\t\t<div class=\"elementor-widget-container\">\n\t\t\t\t\t<h6 class=\"elementor-heading-title elementor-size-default\">SIGA-NOS<\/h6>\t\t\t\t<\/div>\n\t\t\t\t<\/div>\n\t\t\t\t<div class=\"elementor-element elementor-element-18a9cef elementor-widget__width-initial elementor-shape-rounded elementor-grid-0 e-grid-align-center elementor-widget elementor-widget-social-icons\" data-id=\"18a9cef\" data-element_type=\"widget\" data-e-type=\"widget\" data-widget_type=\"social-icons.default\">\n\t\t\t\t<div class=\"elementor-widget-container\">\n\t\t\t\t\t\t\t<div class=\"elementor-social-icons-wrapper elementor-grid\" role=\"list\">\n\t\t\t\t\t\t\t<span class=\"elementor-grid-item\" role=\"listitem\">\n\t\t\t\t\t<a class=\"elementor-icon elementor-social-icon elementor-social-icon-instagram elementor-repeater-item-5b64446\" href=\"https:\/\/www.instagram.com\/aldeco_interiorfabrics\/?hl=pt\" target=\"_blank\" rel=\"noopener\">\n\t\t\t\t\t\t<span class=\"elementor-screen-only\">Instagram<\/span>\n\t\t\t\t\t\t<i aria-hidden=\"true\" class=\"fab fa-instagram\"><\/i>\t\t\t\t\t<\/a>\n\t\t\t\t<\/span>\n\t\t\t\t\t\t\t<span class=\"elementor-grid-item\" role=\"listitem\">\n\t\t\t\t\t<a class=\"elementor-icon elementor-social-icon elementor-social-icon-facebook elementor-repeater-item-65c67e3\" href=\"https:\/\/www.facebook.com\/aldecointeriorfabrics\/\" target=\"_blank\" rel=\"noopener\">\n\t\t\t\t\t\t<span class=\"elementor-screen-only\">Facebook<\/span>\n\t\t\t\t\t\t<i aria-hidden=\"true\" class=\"fab fa-facebook\"><\/i>\t\t\t\t\t<\/a>\n\t\t\t\t<\/span>\n\t\t\t\t\t\t\t<span class=\"elementor-grid-item\" role=\"listitem\">\n\t\t\t\t\t<a class=\"elementor-icon elementor-social-icon elementor-social-icon-youtube elementor-repeater-item-8361a7e\" href=\"https:\/\/www.youtube.com\/channel\/UCkWJOxatJgJz81F9dZ36NxA\" target=\"_blank\" rel=\"noopener\">\n\t\t\t\t\t\t<span class=\"elementor-screen-only\">Youtube<\/span>\n\t\t\t\t\t\t<i aria-hidden=\"true\" class=\"fab fa-youtube\"><\/i>\t\t\t\t\t<\/a>\n\t\t\t\t<\/span>\n\t\t\t\t\t\t\t<span class=\"elementor-grid-item\" role=\"listitem\">\n\t\t\t\t\t<a class=\"elementor-icon elementor-social-icon elementor-social-icon-pinterest elementor-repeater-item-ff06396\" href=\"https:\/\/www.pinterest.pt\/aldecointeriorf\/\" target=\"_blank\" rel=\"noopener\">\n\t\t\t\t\t\t<span class=\"elementor-screen-only\">Pinterest<\/span>\n\t\t\t\t\t\t<i aria-hidden=\"true\" class=\"fab fa-pinterest\"><\/i>\t\t\t\t\t<\/a>\n\t\t\t\t<\/span>\n\t\t\t\t\t\t\t<span class=\"elementor-grid-item\" role=\"listitem\">\n\t\t\t\t\t<a class=\"elementor-icon elementor-social-icon elementor-social-icon-linkedin elementor-repeater-item-d945c0e\" href=\"https:\/\/www.linkedin.com\/company\/aldeco-interior-fabrics?originalSubdomain=pt\" target=\"_blank\" rel=\"noopener\">\n\t\t\t\t\t\t<span class=\"elementor-screen-only\">Linkedin<\/span>\n\t\t\t\t\t\t<i aria-hidden=\"true\" class=\"fab fa-linkedin\"><\/i>\t\t\t\t\t<\/a>\n\t\t\t\t<\/span>\n\t\t\t\t\t\t\t<span class=\"elementor-grid-item\" role=\"listitem\">\n\t\t\t\t\t<a class=\"elementor-icon elementor-social-icon elementor-social-icon-tiktok elementor-repeater-item-89fa555\" target=\"_blank\">\n\t\t\t\t\t\t<span class=\"elementor-screen-only\">Tiktok<\/span>\n\t\t\t\t\t\t<i aria-hidden=\"true\" class=\"fab fa-tiktok\"><\/i>\t\t\t\t\t<\/a>\n\t\t\t\t<\/span>\n\t\t\t\t\t\t\t<span class=\"elementor-grid-item\" role=\"listitem\">\n\t\t\t\t\t<a class=\"elementor-icon elementor-social-icon elementor-social-icon-icon-twitter-x elementor-repeater-item-10fd87f\" href=\"https:\/\/twitter.com\/aldecoifabrics\" target=\"_blank\" rel=\"noopener\">\n\t\t\t\t\t\t<span class=\"elementor-screen-only\">Icon-twitter-x<\/span>\n\t\t\t\t\t\t<i aria-hidden=\"true\" class=\"icon icon-twitter-x\"><\/i>\t\t\t\t\t<\/a>\n\t\t\t\t<\/span>\n\t\t\t\t\t\t\t<span class=\"elementor-grid-item\" role=\"listitem\">\n\t\t\t\t\t<a class=\"elementor-icon elementor-social-icon elementor-social-icon-spotify elementor-repeater-item-4563da2\" target=\"_blank\">\n\t\t\t\t\t\t<span class=\"elementor-screen-only\">Spotify<\/span>\n\t\t\t\t\t\t<i aria-hidden=\"true\" class=\"fab fa-spotify\"><\/i>\t\t\t\t\t<\/a>\n\t\t\t\t<\/span>\n\t\t\t\t\t<\/div>\n\t\t\t\t\t\t<\/div>\n\t\t\t\t<\/div>\n\t\t\t\t\t<\/div>\n\t\t\t\t<\/div>\n\t\t\t\t<\/div>\n\t\t","protected":false},"excerpt":{"rendered":"<p>A nossa equipa experiente e dedicada, com um vasto conhecimento em Contract, est\u00e1 \u00e0 sua disposi\u00e7\u00e3o para qualquer projeto Contract, assistindo Designers de Interiores, Arquitetos e Decoradores na realiza\u00e7\u00e3o de projetos a n\u00edvel mundial, de acordo com as normas e standards de cada pa\u00eds. A Aldeco tem uma vasta sele\u00e7\u00e3o de tecidos e pap\u00e9is de [&hellip;]<\/p>\n","protected":false},"author":2,"featured_media":0,"parent":0,"menu_order":0,"comment_status":"closed","ping_status":"closed","template":"","meta":{"footnotes":""},"class_list":["post-162442","page","type-page","status-publish","hentry"],"acf":[],"_links":{"self":[{"href":"https:\/\/staging.aldeco.pt\/pt-pt\/wp-json\/wp\/v2\/pages\/162442","targetHints":{"allow":["GET"]}}],"collection":[{"href":"https:\/\/staging.aldeco.pt\/pt-pt\/wp-json\/wp\/v2\/pages"}],"about":[{"href":"https:\/\/staging.aldeco.pt\/pt-pt\/wp-json\/wp\/v2\/types\/page"}],"author":[{"embeddable":true,"href":"https:\/\/staging.aldeco.pt\/pt-pt\/wp-json\/wp\/v2\/users\/2"}],"replies":[{"embeddable":true,"href":"https:\/\/staging.aldeco.pt\/pt-pt\/wp-json\/wp\/v2\/comments?post=162442"}],"version-history":[{"count":2,"href":"https:\/\/staging.aldeco.pt\/pt-pt\/wp-json\/wp\/v2\/pages\/162442\/revisions"}],"predecessor-version":[{"id":187863,"href":"https:\/\/staging.aldeco.pt\/pt-pt\/wp-json\/wp\/v2\/pages\/162442\/revisions\/187863"}],"wp:attachment":[{"href":"https:\/\/staging.aldeco.pt\/pt-pt\/wp-json\/wp\/v2\/media?parent=162442"}],"curies":[{"name":"wp","href":"https:\/\/api.w.org\/{rel}","templated":true}]}}