{"id":162440,"date":"2024-04-10T10:12:33","date_gmt":"2024-04-10T10:12:33","guid":{"rendered":"https:\/\/aldeco.pt\/staging\/p2020\/"},"modified":"2024-10-10T13:14:19","modified_gmt":"2024-10-10T13:14:19","slug":"p2020","status":"publish","type":"page","link":"https:\/\/staging.aldeco.pt\/pt-pt\/p2020\/","title":{"rendered":"P2020"},"content":{"rendered":"\t\t<div data-elementor-type=\"wp-page\" data-elementor-id=\"162440\" class=\"elementor elementor-162440 elementor-143012\" data-elementor-post-type=\"page\">\n\t\t\t\t<div class=\"has_eae_slider elementor-element elementor-element-124e23a e-flex e-con-boxed e-con e-parent\" data-eae-slider=\"27272\" data-particle_enable=\"false\" data-particle-mobile-disabled=\"false\" data-id=\"124e23a\" data-element_type=\"container\" data-e-type=\"container\">\n\t\t\t\t\t<div class=\"e-con-inner\">\n\t\t\t\t<div class=\"elementor-element elementor-element-24843b2 elementor-widget elementor-widget-image\" data-id=\"24843b2\" data-element_type=\"widget\" data-e-type=\"widget\" data-widget_type=\"image.default\">\n\t\t\t\t<div class=\"elementor-widget-container\">\n\t\t\t\t\t\t\t\t\t\t\t\t\t\t\t<img fetchpriority=\"high\" decoding=\"async\" width=\"1000\" height=\"250\" src=\"https:\/\/staging.aldeco.pt\/wp-content\/uploads\/2024\/04\/norte-2020.png\" class=\"attachment-large size-large wp-image-143015\" alt=\"\" \/>\t\t\t\t\t\t\t\t\t\t\t\t\t\t\t<\/div>\n\t\t\t\t<\/div>\n\t\t\t\t<div class=\"elementor-element elementor-element-ad4bc14 elementor-widget elementor-widget-text-editor\" data-id=\"ad4bc14\" data-element_type=\"widget\" data-e-type=\"widget\" data-widget_type=\"text-editor.default\">\n\t\t\t\t<div class=\"elementor-widget-container\">\n\t\t\t\t\t\t\t\t\t<p><strong>Designa\u00e7\u00e3o do projeto |<\/strong> Projeto Internacional Aldeco<\/p>\n<p><strong>C\u00f3digo do projeto |<\/strong> NORTH-02-0752-FEDER-047958<\/p>\n<p><strong>Objetivo principal |<\/strong> OT 3 &#8211; Fortalecer a competitividade das PMEs<\/p>\n<p><strong>Regi\u00e3o de interven\u00e7\u00e3o |<\/strong> Norte<\/p>\n<p><strong>Entidade benefici\u00e1ria |<\/strong> ALDECO \u2013 COM\u00c9RCIO INTERNACIONAL, S.A.<\/p>\n<p>&nbsp;<\/p>\n<p><strong>Data de aprova\u00e7\u00e3o |<\/strong> 28-12-2020<\/p>\n<p><strong>Data de in\u00edcio |<\/strong> 10-01-2020<\/p>\n<p><strong>Data de conclus\u00e3o |<\/strong> 30\/03\/2023<\/p>\n<p><strong>Custo total <\/strong>eleg\u00edvel<strong> |<\/strong> 860,550.45 euros<\/p>\n<p><strong>Apoio financeiro da Uni\u00e3o Europeia |<\/strong> 387,247.70 euros Taxa de execu\u00e7\u00e3o | 66.67%<\/p>\n<p><strong>Atividades \/ Objetivos:<\/strong><\/p>\n<ol>\n<li>Aumentar o peso do mercado internacional em rela\u00e7\u00e3o ao mercado nacional no VN Total.<\/li>\n<li>Apostar na diversifica\u00e7\u00e3o de mercados com forte potencial de crescimento e fortalecer a sua participa\u00e7\u00e3o nos mercados em que opera.<\/li>\n<li>Cria\u00e7\u00e3o constante de novos conceitos de design nos seus produtos, permitindo individualiz\u00e1-los e personaliz\u00e1-los.<\/li>\n<li>Dinamizar a estrat\u00e9gia de marketing, refor\u00e7ando e monetizando a\u00e7\u00f5es de marketing, aumentando a visibilidade e notoriedade da marca Aldeco.<\/li>\n<li>Contrata\u00e7\u00e3o de pessoal altamente qualificado.<\/li>\n<\/ol>\n<p>Al\u00e9m dos objetivos mencionados, a ALDECO pretendia aumentar a sua Intensidade de Exporta\u00e7\u00e3o em 2023, com uma perspectiva de aumento nos anos seguintes. Os objetivos definidos consolidam a estrat\u00e9gia da ALD que, apesar de j\u00e1 estar presente em v\u00e1rios pa\u00edses, em todo o mundo, pretendia consolidar a sua presen\u00e7a nos mercados onde j\u00e1 opera (novos segmentos) e penetrar em novos mercados, a fim de ser uma empresa de alta notoriedade e diversidade, em todo o globo.<\/p>\n\t\t\t\t\t\t\t\t<\/div>\n\t\t\t\t<\/div>\n\t\t\t\t\t<\/div>\n\t\t\t\t<\/div>\n\t\t<div class=\"has_eae_slider elementor-element elementor-element-9e86686 e-flex e-con-boxed e-con e-parent\" data-eae-slider=\"61663\" data-particle_enable=\"false\" data-particle-mobile-disabled=\"false\" data-id=\"9e86686\" data-element_type=\"container\" data-e-type=\"container\">\n\t\t\t\t\t<div class=\"e-con-inner\">\n\t\t\t\t\t<\/div>\n\t\t\t\t<\/div>\n\t\t\t\t<\/div>\n\t\t","protected":false},"excerpt":{"rendered":"<p>Designa\u00e7\u00e3o do projeto | Projeto Internacional Aldeco C\u00f3digo do projeto | NORTH-02-0752-FEDER-047958 Objetivo principal | OT 3 &#8211; Fortalecer a competitividade das PMEs Regi\u00e3o de interven\u00e7\u00e3o | Norte Entidade benefici\u00e1ria | ALDECO \u2013 COM\u00c9RCIO INTERNACIONAL, S.A. &nbsp; Data de aprova\u00e7\u00e3o | 28-12-2020 Data de in\u00edcio | 10-01-2020 Data de conclus\u00e3o | 30\/03\/2023 Custo total eleg\u00edvel [&hellip;]<\/p>\n","protected":false},"author":2,"featured_media":0,"parent":0,"menu_order":0,"comment_status":"closed","ping_status":"closed","template":"","meta":{"footnotes":""},"class_list":["post-162440","page","type-page","status-publish","hentry"],"acf":[],"_links":{"self":[{"href":"https:\/\/staging.aldeco.pt\/pt-pt\/wp-json\/wp\/v2\/pages\/162440","targetHints":{"allow":["GET"]}}],"collection":[{"href":"https:\/\/staging.aldeco.pt\/pt-pt\/wp-json\/wp\/v2\/pages"}],"about":[{"href":"https:\/\/staging.aldeco.pt\/pt-pt\/wp-json\/wp\/v2\/types\/page"}],"author":[{"embeddable":true,"href":"https:\/\/staging.aldeco.pt\/pt-pt\/wp-json\/wp\/v2\/users\/2"}],"replies":[{"embeddable":true,"href":"https:\/\/staging.aldeco.pt\/pt-pt\/wp-json\/wp\/v2\/comments?post=162440"}],"version-history":[{"count":3,"href":"https:\/\/staging.aldeco.pt\/pt-pt\/wp-json\/wp\/v2\/pages\/162440\/revisions"}],"predecessor-version":[{"id":205060,"href":"https:\/\/staging.aldeco.pt\/pt-pt\/wp-json\/wp\/v2\/pages\/162440\/revisions\/205060"}],"wp:attachment":[{"href":"https:\/\/staging.aldeco.pt\/pt-pt\/wp-json\/wp\/v2\/media?parent=162440"}],"curies":[{"name":"wp","href":"https:\/\/api.w.org\/{rel}","templated":true}]}}