{"id":161392,"date":"2023-07-07T10:18:34","date_gmt":"2023-07-07T10:18:34","guid":{"rendered":"https:\/\/aldeco.pt\/staging\/politica-de-cookies\/"},"modified":"2024-06-13T17:48:19","modified_gmt":"2024-06-13T17:48:19","slug":"politica-de-cookies","status":"publish","type":"page","link":"https:\/\/staging.aldeco.pt\/pt-pt\/politica-de-cookies\/","title":{"rendered":"Pol\u00edtica de Cookies"},"content":{"rendered":"\t\t<div data-elementor-type=\"wp-page\" data-elementor-id=\"161392\" class=\"elementor elementor-161392 elementor-45351\" data-elementor-post-type=\"page\">\n\t\t\t\t<div class=\"has_eae_slider elementor-element elementor-element-124e23a e-flex e-con-boxed e-con e-parent\" data-eae-slider=\"53495\" data-particle_enable=\"false\" data-particle-mobile-disabled=\"false\" data-id=\"124e23a\" data-element_type=\"container\" data-e-type=\"container\">\n\t\t\t\t\t<div class=\"e-con-inner\">\n\t\t\t\t<div class=\"elementor-element elementor-element-249549a elementor-widget elementor-widget-heading\" data-id=\"249549a\" data-element_type=\"widget\" data-e-type=\"widget\" data-widget_type=\"heading.default\">\n\t\t\t\t<div class=\"elementor-widget-container\">\n\t\t\t\t\t<h3 class=\"elementor-heading-title elementor-size-default\">POL\u00cdTICA DE COOKIES<\/h3>\t\t\t\t<\/div>\n\t\t\t\t<\/div>\n\t\t\t\t<div class=\"elementor-element elementor-element-ad4bc14 elementor-widget elementor-widget-text-editor\" data-id=\"ad4bc14\" data-element_type=\"widget\" data-e-type=\"widget\" data-widget_type=\"text-editor.default\">\n\t\t\t\t<div class=\"elementor-widget-container\">\n\t\t\t\t\t\t\t\t\t<p>Este website utiliza Cookies. Utilizamos cookies para personalizar conte\u00fados e an\u00fancios, para fornecer funcionalidades de redes sociais e para analisar o tr\u00e1fego do nosso website.<\/p>\r\n<p><span style=\"text-align: var(--text-align);\">Os cookies s\u00e3o pequenos ficheiros de texto que podem ser utilizados pelos websites para tornar a experi\u00eancia do utilizador mais eficiente.<\/span><\/p>\r\n<p>A lei estabelece que podemos armazenar cookies no seu dispositivo se forem estritamente necess\u00e1rios para o funcionamento deste website. Para todos os outros tipos de cookies, necessitamos da sua autoriza\u00e7\u00e3o.<\/p>\r\n<p>O utilizador pode alterar ou retirar o seu consentimento da Declara\u00e7\u00e3o de Cookies no nosso website a qualquer momento.<\/p>\r\n<p>Ao continuar a utilizar este website, pressup\u00f5e-se que o utilizador concorda com a nossa Pol\u00edtica de Cookies.<\/p>\t\t\t\t\t\t\t\t<\/div>\n\t\t\t\t<\/div>\n\t\t\t\t\t<\/div>\n\t\t\t\t<\/div>\n\t\t\t\t<\/div>\n\t\t","protected":false},"excerpt":{"rendered":"<p>POL\u00cdTICA DE COOKIES Este website utiliza Cookies. Utilizamos cookies para personalizar conte\u00fados e an\u00fancios, para fornecer funcionalidades de redes sociais e para analisar o tr\u00e1fego do nosso website. Os cookies s\u00e3o pequenos ficheiros de texto que podem ser utilizados pelos websites para tornar a experi\u00eancia do utilizador mais eficiente. A lei estabelece que podemos armazenar [&hellip;]<\/p>\n","protected":false},"author":2,"featured_media":0,"parent":0,"menu_order":0,"comment_status":"closed","ping_status":"closed","template":"","meta":{"footnotes":""},"class_list":["post-161392","page","type-page","status-publish","hentry"],"acf":[],"_links":{"self":[{"href":"https:\/\/staging.aldeco.pt\/pt-pt\/wp-json\/wp\/v2\/pages\/161392","targetHints":{"allow":["GET"]}}],"collection":[{"href":"https:\/\/staging.aldeco.pt\/pt-pt\/wp-json\/wp\/v2\/pages"}],"about":[{"href":"https:\/\/staging.aldeco.pt\/pt-pt\/wp-json\/wp\/v2\/types\/page"}],"author":[{"embeddable":true,"href":"https:\/\/staging.aldeco.pt\/pt-pt\/wp-json\/wp\/v2\/users\/2"}],"replies":[{"embeddable":true,"href":"https:\/\/staging.aldeco.pt\/pt-pt\/wp-json\/wp\/v2\/comments?post=161392"}],"version-history":[{"count":4,"href":"https:\/\/staging.aldeco.pt\/pt-pt\/wp-json\/wp\/v2\/pages\/161392\/revisions"}],"predecessor-version":[{"id":187869,"href":"https:\/\/staging.aldeco.pt\/pt-pt\/wp-json\/wp\/v2\/pages\/161392\/revisions\/187869"}],"wp:attachment":[{"href":"https:\/\/staging.aldeco.pt\/pt-pt\/wp-json\/wp\/v2\/media?parent=161392"}],"curies":[{"name":"wp","href":"https:\/\/api.w.org\/{rel}","templated":true}]}}