{"id":161333,"date":"2024-02-26T18:21:53","date_gmt":"2024-02-26T18:21:53","guid":{"rendered":"https:\/\/aldeco.pt\/staging\/politica-de-qualidade\/"},"modified":"2024-08-26T10:21:39","modified_gmt":"2024-08-26T10:21:39","slug":"politica-de-qualidade","status":"publish","type":"page","link":"https:\/\/staging.aldeco.pt\/pt-pt\/politica-de-qualidade\/","title":{"rendered":"POL\u00cdTICA DE QUALIDADE"},"content":{"rendered":"\t\t<div data-elementor-type=\"wp-page\" data-elementor-id=\"161333\" class=\"elementor elementor-161333 elementor-118595\" data-elementor-post-type=\"page\">\n\t\t\t\t<div class=\"has_eae_slider elementor-element elementor-element-31ca9c9 e-flex e-con-boxed e-con e-parent\" data-eae-slider=\"57822\" data-particle_enable=\"false\" data-particle-mobile-disabled=\"false\" data-id=\"31ca9c9\" data-element_type=\"container\" data-e-type=\"container\">\n\t\t\t\t\t<div class=\"e-con-inner\">\n\t\t\t\t<div class=\"elementor-element elementor-element-632ff49 elementor-widget elementor-widget-heading\" data-id=\"632ff49\" data-element_type=\"widget\" data-e-type=\"widget\" data-widget_type=\"heading.default\">\n\t\t\t\t<div class=\"elementor-widget-container\">\n\t\t\t\t\t<h2 class=\"elementor-heading-title elementor-size-default\">POL\u00cdTICA DE QUALIDADE<\/h2>\t\t\t\t<\/div>\n\t\t\t\t<\/div>\n\t\t\t\t<div class=\"elementor-element elementor-element-70883eb elementor-widget elementor-widget-text-editor\" data-id=\"70883eb\" data-element_type=\"widget\" data-e-type=\"widget\" data-widget_type=\"text-editor.default\">\n\t\t\t\t<div class=\"elementor-widget-container\">\n\t\t\t\t\t\t\t\t\t<div>\n<p>Define-se pela sua identidade, criatividade e profissionalismo, dando o melhor servi\u00e7o aos seus clientes, criando conceitos surpreendentes e inovadores e oferecendo uma vasta gama de produtos originais para agitar e melhorar o mundo de tecidos de topo.<\/p>\n<p>Para isso, aposta na qualidade atrav\u00e9s da implementa\u00e7\u00e3o de um Sistema de Gest\u00e3o da Qualidade, conforme a NP EN ISO 9001:2015.<\/p>\n<p>A Aldeco compromete-se a privilegiar a:<\/p>\n<\/div>\n<ul>\n<li>\u2022 Implementa\u00e7\u00e3o, controlo e melhoria do planeamento em todos os processos da empresa.<\/li>\n<li>\u2022 Melhoria cont\u00ednua do servi\u00e7o e resposta ao cliente, passando pelo melhor controlo e gest\u00e3o de stocks.<\/li>\n<li>\u2022 Melhoria da gest\u00e3o de Recursos Humanos com enfoque na forma\u00e7\u00e3o cont\u00ednua com vista o melhoramento de compet\u00eancias, promovendo a comunica\u00e7\u00e3o entre todos os departamentos da empresa e adotando pol\u00edticas de incentivo para os colaboradores.<\/li>\n<li>\u2022 Aplica\u00e7\u00e3o de novas tecnologias para facilitar e agilizar os processos de trabalho da ALDECO.<\/li>\n<li>\u2022 Cumprimento dos requisitos legais e normativos.<\/li>\n<li>\u2022 Desenvolvimento de rela\u00e7\u00f5es mutuamente ben\u00e9ficas com fornecedores e restantes partes interessadas.<\/li>\n<\/ul>\n<div>De maneira determinada e ambiciosa, e criando verdadeiras rela\u00e7\u00f5es de parceria com os nossos fornecedores, clientes e outras partes interessadas, a Aldeco pode atender \u00e0s necessidades do mercado oferecendo uma extensa linha de solu\u00e7\u00f5es.<\/p>\n<p><em style=\"background: #ffffff; font-size: 12px; margin: 0px; padding: 0px; border: 0px; outline: 0px; vertical-align: top; color: #333333; font-family: 'Open Sans', Arial; text-align: right;\">Grij\u00f3, 30 <span style=\"background: transparent; margin: 0px; padding: 0px; border: 0px; outline: 0px; vertical-align: top;\">de<\/span> mar\u00e7o de 2017, Ed.1<\/em><\/div>\n\t\t\t\t\t\t\t\t<\/div>\n\t\t\t\t<\/div>\n\t\t\t\t\t<\/div>\n\t\t\t\t<\/div>\n\t\t\t\t<\/div>\n\t\t","protected":false},"excerpt":{"rendered":"<p>POL\u00cdTICA DE QUALIDADE Define-se pela sua identidade, criatividade e profissionalismo, dando o melhor servi\u00e7o aos seus clientes, criando conceitos surpreendentes e inovadores e oferecendo uma vasta gama de produtos originais para agitar e melhorar o mundo de tecidos de topo. Para isso, aposta na qualidade atrav\u00e9s da implementa\u00e7\u00e3o de um Sistema de Gest\u00e3o da Qualidade, [&hellip;]<\/p>\n","protected":false},"author":2,"featured_media":0,"parent":0,"menu_order":0,"comment_status":"closed","ping_status":"closed","template":"","meta":{"footnotes":""},"class_list":["post-161333","page","type-page","status-publish","hentry"],"acf":[],"_links":{"self":[{"href":"https:\/\/staging.aldeco.pt\/pt-pt\/wp-json\/wp\/v2\/pages\/161333","targetHints":{"allow":["GET"]}}],"collection":[{"href":"https:\/\/staging.aldeco.pt\/pt-pt\/wp-json\/wp\/v2\/pages"}],"about":[{"href":"https:\/\/staging.aldeco.pt\/pt-pt\/wp-json\/wp\/v2\/types\/page"}],"author":[{"embeddable":true,"href":"https:\/\/staging.aldeco.pt\/pt-pt\/wp-json\/wp\/v2\/users\/2"}],"replies":[{"embeddable":true,"href":"https:\/\/staging.aldeco.pt\/pt-pt\/wp-json\/wp\/v2\/comments?post=161333"}],"version-history":[{"count":5,"href":"https:\/\/staging.aldeco.pt\/pt-pt\/wp-json\/wp\/v2\/pages\/161333\/revisions"}],"predecessor-version":[{"id":199765,"href":"https:\/\/staging.aldeco.pt\/pt-pt\/wp-json\/wp\/v2\/pages\/161333\/revisions\/199765"}],"wp:attachment":[{"href":"https:\/\/staging.aldeco.pt\/pt-pt\/wp-json\/wp\/v2\/media?parent=161333"}],"curies":[{"name":"wp","href":"https:\/\/api.w.org\/{rel}","templated":true}]}}