{"id":161331,"date":"2023-07-07T10:43:36","date_gmt":"2023-07-07T10:43:36","guid":{"rendered":"https:\/\/aldeco.pt\/staging\/politica-de-privacidade\/"},"modified":"2024-06-13T17:48:54","modified_gmt":"2024-06-13T17:48:54","slug":"politica-de-privacidade","status":"publish","type":"page","link":"https:\/\/staging.aldeco.pt\/pt-pt\/politica-de-privacidade\/","title":{"rendered":"Pol\u00edtica de privacidade"},"content":{"rendered":"\t\t<div data-elementor-type=\"wp-page\" data-elementor-id=\"161331\" class=\"elementor elementor-161331 elementor-45373\" data-elementor-post-type=\"page\">\n\t\t\t\t<div class=\"has_eae_slider elementor-element elementor-element-124e23a e-flex e-con-boxed e-con e-parent\" data-eae-slider=\"8720\" data-particle_enable=\"false\" data-particle-mobile-disabled=\"false\" data-id=\"124e23a\" data-element_type=\"container\" data-e-type=\"container\">\n\t\t\t\t\t<div class=\"e-con-inner\">\n\t\t\t\t<div class=\"elementor-element elementor-element-249549a elementor-widget elementor-widget-heading\" data-id=\"249549a\" data-element_type=\"widget\" data-e-type=\"widget\" data-widget_type=\"heading.default\">\n\t\t\t\t<div class=\"elementor-widget-container\">\n\t\t\t\t\t<h3 class=\"elementor-heading-title elementor-size-default\">POL\u00cdTICA DE PRIVACIDADE<\/h3>\t\t\t\t<\/div>\n\t\t\t\t<\/div>\n\t\t\t\t<div class=\"elementor-element elementor-element-ad4bc14 elementor-widget elementor-widget-text-editor\" data-id=\"ad4bc14\" data-element_type=\"widget\" data-e-type=\"widget\" data-widget_type=\"text-editor.default\">\n\t\t\t\t<div class=\"elementor-widget-container\">\n\t\t\t\t\t\t\t\t\t<p><strong>Termos de Aceita\u00e7\u00e3o<\/strong><br \/>Os conte\u00fados a seguir apresentam os termos do contrato entre o Utilizador e a ALDECO Quando o Usu\u00e1rio acesa e usa este site, ele admite ter lido e compreendido estes termos e ir\u00e1 realizar todas as leis e regras aplic\u00e1veis. Se o Usu\u00e1rio n\u00e3o concordar com estes termos, por favor n\u00e3o use este website. Todo o material apresentado neste website est\u00e1 protegido por lei.<\/p>\n<p><strong>Obriga\u00e7\u00f5es e Conduta<\/strong><br \/>O Utilizador deste site est\u00e1 apenas autorizado a fazer uso destes conte\u00fados apenas para fins pessoais. A publica\u00e7\u00e3o, reprodu\u00e7\u00e3o, ou distribui\u00e7\u00e3o destes conte\u00fados a terceiros \u00e9 estritamente proibido, sem a pr\u00e9via autoriza\u00e7\u00e3o da ALDECO. A ALDECO reserva-se o direito de proceder judicialmente contra os autores de qualquer utiliza\u00e7\u00e3o n\u00e3o autorizada dos conte\u00fados deste website. Usar este site significa que o Usu\u00e1rio aceita todas as condi\u00e7\u00f5es de utiliza\u00e7\u00e3o acima descritas.<\/p>\n<p><strong>Pol\u00edtica de Privacidade e Seguran\u00e7a<\/strong><br \/>Todos os dados coletados pelo ALDECO s\u00e3o apenas para o processo de fatura\u00e7\u00e3o. A nossa empresa assume um compromisso com os clientes de toda e qualquer privacidade dos dados pessoais, bem como, assumindo a sua seguran\u00e7a. Todas as informa\u00e7\u00f5es fornecidas v\u00e3o garantir que o nosso servi\u00e7o seja adequado para suas necessidades.<\/p>\n<p><strong>Direitos de Propriedade Intelectual<\/strong><br \/>Todos os conte\u00fados apresentados neste site s\u00e3o da propriedade exclusiva da ALDECO de: textos, imagens ou outro tipo de informa\u00e7\u00f5es que n\u00e3o procedem de terceiros. Portanto, todos os conte\u00fados est\u00e3o protegidos pela Lei de Prote\u00e7\u00e3o de Direitos de Autor. ALDECO tem o direito de alterar o conte\u00fado a qualquer momento, e n\u00e3o tem a obriga\u00e7\u00e3o de efetuar qualquer comunica\u00e7\u00e3o pr\u00e9via aos Utilizadores.<\/p>\n<p><strong>Links para Outros Sites<\/strong><br \/>Este website pode conter links para outros sites (&#8220;sites vinculados&#8221;). Os sites vinculados n\u00e3o s\u00e3o controlados por ALDECO n\u00e3o \u00e9 respons\u00e1vel por qualquer conte\u00fado desses sites.<\/p>\n\t\t\t\t\t\t\t\t<\/div>\n\t\t\t\t<\/div>\n\t\t\t\t\t<\/div>\n\t\t\t\t<\/div>\n\t\t\t\t<\/div>\n\t\t","protected":false},"excerpt":{"rendered":"<p>POL\u00cdTICA DE PRIVACIDADE Termos de Aceita\u00e7\u00e3o Os conte\u00fados a seguir apresentam os termos do contrato entre o Utilizador e a ALDECO Quando o Usu\u00e1rio acesa e usa este site, ele admite ter lido e compreendido estes termos e ir\u00e1 realizar todas as leis e regras aplic\u00e1veis. Se o Usu\u00e1rio n\u00e3o concordar com estes termos, por [&hellip;]<\/p>\n","protected":false},"author":2,"featured_media":0,"parent":0,"menu_order":0,"comment_status":"closed","ping_status":"closed","template":"","meta":{"footnotes":""},"class_list":["post-161331","page","type-page","status-publish","hentry"],"acf":[],"_links":{"self":[{"href":"https:\/\/staging.aldeco.pt\/pt-pt\/wp-json\/wp\/v2\/pages\/161331","targetHints":{"allow":["GET"]}}],"collection":[{"href":"https:\/\/staging.aldeco.pt\/pt-pt\/wp-json\/wp\/v2\/pages"}],"about":[{"href":"https:\/\/staging.aldeco.pt\/pt-pt\/wp-json\/wp\/v2\/types\/page"}],"author":[{"embeddable":true,"href":"https:\/\/staging.aldeco.pt\/pt-pt\/wp-json\/wp\/v2\/users\/2"}],"replies":[{"embeddable":true,"href":"https:\/\/staging.aldeco.pt\/pt-pt\/wp-json\/wp\/v2\/comments?post=161331"}],"version-history":[{"count":8,"href":"https:\/\/staging.aldeco.pt\/pt-pt\/wp-json\/wp\/v2\/pages\/161331\/revisions"}],"predecessor-version":[{"id":187870,"href":"https:\/\/staging.aldeco.pt\/pt-pt\/wp-json\/wp\/v2\/pages\/161331\/revisions\/187870"}],"wp:attachment":[{"href":"https:\/\/staging.aldeco.pt\/pt-pt\/wp-json\/wp\/v2\/media?parent=161331"}],"curies":[{"name":"wp","href":"https:\/\/api.w.org\/{rel}","templated":true}]}}