{"id":225241,"date":"2026-01-14T09:15:17","date_gmt":"2026-01-14T09:15:17","guid":{"rendered":"https:\/\/aldeco.pt\/staging\/product\/ligne-de-vie\/"},"modified":"2026-03-04T11:31:13","modified_gmt":"2026-03-04T11:31:13","slug":"ligne-de-vie","status":"publish","type":"product","link":"https:\/\/staging.aldeco.pt\/es\/product\/ligne-de-vie\/","title":{"rendered":"LIGNE DE VIE"},"content":{"rendered":"<p>LIGNE DE VIE es un jacquard ricamente bordado con varios tipos de puntadas. Su estructura de fondo con un patr\u00f3n en espiga contrasta con las l\u00edneas serpenteantes yuxtapuestas compuestas por diferentes hilos, incluido el yute. Este bordado pretende rendir homenaje a la fascinante vida de Veva de Lima. Su vida estuvo marcada por numerosos acontecimientos, desde exc\u00e9ntricas reuniones sociales y culturales hasta complejas din\u00e1micas familiares y profundas meditaciones existenciales. Ligne de Vie representa, a trav\u00e9s de la uni\u00f3n de elementos curvil\u00edneos, los altibajos de la vida de Veva, sobre el fondo CLAUS compuesto de algod\u00f3n, lino y viscosa. Recomendamos su uso para cortinas, decoraci\u00f3n y tapicer\u00eda ligera. D\u00e9jese deslumbrar por los tres elegantes tonos de Ligne de Vie.      <\/p>\n","protected":false},"excerpt":{"rendered":"<p>LIGNE DE VIE es un jacquard ricamente bordado con varios tipos de puntadas. Su estructura de fondo con un patr\u00f3n en espiga contrasta con las l\u00edneas serpenteantes yuxtapuestas compuestas por diferentes hilos, incluido el yute. Este bordado pretende rendir homenaje a la fascinante vida de Veva de Lima. Su vida estuvo marcada por numerosos acontecimientos, desde exc\u00e9ntricas reuniones sociales y culturales hasta complejas din\u00e1micas familiares y profundas meditaciones existenciales. Ligne de Vie representa, a trav\u00e9s de la uni\u00f3n de elementos curvil\u00edneos, los altibajos de la vida de Veva, sobre el fondo CLAUS compuesto de algod\u00f3n, lino y viscosa. Recomendamos su uso para cortinas, decoraci\u00f3n y tapicer\u00eda ligera. D\u00e9jese deslumbrar por los tres elegantes tonos de Ligne de Vie.      <\/p>\n","protected":false},"featured_media":224763,"template":"","meta":[],"product_brand":[],"product_cat":[6146],"product_tag":[],"class_list":{"0":"post-225241","1":"product","2":"type-product","3":"status-publish","4":"has-post-thumbnail","6":"product_cat-aldeco-2-es","7":"pa_cleanability-8283","8":"pa_composition-ext-52-bci-co-39-vi-9li-embroidery-85-pl-10-ju-5-pa-es","9":"pa_interior-fabrics-1-es","10":"pa_line-tapiceria-ligera","11":"pa_lithfastness-4-es","12":"pa_outdoor-0-es","13":"pa_range-bordado-es","14":"pa_range-jacquard-es","15":"pa_rapport-horizontal-43-5-es","16":"pa_rapport-vertical-39-es","17":"pa_sustainable-fabrics-1-es","20":"first","21":"instock","22":"purchasable","23":"product-type-variable"},"acf":[],"_links":{"self":[{"href":"https:\/\/staging.aldeco.pt\/es\/wp-json\/wp\/v2\/product\/225241","targetHints":{"allow":["GET"]}}],"collection":[{"href":"https:\/\/staging.aldeco.pt\/es\/wp-json\/wp\/v2\/product"}],"about":[{"href":"https:\/\/staging.aldeco.pt\/es\/wp-json\/wp\/v2\/types\/product"}],"version-history":[{"count":1,"href":"https:\/\/staging.aldeco.pt\/es\/wp-json\/wp\/v2\/product\/225241\/revisions"}],"predecessor-version":[{"id":225267,"href":"https:\/\/staging.aldeco.pt\/es\/wp-json\/wp\/v2\/product\/225241\/revisions\/225267"}],"wp:featuredmedia":[{"embeddable":true,"href":"https:\/\/staging.aldeco.pt\/es\/wp-json\/wp\/v2\/media\/224763"}],"wp:attachment":[{"href":"https:\/\/staging.aldeco.pt\/es\/wp-json\/wp\/v2\/media?parent=225241"}],"wp:term":[{"taxonomy":"product_brand","embeddable":true,"href":"https:\/\/staging.aldeco.pt\/es\/wp-json\/wp\/v2\/product_brand?post=225241"},{"taxonomy":"product_cat","embeddable":true,"href":"https:\/\/staging.aldeco.pt\/es\/wp-json\/wp\/v2\/product_cat?post=225241"},{"taxonomy":"product_tag","embeddable":true,"href":"https:\/\/staging.aldeco.pt\/es\/wp-json\/wp\/v2\/product_tag?post=225241"}],"curies":[{"name":"wp","href":"https:\/\/api.w.org\/{rel}","templated":true}]}}