{"id":225233,"date":"2026-01-14T09:15:41","date_gmt":"2026-01-14T09:15:41","guid":{"rendered":"https:\/\/aldeco.pt\/staging\/product\/chouchou\/"},"modified":"2026-03-04T11:30:26","modified_gmt":"2026-03-04T11:30:26","slug":"chouchou","status":"publish","type":"product","link":"https:\/\/staging.aldeco.pt\/es\/product\/chouchou\/","title":{"rendered":"CHOUCHOU"},"content":{"rendered":"<p>CHOUCHOU es un tejido jacquard para tapicer\u00eda con un dise\u00f1o geom\u00e9trico compuesto por formas contiguas, en el que cada l\u00ednea curva parece un gesto interrumpido a mitad de camino, como si el dise\u00f1o respirara a su propio ritmo. La base tiene un efecto similar al tejido panam\u00e1 con una microrreticulaci\u00f3n en la que se elevan arcos suaves, repetidos con una enorme precisi\u00f3n visual. El patr\u00f3n, formado por medias lunas sim\u00e9tricas que se entrelazan como eslabones de una cadena serena, crea un movimiento ondulado y org\u00e1nico. Es un tejido especial que transmite armon\u00eda, continuidad y elegancia, como si cada curva invitara a la mirada a seguir un camino tranquilo e infinito. Este tejido est\u00e1 disponible en una paleta de 7 colores variados, lo que le confiere profundidad y textura.    <\/p>\n","protected":false},"excerpt":{"rendered":"<p>CHOUCHOU es un tejido jacquard para tapicer\u00eda con un dise\u00f1o geom\u00e9trico compuesto por formas contiguas, en el que cada l\u00ednea curva parece un gesto interrumpido a mitad de camino, como si el dise\u00f1o respirara a su propio ritmo. La base tiene un efecto similar al tejido panam\u00e1 con una microrreticulaci\u00f3n en la que se elevan arcos suaves, repetidos con una enorme precisi\u00f3n visual. El patr\u00f3n, formado por medias lunas sim\u00e9tricas que se entrelazan como eslabones de una cadena serena, crea un movimiento ondulado y org\u00e1nico. Es un tejido especial que transmite armon\u00eda, continuidad y elegancia, como si cada curva invitara a la mirada a seguir un camino tranquilo e infinito. Este tejido est\u00e1 disponible en una paleta de 7 colores variados, lo que le confiere profundidad y textura.    <\/p>\n","protected":false},"featured_media":225472,"template":"","meta":[],"product_brand":[539],"product_cat":[6146],"product_tag":[],"class_list":{"0":"post-225233","1":"product","2":"type-product","3":"status-publish","4":"has-post-thumbnail","6":"product_brand-aldeco","7":"product_cat-aldeco-2-es","8":"pa_cleanability-8283","9":"pa_composition-ext-41-bci-co-59-pl-es","10":"pa_interior-fabrics-1-es","11":"pa_line-tapiceria","12":"pa_lithfastness-4-es","13":"pa_opportunities-descontinuado-es","14":"pa_outdoor-0-es","15":"pa_range-jacquard-es","16":"pa_rapport-horizontal-10-7-es","17":"pa_rapport-vertical-4-6-es","18":"pa_sustainable-fabrics-1-es","21":"first","22":"instock","23":"purchasable","24":"product-type-variable"},"acf":[],"_links":{"self":[{"href":"https:\/\/staging.aldeco.pt\/es\/wp-json\/wp\/v2\/product\/225233","targetHints":{"allow":["GET"]}}],"collection":[{"href":"https:\/\/staging.aldeco.pt\/es\/wp-json\/wp\/v2\/product"}],"about":[{"href":"https:\/\/staging.aldeco.pt\/es\/wp-json\/wp\/v2\/types\/product"}],"version-history":[{"count":1,"href":"https:\/\/staging.aldeco.pt\/es\/wp-json\/wp\/v2\/product\/225233\/revisions"}],"predecessor-version":[{"id":225266,"href":"https:\/\/staging.aldeco.pt\/es\/wp-json\/wp\/v2\/product\/225233\/revisions\/225266"}],"wp:featuredmedia":[{"embeddable":true,"href":"https:\/\/staging.aldeco.pt\/es\/wp-json\/wp\/v2\/media\/225472"}],"wp:attachment":[{"href":"https:\/\/staging.aldeco.pt\/es\/wp-json\/wp\/v2\/media?parent=225233"}],"wp:term":[{"taxonomy":"product_brand","embeddable":true,"href":"https:\/\/staging.aldeco.pt\/es\/wp-json\/wp\/v2\/product_brand?post=225233"},{"taxonomy":"product_cat","embeddable":true,"href":"https:\/\/staging.aldeco.pt\/es\/wp-json\/wp\/v2\/product_cat?post=225233"},{"taxonomy":"product_tag","embeddable":true,"href":"https:\/\/staging.aldeco.pt\/es\/wp-json\/wp\/v2\/product_tag?post=225233"}],"curies":[{"name":"wp","href":"https:\/\/api.w.org\/{rel}","templated":true}]}}