{"id":225229,"date":"2026-01-14T09:16:41","date_gmt":"2026-01-14T09:16:41","guid":{"rendered":"https:\/\/aldeco.pt\/staging\/product\/feline\/"},"modified":"2026-03-04T11:29:40","modified_gmt":"2026-03-04T11:29:40","slug":"feline","status":"publish","type":"product","link":"https:\/\/staging.aldeco.pt\/es\/product\/feline\/","title":{"rendered":"FELINE"},"content":{"rendered":"<p>FELINE es una preciosa chenilla con un bordado abstracto que evoca un estampado animal. En esta tela para tapicer\u00eda, la irreverencia salvaje reproduce movimiento, ritmo y sutileza t\u00e9cnica. El fondo suave y aterciopelado, llamado TOTO, presenta formas bordadas alargadas y din\u00e1micas. Las figuras abstractas evocan siluetas felinas fugaces o colas que se mecen con el viento, alternando entre rellenos en zigzag y trazos lineales en un tono c\u00e1lido. Este juego entre lo lleno y lo vac\u00edo, con diferentes texturas, crea la sensaci\u00f3n de que el patr\u00f3n se mueve constantemente por el fondo. El zigzag contrastante se mezcla fluidamente con el contorno en tonos tierra. Feline representa el lujo y la audacia, transformando cualquier espacio en un escenario donde la elegancia se mueve silenciosamente. Est\u00e1 disponible en 3 tonos naturales.       <\/p>\n","protected":false},"excerpt":{"rendered":"<p>FELINE es una preciosa chenilla con un bordado abstracto que evoca un estampado animal. En esta tela para tapicer\u00eda, la irreverencia salvaje reproduce movimiento, ritmo y sutileza t\u00e9cnica. El fondo suave y aterciopelado, llamado TOTO, presenta formas bordadas alargadas y din\u00e1micas. Las figuras abstractas evocan siluetas felinas fugaces o colas que se mecen con el viento, alternando entre rellenos en zigzag y trazos lineales en un tono c\u00e1lido. Este juego entre lo lleno y lo vac\u00edo, con diferentes texturas, crea la sensaci\u00f3n de que el patr\u00f3n se mueve constantemente por el fondo. El zigzag contrastante se mezcla fluidamente con el contorno en tonos tierra. Feline representa el lujo y la audacia, transformando cualquier espacio en un escenario donde la elegancia se mueve silenciosamente. Est\u00e1 disponible en 3 tonos naturales.       <\/p>\n","protected":false},"featured_media":224787,"template":"","meta":[],"product_brand":[],"product_cat":[6146],"product_tag":[],"class_list":{"0":"post-225229","1":"product","2":"type-product","3":"status-publish","4":"has-post-thumbnail","6":"product_cat-aldeco-2-es","7":"pa_cleanability-8283","8":"pa_composition-ext-100-pl-embroidery-60-pac-30-pl-10-vi-es","9":"pa_interior-fabrics-1-es","10":"pa_line-tapiceria","11":"pa_lithfastness-4-es","12":"pa_opportunities-descontinuado-es","13":"pa_outdoor-0-es","14":"pa_range-bordado-es","15":"pa_range-chenilla","16":"pa_rapport-horizontal-43-4-es","17":"pa_rapport-vertical-59-es","18":"pa_sustainable-fabrics-1-es","21":"first","22":"instock","23":"purchasable","24":"product-type-variable"},"acf":[],"_links":{"self":[{"href":"https:\/\/staging.aldeco.pt\/es\/wp-json\/wp\/v2\/product\/225229","targetHints":{"allow":["GET"]}}],"collection":[{"href":"https:\/\/staging.aldeco.pt\/es\/wp-json\/wp\/v2\/product"}],"about":[{"href":"https:\/\/staging.aldeco.pt\/es\/wp-json\/wp\/v2\/types\/product"}],"version-history":[{"count":1,"href":"https:\/\/staging.aldeco.pt\/es\/wp-json\/wp\/v2\/product\/225229\/revisions"}],"predecessor-version":[{"id":225265,"href":"https:\/\/staging.aldeco.pt\/es\/wp-json\/wp\/v2\/product\/225229\/revisions\/225265"}],"wp:featuredmedia":[{"embeddable":true,"href":"https:\/\/staging.aldeco.pt\/es\/wp-json\/wp\/v2\/media\/224787"}],"wp:attachment":[{"href":"https:\/\/staging.aldeco.pt\/es\/wp-json\/wp\/v2\/media?parent=225229"}],"wp:term":[{"taxonomy":"product_brand","embeddable":true,"href":"https:\/\/staging.aldeco.pt\/es\/wp-json\/wp\/v2\/product_brand?post=225229"},{"taxonomy":"product_cat","embeddable":true,"href":"https:\/\/staging.aldeco.pt\/es\/wp-json\/wp\/v2\/product_cat?post=225229"},{"taxonomy":"product_tag","embeddable":true,"href":"https:\/\/staging.aldeco.pt\/es\/wp-json\/wp\/v2\/product_tag?post=225229"}],"curies":[{"name":"wp","href":"https:\/\/api.w.org\/{rel}","templated":true}]}}