{"id":225225,"date":"2026-01-14T09:17:03","date_gmt":"2026-01-14T09:17:03","guid":{"rendered":"https:\/\/aldeco.pt\/staging\/product\/toto\/"},"modified":"2026-03-04T11:28:56","modified_gmt":"2026-03-04T11:28:56","slug":"toto","status":"publish","type":"product","link":"https:\/\/staging.aldeco.pt\/es\/product\/toto\/","title":{"rendered":"TOTO"},"content":{"rendered":"<p>TOTO es un tejido de chenilla extremadamente duradero para tapicer\u00eda. Este tejido, tan suave como el terciopelo, sirve de base para el bordado FELINE. TOTO tiene una textura delicada y un tacto muy agradable. El nombre TOTO rinde homenaje al leopardo del mismo nombre que Veva ten\u00eda como mascota y que sol\u00eda pasear por las calles de Lisboa. Esta elegante chenilla est\u00e1 disponible en los tres colores de fondo del bordado Feline para completar el look.    <\/p>\n","protected":false},"excerpt":{"rendered":"<p>TOTO es un tejido de chenilla extremadamente duradero para tapicer\u00eda. Este tejido, tan suave como el terciopelo, sirve de base para el bordado FELINE. TOTO tiene una textura delicada y un tacto muy agradable. El nombre TOTO rinde homenaje al leopardo del mismo nombre que Veva ten\u00eda como mascota y que sol\u00eda pasear por las calles de Lisboa. Esta elegante chenilla est\u00e1 disponible en los tres colores de fondo del bordado Feline para completar el look.    <\/p>\n","protected":false},"featured_media":224795,"template":"","meta":[],"product_brand":[],"product_cat":[6146],"product_tag":[],"class_list":{"0":"post-225225","1":"product","2":"type-product","3":"status-publish","4":"has-post-thumbnail","6":"product_cat-aldeco-2-es","7":"pa_cleanability-8283","8":"pa_composition-ext-100-pl-es","9":"pa_interior-fabrics-1-es","10":"pa_line-tapiceria","11":"pa_lithfastness-4-es","12":"pa_opportunities-descontinuado-es","13":"pa_outdoor-0-es","14":"pa_range-chenilla","15":"pa_rapport-horizontal-_-es","16":"pa_rapport-vertical-_-es","17":"pa_sustainable-fabrics-1-es","20":"first","21":"instock","22":"purchasable","23":"product-type-variable"},"acf":[],"_links":{"self":[{"href":"https:\/\/staging.aldeco.pt\/es\/wp-json\/wp\/v2\/product\/225225","targetHints":{"allow":["GET"]}}],"collection":[{"href":"https:\/\/staging.aldeco.pt\/es\/wp-json\/wp\/v2\/product"}],"about":[{"href":"https:\/\/staging.aldeco.pt\/es\/wp-json\/wp\/v2\/types\/product"}],"version-history":[{"count":1,"href":"https:\/\/staging.aldeco.pt\/es\/wp-json\/wp\/v2\/product\/225225\/revisions"}],"predecessor-version":[{"id":225264,"href":"https:\/\/staging.aldeco.pt\/es\/wp-json\/wp\/v2\/product\/225225\/revisions\/225264"}],"wp:featuredmedia":[{"embeddable":true,"href":"https:\/\/staging.aldeco.pt\/es\/wp-json\/wp\/v2\/media\/224795"}],"wp:attachment":[{"href":"https:\/\/staging.aldeco.pt\/es\/wp-json\/wp\/v2\/media?parent=225225"}],"wp:term":[{"taxonomy":"product_brand","embeddable":true,"href":"https:\/\/staging.aldeco.pt\/es\/wp-json\/wp\/v2\/product_brand?post=225225"},{"taxonomy":"product_cat","embeddable":true,"href":"https:\/\/staging.aldeco.pt\/es\/wp-json\/wp\/v2\/product_cat?post=225225"},{"taxonomy":"product_tag","embeddable":true,"href":"https:\/\/staging.aldeco.pt\/es\/wp-json\/wp\/v2\/product_tag?post=225225"}],"curies":[{"name":"wp","href":"https:\/\/api.w.org\/{rel}","templated":true}]}}