{"id":225219,"date":"2026-01-14T09:17:24","date_gmt":"2026-01-14T09:17:24","guid":{"rendered":"https:\/\/aldeco.pt\/staging\/product\/claus\/"},"modified":"2026-03-04T11:28:33","modified_gmt":"2026-03-04T11:28:33","slug":"claus","status":"publish","type":"product","link":"https:\/\/staging.aldeco.pt\/es\/product\/claus\/","title":{"rendered":"CLAUS"},"content":{"rendered":"<p>CLAUS es un tejido jacquard con un patr\u00f3n en espiga. Este tejido para tapicer\u00eda destaca entre los tejidos lisos habituales porque, a pesar de estar disponible en colores lisos, crea ricos matices en zigzag. Claus es un tejido te\u00f1ido en pieza compuesto por algod\u00f3n BCI (Better Iniciative Cotton), lino y viscosa Ecovera, lo que lo convierte en un tejido ecol\u00f3gico. Este tejido sirve de base para dos elegantes bordados de la colecci\u00f3n: Farouche y Ligne de Vie. Est\u00e1 disponible en 5 colores que combinan perfectamente con los dem\u00e1s tejidos de la colecci\u00f3n.    <\/p>\n","protected":false},"excerpt":{"rendered":"<p>CLAUS es un tejido jacquard con un patr\u00f3n en espiga. Este tejido para tapicer\u00eda destaca entre los tejidos lisos habituales porque, a pesar de estar disponible en colores lisos, crea ricos matices en zigzag. Claus es un tejido te\u00f1ido en pieza compuesto por algod\u00f3n BCI (Better Iniciative Cotton), lino y viscosa Ecovera, lo que lo convierte en un tejido ecol\u00f3gico. Este tejido sirve de base para dos elegantes bordados de la colecci\u00f3n: Farouche y Ligne de Vie. Est\u00e1 disponible en 5 colores que combinan perfectamente con los dem\u00e1s tejidos de la colecci\u00f3n.    <\/p>\n","protected":false},"featured_media":224803,"template":"","meta":[],"product_brand":[],"product_cat":[6146],"product_tag":[],"class_list":{"0":"post-225219","1":"product","2":"type-product","3":"status-publish","4":"has-post-thumbnail","6":"product_cat-aldeco-2-es","7":"pa_cleanability-8283","8":"pa_composition-ext-52-bci-co-39-vi-9li-es","9":"pa_interior-fabrics-1-es","10":"pa_line-tapiceria","11":"pa_lithfastness-4-es","12":"pa_opportunities-descontinuado-es","13":"pa_outdoor-0-es","14":"pa_range-jacquard-es","15":"pa_rapport-horizontal-1-8-es","16":"pa_rapport-vertical-_-es","17":"pa_sustainable-fabrics-1-es","20":"first","21":"instock","22":"purchasable","23":"product-type-variable"},"acf":[],"_links":{"self":[{"href":"https:\/\/staging.aldeco.pt\/es\/wp-json\/wp\/v2\/product\/225219","targetHints":{"allow":["GET"]}}],"collection":[{"href":"https:\/\/staging.aldeco.pt\/es\/wp-json\/wp\/v2\/product"}],"about":[{"href":"https:\/\/staging.aldeco.pt\/es\/wp-json\/wp\/v2\/types\/product"}],"version-history":[{"count":1,"href":"https:\/\/staging.aldeco.pt\/es\/wp-json\/wp\/v2\/product\/225219\/revisions"}],"predecessor-version":[{"id":225263,"href":"https:\/\/staging.aldeco.pt\/es\/wp-json\/wp\/v2\/product\/225219\/revisions\/225263"}],"wp:featuredmedia":[{"embeddable":true,"href":"https:\/\/staging.aldeco.pt\/es\/wp-json\/wp\/v2\/media\/224803"}],"wp:attachment":[{"href":"https:\/\/staging.aldeco.pt\/es\/wp-json\/wp\/v2\/media?parent=225219"}],"wp:term":[{"taxonomy":"product_brand","embeddable":true,"href":"https:\/\/staging.aldeco.pt\/es\/wp-json\/wp\/v2\/product_brand?post=225219"},{"taxonomy":"product_cat","embeddable":true,"href":"https:\/\/staging.aldeco.pt\/es\/wp-json\/wp\/v2\/product_cat?post=225219"},{"taxonomy":"product_tag","embeddable":true,"href":"https:\/\/staging.aldeco.pt\/es\/wp-json\/wp\/v2\/product_tag?post=225219"}],"curies":[{"name":"wp","href":"https:\/\/api.w.org\/{rel}","templated":true}]}}