{"id":225215,"date":"2026-01-14T09:18:12","date_gmt":"2026-01-14T09:18:12","guid":{"rendered":"https:\/\/aldeco.pt\/staging\/product\/farouche\/"},"modified":"2026-03-04T11:28:18","modified_gmt":"2026-03-04T11:28:18","slug":"farouche","status":"publish","type":"product","link":"https:\/\/staging.aldeco.pt\/es\/product\/farouche\/","title":{"rendered":"FAROUCHE"},"content":{"rendered":"<p>FARROUCHE es un tejido jacquard \u2014sobre fondo CLAUS\u2014 con un intrincado bordado de inspiraci\u00f3n animal. Sus gruesas puntadas bordadas contrastan y resplandecen al mismo tiempo con la l\u00ednea ondulada que forma elegantes rayas verticales en el tejido. Este patr\u00f3n abstracto forma l\u00edneas horizontales irregulares que recuerdan a un estampado animal. Este tejido irreverente y atrevido es extremadamente vers\u00e1til, adecuado para su uso en decoraci\u00f3n, tapicer\u00eda ligera y cortinas. Est\u00e1 disponible en 3 colores muy naturales.    <\/p>\n","protected":false},"excerpt":{"rendered":"<p>FARROUCHE es un tejido jacquard \u2014sobre fondo CLAUS\u2014 con un intrincado bordado de inspiraci\u00f3n animal. Sus gruesas puntadas bordadas contrastan y resplandecen al mismo tiempo con la l\u00ednea ondulada que forma elegantes rayas verticales en el tejido. Este patr\u00f3n abstracto forma l\u00edneas horizontales irregulares que recuerdan a un estampado animal. Este tejido irreverente y atrevido es extremadamente vers\u00e1til, adecuado para su uso en decoraci\u00f3n, tapicer\u00eda ligera y cortinas. Est\u00e1 disponible en 3 colores muy naturales.    <\/p>\n","protected":false},"featured_media":224815,"template":"","meta":[],"product_brand":[],"product_cat":[6146],"product_tag":[],"class_list":{"0":"post-225215","1":"product","2":"type-product","3":"status-publish","4":"has-post-thumbnail","6":"product_cat-aldeco-2-es","7":"pa_cleanability-8283","8":"pa_composition-ext-52-bci-co-39-vi-9li-embroidery-70-pl-15-ju-10-vi-5-pa-es","9":"pa_interior-fabrics-1-es","10":"pa_line-tapiceria-ligera","11":"pa_lithfastness-4-es","12":"pa_opportunities-descontinuado-es","13":"pa_outdoor-0-es","14":"pa_range-bordado-es","15":"pa_range-jacquard-es","16":"pa_rapport-horizontal-33-es","17":"pa_rapport-vertical-58-es","18":"pa_sustainable-fabrics-1-es","21":"first","22":"instock","23":"purchasable","24":"product-type-variable"},"acf":[],"_links":{"self":[{"href":"https:\/\/staging.aldeco.pt\/es\/wp-json\/wp\/v2\/product\/225215","targetHints":{"allow":["GET"]}}],"collection":[{"href":"https:\/\/staging.aldeco.pt\/es\/wp-json\/wp\/v2\/product"}],"about":[{"href":"https:\/\/staging.aldeco.pt\/es\/wp-json\/wp\/v2\/types\/product"}],"version-history":[{"count":1,"href":"https:\/\/staging.aldeco.pt\/es\/wp-json\/wp\/v2\/product\/225215\/revisions"}],"predecessor-version":[{"id":225262,"href":"https:\/\/staging.aldeco.pt\/es\/wp-json\/wp\/v2\/product\/225215\/revisions\/225262"}],"wp:featuredmedia":[{"embeddable":true,"href":"https:\/\/staging.aldeco.pt\/es\/wp-json\/wp\/v2\/media\/224815"}],"wp:attachment":[{"href":"https:\/\/staging.aldeco.pt\/es\/wp-json\/wp\/v2\/media?parent=225215"}],"wp:term":[{"taxonomy":"product_brand","embeddable":true,"href":"https:\/\/staging.aldeco.pt\/es\/wp-json\/wp\/v2\/product_brand?post=225215"},{"taxonomy":"product_cat","embeddable":true,"href":"https:\/\/staging.aldeco.pt\/es\/wp-json\/wp\/v2\/product_cat?post=225215"},{"taxonomy":"product_tag","embeddable":true,"href":"https:\/\/staging.aldeco.pt\/es\/wp-json\/wp\/v2\/product_tag?post=225215"}],"curies":[{"name":"wp","href":"https:\/\/api.w.org\/{rel}","templated":true}]}}