{"id":225204,"date":"2026-01-14T09:18:35","date_gmt":"2026-01-14T09:18:35","guid":{"rendered":"https:\/\/aldeco.pt\/staging\/product\/particulier-fr\/"},"modified":"2026-03-04T11:28:03","modified_gmt":"2026-03-04T11:28:03","slug":"particulier-fr","status":"publish","type":"product","link":"https:\/\/staging.aldeco.pt\/es\/product\/particulier-fr\/","title":{"rendered":"PARTICULIER FR"},"content":{"rendered":"<p>PARTICULIER FR es un sofisticado tejido jacquard destinado a la tapicer\u00eda. Este jacquard de algod\u00f3n y viscosa presenta un delicado estampado de ondas, como una sucesi\u00f3n de l\u00edneas que avanzan y retroceden en un ritmo continuo. Las sutiles vibraciones del dise\u00f1o crean la sensaci\u00f3n de una superficie en constante movimiento, como las ondas en la orilla de un r\u00edo, que se unen entre s\u00ed con un gesto preciso y controlado. El motivo din\u00e1mico sugiere la elegancia de una textura esculpida por el tiempo, enfatizando la sutileza, la profundidad y el refinamiento. Este tejido liso sint\u00e9tico cuenta con varias certificaciones ign\u00edfugas y est\u00e1 disponible en 10 colores que combinan f\u00e1cilmente con la colecci\u00f3n.    <\/p>\n","protected":false},"excerpt":{"rendered":"<p>PARTICULIER FR es un sofisticado tejido jacquard destinado a la tapicer\u00eda. Este jacquard de algod\u00f3n y viscosa presenta un delicado estampado de ondas, como una sucesi\u00f3n de l\u00edneas que avanzan y retroceden en un ritmo continuo. Las sutiles vibraciones del dise\u00f1o crean la sensaci\u00f3n de una superficie en constante movimiento, como las ondas en la orilla de un r\u00edo, que se unen entre s\u00ed con un gesto preciso y controlado. El motivo din\u00e1mico sugiere la elegancia de una textura esculpida por el tiempo, enfatizando la sutileza, la profundidad y el refinamiento. Este tejido liso sint\u00e9tico cuenta con varias certificaciones ign\u00edfugas y est\u00e1 disponible en 10 colores que combinan f\u00e1cilmente con la colecci\u00f3n.    <\/p>\n","protected":false},"featured_media":224823,"template":"","meta":[],"product_brand":[],"product_cat":[6146],"product_tag":[],"class_list":{"0":"post-225204","1":"product","2":"type-product","3":"status-publish","4":"has-post-thumbnail","6":"product_cat-aldeco-2-es","7":"pa_cleanability-8283","8":"pa_composition-ext-59-co-41-vi-es","9":"pa_contract-fabrics-1-es","10":"pa_interior-fabrics-1-es","11":"pa_line-tapiceria","12":"pa_lithfastness-5-es","13":"pa_opportunities-descontinuado-es","14":"pa_outdoor-0-es","15":"pa_range-jacquard-es","16":"pa_rapport-horizontal-_-es","17":"pa_rapport-vertical-_-es","18":"pa_sustainable-fabrics-1-es","21":"first","22":"instock","23":"purchasable","24":"product-type-variable"},"acf":[],"_links":{"self":[{"href":"https:\/\/staging.aldeco.pt\/es\/wp-json\/wp\/v2\/product\/225204","targetHints":{"allow":["GET"]}}],"collection":[{"href":"https:\/\/staging.aldeco.pt\/es\/wp-json\/wp\/v2\/product"}],"about":[{"href":"https:\/\/staging.aldeco.pt\/es\/wp-json\/wp\/v2\/types\/product"}],"version-history":[{"count":1,"href":"https:\/\/staging.aldeco.pt\/es\/wp-json\/wp\/v2\/product\/225204\/revisions"}],"predecessor-version":[{"id":225261,"href":"https:\/\/staging.aldeco.pt\/es\/wp-json\/wp\/v2\/product\/225204\/revisions\/225261"}],"wp:featuredmedia":[{"embeddable":true,"href":"https:\/\/staging.aldeco.pt\/es\/wp-json\/wp\/v2\/media\/224823"}],"wp:attachment":[{"href":"https:\/\/staging.aldeco.pt\/es\/wp-json\/wp\/v2\/media?parent=225204"}],"wp:term":[{"taxonomy":"product_brand","embeddable":true,"href":"https:\/\/staging.aldeco.pt\/es\/wp-json\/wp\/v2\/product_brand?post=225204"},{"taxonomy":"product_cat","embeddable":true,"href":"https:\/\/staging.aldeco.pt\/es\/wp-json\/wp\/v2\/product_cat?post=225204"},{"taxonomy":"product_tag","embeddable":true,"href":"https:\/\/staging.aldeco.pt\/es\/wp-json\/wp\/v2\/product_tag?post=225204"}],"curies":[{"name":"wp","href":"https:\/\/api.w.org\/{rel}","templated":true}]}}