{"id":225198,"date":"2026-01-14T09:19:54","date_gmt":"2026-01-14T09:19:54","guid":{"rendered":"https:\/\/aldeco.pt\/staging\/product\/sauvage-velvet\/"},"modified":"2026-03-04T11:27:20","modified_gmt":"2026-03-04T11:27:20","slug":"sauvage-velvet","status":"publish","type":"product","link":"https:\/\/staging.aldeco.pt\/es\/product\/sauvage-velvet\/","title":{"rendered":"SAUVAGE VELVET"},"content":{"rendered":"<p>SAUVAGE VELVET es un terciopelo jacquard para tapicer\u00eda con un dise\u00f1o inspirado en los animales. Este exquisito estampado crea un efecto rayado utilizando la t\u00e9cnica ombr\u00e9. El terciopelo ombr\u00e9 es un tejido que presenta una transici\u00f3n suave y gradual entre dos colores, creando un efecto \u00abdegradado\u00bb. La palabra ombr\u00e9 proviene del franc\u00e9s y significa \u00absombreado\u00bb. Este efecto se consigue mediante una compleja t\u00e9cnica de tejido que le da un aspecto degradado, lo que hace que el tejido sea visualmente rico y lujoso. Este terciopelo jacquard tiene un tacto especialmente suave, aterciopelado y lujoso. El efecto degradado a\u00f1ade una capa extra de profundidad e impacto visual. El terciopelo Sauvage combina fuerza, excentricidad y sofisticaci\u00f3n, una fusi\u00f3n entre la vida de una mujer, su mascota y la fantas\u00eda inspirada en las im\u00e1genes surrealistas que cultivaba Veva. Crea un espacio de leopardos y sombras, un espacio dram\u00e1tico y salvaje inspirado en la mascota de Veva. Este terciopelo representa un universo exuberante, misterioso y poderoso, y est\u00e1 disponible en 5 tonos, 2 de ellos m\u00e1s claros y delicados y 3 m\u00e1s contrastados y enigm\u00e1ticos.         <\/p>\n","protected":false},"excerpt":{"rendered":"<p>SAUVAGE VELVET es un terciopelo jacquard para tapicer\u00eda con un dise\u00f1o inspirado en los animales. Este exquisito estampado crea un efecto rayado utilizando la t\u00e9cnica ombr\u00e9. El terciopelo ombr\u00e9 es un tejido que presenta una transici\u00f3n suave y gradual entre dos colores, creando un efecto \u00abdegradado\u00bb. La palabra ombr\u00e9 proviene del franc\u00e9s y significa \u00absombreado\u00bb. Este efecto se consigue mediante una compleja t\u00e9cnica de tejido que le da un aspecto degradado, lo que hace que el tejido sea visualmente rico y lujoso. Este terciopelo jacquard tiene un tacto especialmente suave, aterciopelado y lujoso. El efecto degradado a\u00f1ade una capa extra de profundidad e impacto visual. El terciopelo Sauvage combina fuerza, excentricidad y sofisticaci\u00f3n, una fusi\u00f3n entre la vida de una mujer, su mascota y la fantas\u00eda inspirada en las im\u00e1genes surrealistas que cultivaba Veva. Crea un espacio de leopardos y sombras, un espacio dram\u00e1tico y salvaje inspirado en la mascota de Veva. Este terciopelo representa un universo exuberante, misterioso y poderoso, y est\u00e1 disponible en 5 tonos, 2 de ellos m\u00e1s claros y delicados y 3 m\u00e1s contrastados y enigm\u00e1ticos.         <\/p>\n","protected":false},"featured_media":224845,"template":"","meta":[],"product_brand":[],"product_cat":[6146],"product_tag":[],"class_list":{"0":"post-225198","1":"product","2":"type-product","3":"status-publish","4":"has-post-thumbnail","6":"product_cat-aldeco-2-es","7":"pa_cleanability-8283","8":"pa_composition-ext-71-vi-21pl-8-rco-es","9":"pa_interior-fabrics-1-es","10":"pa_lithfastness-9681","11":"pa_outdoor-0-es","12":"pa_range-jacquard-es","13":"pa_range-terciopelo","14":"pa_rapport-horizontal-35-es","15":"pa_rapport-vertical-28-5-es","16":"pa_sustainable-fabrics-1-es","19":"first","20":"instock","21":"purchasable","22":"product-type-variable"},"acf":[],"_links":{"self":[{"href":"https:\/\/staging.aldeco.pt\/es\/wp-json\/wp\/v2\/product\/225198","targetHints":{"allow":["GET"]}}],"collection":[{"href":"https:\/\/staging.aldeco.pt\/es\/wp-json\/wp\/v2\/product"}],"about":[{"href":"https:\/\/staging.aldeco.pt\/es\/wp-json\/wp\/v2\/types\/product"}],"version-history":[{"count":1,"href":"https:\/\/staging.aldeco.pt\/es\/wp-json\/wp\/v2\/product\/225198\/revisions"}],"predecessor-version":[{"id":225260,"href":"https:\/\/staging.aldeco.pt\/es\/wp-json\/wp\/v2\/product\/225198\/revisions\/225260"}],"wp:featuredmedia":[{"embeddable":true,"href":"https:\/\/staging.aldeco.pt\/es\/wp-json\/wp\/v2\/media\/224845"}],"wp:attachment":[{"href":"https:\/\/staging.aldeco.pt\/es\/wp-json\/wp\/v2\/media?parent=225198"}],"wp:term":[{"taxonomy":"product_brand","embeddable":true,"href":"https:\/\/staging.aldeco.pt\/es\/wp-json\/wp\/v2\/product_brand?post=225198"},{"taxonomy":"product_cat","embeddable":true,"href":"https:\/\/staging.aldeco.pt\/es\/wp-json\/wp\/v2\/product_cat?post=225198"},{"taxonomy":"product_tag","embeddable":true,"href":"https:\/\/staging.aldeco.pt\/es\/wp-json\/wp\/v2\/product_tag?post=225198"}],"curies":[{"name":"wp","href":"https:\/\/api.w.org\/{rel}","templated":true}]}}