{"id":225194,"date":"2026-01-14T09:20:34","date_gmt":"2026-01-14T09:20:34","guid":{"rendered":"https:\/\/aldeco.pt\/staging\/product\/biblioteque-velvet\/"},"modified":"2026-03-04T11:26:34","modified_gmt":"2026-03-04T11:26:34","slug":"biblioteque-velvet","status":"publish","type":"product","link":"https:\/\/staging.aldeco.pt\/es\/product\/biblioteque-velvet\/","title":{"rendered":"BIBLIOTEQUE VELVET"},"content":{"rendered":"<p>BIBLIOTEQUE VELVET es un terciopelo jacquard para tapicer\u00eda con un motivo geom\u00e9trico abstracto. Con BIBLIOTEQUE, rendimos homenaje a la importancia que los libros, las revistas y el teatro tuvieron en la vida de Veva. Este terciopelo jacquard es extremadamente sofisticado y t\u00e9cnicamente complejo. Las formas geom\u00e9tricas desfilan ordenadamente como libros con sus lomos alineados con diferentes colores en la tela. Este aspecto rico y lujoso se consigue mediante la t\u00e9cnica ombr\u00e9, el contraste entre lleno y vac\u00edo se logra con el uso de pelo cortado sobre una base de lino, adem\u00e1s del uso de un hilo de chenilla voluminoso que le da mayor tridimensionalidad. El terciopelo ombr\u00e9 es un tejido que presenta una transici\u00f3n suave y gradual entre dos colores, creando un efecto \u00abdegrad\u00e9\u00bb. La palabra ombr\u00e9 significa \u00absombreado\u00bb en franc\u00e9s. Este efecto se consigue mediante una intrincada t\u00e9cnica de tejido que le da un aspecto degradado, haciendo que el tejido sea visualmente rico y lujoso. D\u00e9jese seducir por las 3 combinaciones de colores en las que est\u00e1 disponible BIBLIOTEQUE.        <\/p>\n","protected":false},"excerpt":{"rendered":"<p>BIBLIOTEQUE VELVET es un terciopelo jacquard para tapicer\u00eda con un motivo geom\u00e9trico abstracto. Con BIBLIOTEQUE, rendimos homenaje a la importancia que los libros, las revistas y el teatro tuvieron en la vida de Veva. Este terciopelo jacquard es extremadamente sofisticado y t\u00e9cnicamente complejo. Las formas geom\u00e9tricas desfilan ordenadamente como libros con sus lomos alineados con diferentes colores en la tela. Este aspecto rico y lujoso se consigue mediante la t\u00e9cnica ombr\u00e9, el contraste entre lleno y vac\u00edo se logra con el uso de pelo cortado sobre una base de lino, adem\u00e1s del uso de un hilo de chenilla voluminoso que le da mayor tridimensionalidad. El terciopelo ombr\u00e9 es un tejido que presenta una transici\u00f3n suave y gradual entre dos colores, creando un efecto \u00abdegrad\u00e9\u00bb. La palabra ombr\u00e9 significa \u00absombreado\u00bb en franc\u00e9s. Este efecto se consigue mediante una intrincada t\u00e9cnica de tejido que le da un aspecto degradado, haciendo que el tejido sea visualmente rico y lujoso. D\u00e9jese seducir por las 3 combinaciones de colores en las que est\u00e1 disponible BIBLIOTEQUE.        <\/p>\n","protected":false},"featured_media":225436,"template":"","meta":[],"product_brand":[539],"product_cat":[6146],"product_tag":[],"class_list":{"0":"post-225194","1":"product","2":"type-product","3":"status-publish","4":"has-post-thumbnail","6":"product_brand-aldeco","7":"product_cat-aldeco-2-es","8":"pa_cleanability-8283","9":"pa_composition-ext-58-vi-38-pl-3-li-1-rco-es","10":"pa_interior-fabrics-1-es","11":"pa_line-terciopelo","12":"pa_lithfastness-9681","13":"pa_outdoor-0-es","14":"pa_range-jacquard-es","15":"pa_range-terciopelo","16":"pa_rapport-horizontal-35-es","17":"pa_rapport-vertical-15-4-es","18":"pa_sustainable-fabrics-1-es","21":"first","22":"instock","23":"purchasable","24":"product-type-variable"},"acf":[],"_links":{"self":[{"href":"https:\/\/staging.aldeco.pt\/es\/wp-json\/wp\/v2\/product\/225194","targetHints":{"allow":["GET"]}}],"collection":[{"href":"https:\/\/staging.aldeco.pt\/es\/wp-json\/wp\/v2\/product"}],"about":[{"href":"https:\/\/staging.aldeco.pt\/es\/wp-json\/wp\/v2\/types\/product"}],"version-history":[{"count":2,"href":"https:\/\/staging.aldeco.pt\/es\/wp-json\/wp\/v2\/product\/225194\/revisions"}],"predecessor-version":[{"id":225259,"href":"https:\/\/staging.aldeco.pt\/es\/wp-json\/wp\/v2\/product\/225194\/revisions\/225259"}],"wp:featuredmedia":[{"embeddable":true,"href":"https:\/\/staging.aldeco.pt\/es\/wp-json\/wp\/v2\/media\/225436"}],"wp:attachment":[{"href":"https:\/\/staging.aldeco.pt\/es\/wp-json\/wp\/v2\/media?parent=225194"}],"wp:term":[{"taxonomy":"product_brand","embeddable":true,"href":"https:\/\/staging.aldeco.pt\/es\/wp-json\/wp\/v2\/product_brand?post=225194"},{"taxonomy":"product_cat","embeddable":true,"href":"https:\/\/staging.aldeco.pt\/es\/wp-json\/wp\/v2\/product_cat?post=225194"},{"taxonomy":"product_tag","embeddable":true,"href":"https:\/\/staging.aldeco.pt\/es\/wp-json\/wp\/v2\/product_tag?post=225194"}],"curies":[{"name":"wp","href":"https:\/\/api.w.org\/{rel}","templated":true}]}}