{"id":225186,"date":"2026-01-14T09:21:04","date_gmt":"2026-01-14T09:21:04","guid":{"rendered":"https:\/\/aldeco.pt\/staging\/product\/charade\/"},"modified":"2026-03-04T11:25:48","modified_gmt":"2026-03-04T11:25:48","slug":"charade","status":"publish","type":"product","link":"https:\/\/staging.aldeco.pt\/es\/product\/charade\/","title":{"rendered":"CHARADE"},"content":{"rendered":"<p>CHARADE es un tejido jacquard para tapicer\u00eda con un patr\u00f3n rico y complejo. Este jacquard presenta un dise\u00f1o geom\u00e9trico estructurado, compuesto por formas angulares que encajan entre s\u00ed en una precisa interacci\u00f3n de l\u00edneas y ritmos. El dise\u00f1o crea una sensaci\u00f3n de profundidad y relieve, como una arquitectura textil cuidadosamente pensada, en la que cada segmento refuerza el equilibrio del conjunto. La repetici\u00f3n crea dinamismo sin excesos, lo que confiere al tejido una fuerte presencia gr\u00e1fica, sofisticada y atemporal a la vez, donde el orden geom\u00e9trico se transforma en una refinada expresi\u00f3n decorativa. Este tejido altamente duradero est\u00e1 disponible en 7 colores diferentes a juego con el resto de la colecci\u00f3n.    <\/p>\n","protected":false},"excerpt":{"rendered":"<p>CHARADE es un tejido jacquard para tapicer\u00eda con un patr\u00f3n rico y complejo. Este jacquard presenta un dise\u00f1o geom\u00e9trico estructurado, compuesto por formas angulares que encajan entre s\u00ed en una precisa interacci\u00f3n de l\u00edneas y ritmos. El dise\u00f1o crea una sensaci\u00f3n de profundidad y relieve, como una arquitectura textil cuidadosamente pensada, en la que cada segmento refuerza el equilibrio del conjunto. La repetici\u00f3n crea dinamismo sin excesos, lo que confiere al tejido una fuerte presencia gr\u00e1fica, sofisticada y atemporal a la vez, donde el orden geom\u00e9trico se transforma en una refinada expresi\u00f3n decorativa. Este tejido altamente duradero est\u00e1 disponible en 7 colores diferentes a juego con el resto de la colecci\u00f3n.    <\/p>\n","protected":false},"featured_media":225459,"template":"","meta":[],"product_brand":[539],"product_cat":[6146],"product_tag":[],"class_list":{"0":"post-225186","1":"product","2":"type-product","3":"status-publish","4":"has-post-thumbnail","6":"product_brand-aldeco","7":"product_cat-aldeco-2-es","8":"pa_cleanability-8283","9":"pa_composition-ext-62-bci-co-29-pl-5-li-4-vi-es","10":"pa_interior-fabrics-1-es","11":"pa_line-tapiceria","12":"pa_lithfastness-4-es","13":"pa_outdoor-0-es","14":"pa_range-jacquard-es","15":"pa_rapport-horizontal-32-es","16":"pa_rapport-vertical-40-es","17":"pa_sustainable-fabrics-1-es","20":"first","21":"instock","22":"purchasable","23":"product-type-variable"},"acf":[],"_links":{"self":[{"href":"https:\/\/staging.aldeco.pt\/es\/wp-json\/wp\/v2\/product\/225186","targetHints":{"allow":["GET"]}}],"collection":[{"href":"https:\/\/staging.aldeco.pt\/es\/wp-json\/wp\/v2\/product"}],"about":[{"href":"https:\/\/staging.aldeco.pt\/es\/wp-json\/wp\/v2\/types\/product"}],"version-history":[{"count":1,"href":"https:\/\/staging.aldeco.pt\/es\/wp-json\/wp\/v2\/product\/225186\/revisions"}],"predecessor-version":[{"id":225257,"href":"https:\/\/staging.aldeco.pt\/es\/wp-json\/wp\/v2\/product\/225186\/revisions\/225257"}],"wp:featuredmedia":[{"embeddable":true,"href":"https:\/\/staging.aldeco.pt\/es\/wp-json\/wp\/v2\/media\/225459"}],"wp:attachment":[{"href":"https:\/\/staging.aldeco.pt\/es\/wp-json\/wp\/v2\/media?parent=225186"}],"wp:term":[{"taxonomy":"product_brand","embeddable":true,"href":"https:\/\/staging.aldeco.pt\/es\/wp-json\/wp\/v2\/product_brand?post=225186"},{"taxonomy":"product_cat","embeddable":true,"href":"https:\/\/staging.aldeco.pt\/es\/wp-json\/wp\/v2\/product_cat?post=225186"},{"taxonomy":"product_tag","embeddable":true,"href":"https:\/\/staging.aldeco.pt\/es\/wp-json\/wp\/v2\/product_tag?post=225186"}],"curies":[{"name":"wp","href":"https:\/\/api.w.org\/{rel}","templated":true}]}}