{"id":225180,"date":"2026-01-14T09:22:02","date_gmt":"2026-01-14T09:22:02","guid":{"rendered":"https:\/\/aldeco.pt\/staging\/product\/poetique\/"},"modified":"2026-03-04T11:25:01","modified_gmt":"2026-03-04T11:25:01","slug":"poetique","status":"publish","type":"product","link":"https:\/\/staging.aldeco.pt\/es\/product\/poetique\/","title":{"rendered":"POETIQUE"},"content":{"rendered":"<p>POETIQUE es un tejido de sat\u00e9n de algod\u00f3n exquisitamente bordado para tapicer\u00eda. Este tejido revela una clara influencia oriental, que recuerda a abanicos abiertos o p\u00e9talos estilizados dibujados con la precisi\u00f3n de un gesto caligr\u00e1fico, tan querido por Veva de Lima. Las l\u00edneas se repiten sobre el fondo de algod\u00f3n, formando arcos sutilmente hipn\u00f3ticos, creando un movimiento sereno que evoca rituales de contemplaci\u00f3n y la armon\u00eda de las artes decorativas orientales. El estampado, a la vez geom\u00e9trico y po\u00e9tico, es abstracto y destaca por la delicadeza de su refinado lenguaje visual. Cada curva se despliega con elegancia en rayas llenas de tradici\u00f3n y ascendencia. Descubra este poema visual disponible en 5 colores atemporales.     <\/p>\n","protected":false},"excerpt":{"rendered":"<p>POETIQUE es un tejido de sat\u00e9n de algod\u00f3n exquisitamente bordado para tapicer\u00eda. Este tejido revela una clara influencia oriental, que recuerda a abanicos abiertos o p\u00e9talos estilizados dibujados con la precisi\u00f3n de un gesto caligr\u00e1fico, tan querido por Veva de Lima. Las l\u00edneas se repiten sobre el fondo de algod\u00f3n, formando arcos sutilmente hipn\u00f3ticos, creando un movimiento sereno que evoca rituales de contemplaci\u00f3n y la armon\u00eda de las artes decorativas orientales. El estampado, a la vez geom\u00e9trico y po\u00e9tico, es abstracto y destaca por la delicadeza de su refinado lenguaje visual. Cada curva se despliega con elegancia en rayas llenas de tradici\u00f3n y ascendencia. Descubra este poema visual disponible en 5 colores atemporales.     <\/p>\n","protected":false},"featured_media":224881,"template":"","meta":[],"product_brand":[539],"product_cat":[6146],"product_tag":[],"class_list":{"0":"post-225180","1":"product","2":"type-product","3":"status-publish","4":"has-post-thumbnail","6":"product_brand-aldeco","7":"product_cat-aldeco-2-es","8":"pa_cleanability-8283","9":"pa_composition-ext-100-bci-co-embroidery-70-vi-15-pl-10-co-5-pa-es","10":"pa_interior-fabrics-1-es","11":"pa_line-tapiceria","12":"pa_lithfastness-4-es","13":"pa_opportunities-descontinuado-es","14":"pa_outdoor-0-es","15":"pa_range-bordado-es","16":"pa_range-satin-es","17":"pa_rapport-horizontal-45-es","18":"pa_rapport-vertical-79-es","19":"pa_sustainable-fabrics-1-es","22":"first","23":"instock","24":"purchasable","25":"product-type-variable"},"acf":[],"_links":{"self":[{"href":"https:\/\/staging.aldeco.pt\/es\/wp-json\/wp\/v2\/product\/225180","targetHints":{"allow":["GET"]}}],"collection":[{"href":"https:\/\/staging.aldeco.pt\/es\/wp-json\/wp\/v2\/product"}],"about":[{"href":"https:\/\/staging.aldeco.pt\/es\/wp-json\/wp\/v2\/types\/product"}],"version-history":[{"count":1,"href":"https:\/\/staging.aldeco.pt\/es\/wp-json\/wp\/v2\/product\/225180\/revisions"}],"predecessor-version":[{"id":225256,"href":"https:\/\/staging.aldeco.pt\/es\/wp-json\/wp\/v2\/product\/225180\/revisions\/225256"}],"wp:featuredmedia":[{"embeddable":true,"href":"https:\/\/staging.aldeco.pt\/es\/wp-json\/wp\/v2\/media\/224881"}],"wp:attachment":[{"href":"https:\/\/staging.aldeco.pt\/es\/wp-json\/wp\/v2\/media?parent=225180"}],"wp:term":[{"taxonomy":"product_brand","embeddable":true,"href":"https:\/\/staging.aldeco.pt\/es\/wp-json\/wp\/v2\/product_brand?post=225180"},{"taxonomy":"product_cat","embeddable":true,"href":"https:\/\/staging.aldeco.pt\/es\/wp-json\/wp\/v2\/product_cat?post=225180"},{"taxonomy":"product_tag","embeddable":true,"href":"https:\/\/staging.aldeco.pt\/es\/wp-json\/wp\/v2\/product_tag?post=225180"}],"curies":[{"name":"wp","href":"https:\/\/api.w.org\/{rel}","templated":true}]}}