{"id":225176,"date":"2026-01-14T09:22:47","date_gmt":"2026-01-14T09:22:47","guid":{"rendered":"https:\/\/aldeco.pt\/staging\/product\/blase\/"},"modified":"2026-03-04T11:24:15","modified_gmt":"2026-03-04T11:24:15","slug":"blase","status":"publish","type":"product","link":"https:\/\/staging.aldeco.pt\/es\/product\/blase\/","title":{"rendered":"BLASE"},"content":{"rendered":"<p>BLAS\u00c9 is an embroidered fabric on a neutral textured base called PRIMITIF. This fabric reveals itself with a look that is simultaneously handcrafted and sophisticated, where curved lines meet like ancestral paths marked on the ground fabric with delicately embroidered jute threads. The base tone is common to all 3 colour variations. The design repeats itself like a ritual, with each curve outlined in stitches and strokes that seem embroidered by patient artisans, inheriting gestures from generations. The composition creates a smooth rhythm, almost like the flow of winding rivers over a tranquil landscape. It is a fabric with a natural yet noble appearance \u2014 the ideal combination of the simplicity of the raw material and the sophistication of the detail of different types of embroidered threads. A fabric that expresses authenticity and refinement, as if it carried with it the warm memory of a traditional atelier. Let yourself be surprised by its 3 embroidery tones.<\/p>\n","protected":false},"excerpt":{"rendered":"<p>BLAS\u00c9 es un tejido bordado sobre una base neutra con textura llamada PRIMITIF. Este tejido se revela con un aspecto que es a la vez artesanal y sofisticado, donde las l\u00edneas curvas se unen como caminos ancestrales marcados en la tela base con delicados hilos de yute bordados. El tono base es com\u00fan a las tres variaciones de color. El dise\u00f1o se repite como un ritual, con cada curva delineada con puntadas y trazos que parecen bordados por pacientes artesanos, heredando gestos de generaciones anteriores. La composici\u00f3n crea un ritmo suave, casi como el fluir de r\u00edos sinuosos sobre un paisaje tranquilo. Es un tejido con un aspecto natural pero noble, la combinaci\u00f3n ideal entre la simplicidad de la materia prima y la sofisticaci\u00f3n del detalle de los diferentes tipos de hilos bordados. Un tejido que expresa autenticidad y refinamiento, como si llevara consigo el c\u00e1lido recuerdo de un taller tradicional. D\u00e9jese sorprender por sus tres tonos de bordado.       <\/p>\n","protected":false},"featured_media":225444,"template":"","meta":[],"product_brand":[539],"product_cat":[6146],"product_tag":[],"class_list":{"0":"post-225176","1":"product","2":"type-product","3":"status-publish","4":"has-post-thumbnail","6":"product_brand-aldeco","7":"product_cat-aldeco-2-es","8":"pa_cleanability-8283","9":"pa_composition-ext-52-bci-co-48-pl-es","10":"pa_interior-fabrics-1-es","11":"pa_line-tapiceria-ligera","12":"pa_lithfastness-4-es","13":"pa_opportunities-descontinuado-es","14":"pa_outdoor-0-es","15":"pa_range-bordado-es","16":"pa_rapport-horizontal-69-es","17":"pa_rapport-vertical-58-es","18":"pa_sustainable-fabrics-1-es","21":"first","22":"instock","23":"purchasable","24":"product-type-variable"},"acf":[],"_links":{"self":[{"href":"https:\/\/staging.aldeco.pt\/es\/wp-json\/wp\/v2\/product\/225176","targetHints":{"allow":["GET"]}}],"collection":[{"href":"https:\/\/staging.aldeco.pt\/es\/wp-json\/wp\/v2\/product"}],"about":[{"href":"https:\/\/staging.aldeco.pt\/es\/wp-json\/wp\/v2\/types\/product"}],"version-history":[{"count":2,"href":"https:\/\/staging.aldeco.pt\/es\/wp-json\/wp\/v2\/product\/225176\/revisions"}],"predecessor-version":[{"id":225440,"href":"https:\/\/staging.aldeco.pt\/es\/wp-json\/wp\/v2\/product\/225176\/revisions\/225440"}],"wp:featuredmedia":[{"embeddable":true,"href":"https:\/\/staging.aldeco.pt\/es\/wp-json\/wp\/v2\/media\/225444"}],"wp:attachment":[{"href":"https:\/\/staging.aldeco.pt\/es\/wp-json\/wp\/v2\/media?parent=225176"}],"wp:term":[{"taxonomy":"product_brand","embeddable":true,"href":"https:\/\/staging.aldeco.pt\/es\/wp-json\/wp\/v2\/product_brand?post=225176"},{"taxonomy":"product_cat","embeddable":true,"href":"https:\/\/staging.aldeco.pt\/es\/wp-json\/wp\/v2\/product_cat?post=225176"},{"taxonomy":"product_tag","embeddable":true,"href":"https:\/\/staging.aldeco.pt\/es\/wp-json\/wp\/v2\/product_tag?post=225176"}],"curies":[{"name":"wp","href":"https:\/\/api.w.org\/{rel}","templated":true}]}}