{"id":225174,"date":"2026-01-14T09:23:28","date_gmt":"2026-01-14T09:23:28","guid":{"rendered":"https:\/\/aldeco.pt\/staging\/product\/primitif-easy-clean\/"},"modified":"2026-03-04T11:23:41","modified_gmt":"2026-03-04T11:23:41","slug":"primitif-easy-clean","status":"publish","type":"product","link":"https:\/\/staging.aldeco.pt\/es\/product\/primitif-easy-clean\/","title":{"rendered":"PRIMITIF EASY CLEAN"},"content":{"rendered":"<p>PRIMITIF EASY CLEAN es un tejido para tapicer\u00eda estructurado y f\u00e1cil de limpiar. Este tejido solo est\u00e1 disponible en un color natural con aspecto de lino y presenta un alto \u00edndice Martindale combinado con caracter\u00edsticas de f\u00e1cil cuidado para ofrecer una textura elegante y una est\u00e9tica sofisticada que se mantiene constante en sus espacios. <\/p>\n","protected":false},"excerpt":{"rendered":"<p>PRIMITIF EASY CLEAN es un tejido para tapicer\u00eda estructurado y f\u00e1cil de limpiar. Este tejido solo est\u00e1 disponible en un color natural con aspecto de lino y presenta un alto \u00edndice Martindale combinado con caracter\u00edsticas de f\u00e1cil cuidado para ofrecer una textura elegante y una est\u00e9tica sofisticada que se mantiene constante en sus espacios. <\/p>\n","protected":false},"featured_media":224901,"template":"","meta":[],"product_brand":[539],"product_cat":[6146],"product_tag":[],"class_list":{"0":"post-225174","1":"product","2":"type-product","3":"status-publish","4":"has-post-thumbnail","6":"product_brand-aldeco","7":"product_cat-aldeco-2-es","8":"pa_cleanability-8283","9":"pa_composition-ext-52-bci-co-48-pl-es","10":"pa_interior-fabrics-1-es","11":"pa_line-tapiceria-ligera","12":"pa_lithfastness-4-es","13":"pa_opportunities-descontinuado-es","14":"pa_outdoor-0-es","15":"pa_range-liso-es","16":"pa_rapport-horizontal-_-es","17":"pa_rapport-vertical-_-es","18":"pa_special-treatments-fabrics-repelente-al-agua-facil-de-limpiar","19":"pa_sustainable-fabrics-1-es","22":"first","23":"instock","24":"purchasable","25":"product-type-variable"},"acf":[],"_links":{"self":[{"href":"https:\/\/staging.aldeco.pt\/es\/wp-json\/wp\/v2\/product\/225174","targetHints":{"allow":["GET"]}}],"collection":[{"href":"https:\/\/staging.aldeco.pt\/es\/wp-json\/wp\/v2\/product"}],"about":[{"href":"https:\/\/staging.aldeco.pt\/es\/wp-json\/wp\/v2\/types\/product"}],"version-history":[{"count":1,"href":"https:\/\/staging.aldeco.pt\/es\/wp-json\/wp\/v2\/product\/225174\/revisions"}],"predecessor-version":[{"id":225254,"href":"https:\/\/staging.aldeco.pt\/es\/wp-json\/wp\/v2\/product\/225174\/revisions\/225254"}],"wp:featuredmedia":[{"embeddable":true,"href":"https:\/\/staging.aldeco.pt\/es\/wp-json\/wp\/v2\/media\/224901"}],"wp:attachment":[{"href":"https:\/\/staging.aldeco.pt\/es\/wp-json\/wp\/v2\/media?parent=225174"}],"wp:term":[{"taxonomy":"product_brand","embeddable":true,"href":"https:\/\/staging.aldeco.pt\/es\/wp-json\/wp\/v2\/product_brand?post=225174"},{"taxonomy":"product_cat","embeddable":true,"href":"https:\/\/staging.aldeco.pt\/es\/wp-json\/wp\/v2\/product_cat?post=225174"},{"taxonomy":"product_tag","embeddable":true,"href":"https:\/\/staging.aldeco.pt\/es\/wp-json\/wp\/v2\/product_tag?post=225174"}],"curies":[{"name":"wp","href":"https:\/\/api.w.org\/{rel}","templated":true}]}}