{"id":225170,"date":"2026-01-14T09:23:34","date_gmt":"2026-01-14T09:23:34","guid":{"rendered":"https:\/\/aldeco.pt\/staging\/product\/la-scene\/"},"modified":"2026-03-04T11:23:17","modified_gmt":"2026-03-04T11:23:17","slug":"la-scene","status":"publish","type":"product","link":"https:\/\/staging.aldeco.pt\/es\/product\/la-scene\/","title":{"rendered":"LA SCENE"},"content":{"rendered":"<p>LA SCENE es una tela para cortinas anchas que mide aproximadamente 295\/300 cm. Se trata de una tela pesada, de tejido abierto, con ricos hilos boucl\u00e9, que crean una textura suave y natural. Los hilos boucl\u00e9 est\u00e1n estructurados y dispuestos verticalmente, lo que aporta profundidad y car\u00e1cter al espacio. Es una tela pesada, pero permite una buena transmisi\u00f3n de la luz y es ideal para cortinas gracias a su excelente ca\u00edda. Garantiza un espacio c\u00f3modo y acogedor sin bloquear completamente la luz. Est\u00e1 disponible en 3 colores naturales muy elegantes.     <\/p>\n","protected":false},"excerpt":{"rendered":"<p>LA SCENE es una tela para cortinas anchas que mide aproximadamente 295\/300 cm. Se trata de una tela pesada, de tejido abierto, con ricos hilos boucl\u00e9, que crean una textura suave y natural. Los hilos boucl\u00e9 est\u00e1n estructurados y dispuestos verticalmente, lo que aporta profundidad y car\u00e1cter al espacio. Es una tela pesada, pero permite una buena transmisi\u00f3n de la luz y es ideal para cortinas gracias a su excelente ca\u00edda. Garantiza un espacio c\u00f3modo y acogedor sin bloquear completamente la luz. Est\u00e1 disponible en 3 colores naturales muy elegantes.     <\/p>\n","protected":false},"featured_media":224905,"template":"","meta":[],"product_brand":[539],"product_cat":[6146],"product_tag":[],"class_list":{"0":"post-225170","1":"product","2":"type-product","3":"status-publish","4":"has-post-thumbnail","6":"product_brand-aldeco","7":"product_cat-aldeco-2-es","8":"pa_cleanability-8283","9":"pa_composition-ext-5550-co-35-vi-950-ha-es","10":"pa_interior-fabrics-1-es","11":"pa_line-cortinas","12":"pa_lithfastness-5-es","13":"pa_opportunities-descontinuado-es","14":"pa_outdoor-0-es","15":"pa_range-boucle-es","16":"pa_rapport-horizontal-_-es","17":"pa_rapport-vertical-_-es","20":"first","21":"instock","22":"purchasable","23":"product-type-variable"},"acf":[],"_links":{"self":[{"href":"https:\/\/staging.aldeco.pt\/es\/wp-json\/wp\/v2\/product\/225170","targetHints":{"allow":["GET"]}}],"collection":[{"href":"https:\/\/staging.aldeco.pt\/es\/wp-json\/wp\/v2\/product"}],"about":[{"href":"https:\/\/staging.aldeco.pt\/es\/wp-json\/wp\/v2\/types\/product"}],"version-history":[{"count":1,"href":"https:\/\/staging.aldeco.pt\/es\/wp-json\/wp\/v2\/product\/225170\/revisions"}],"predecessor-version":[{"id":225253,"href":"https:\/\/staging.aldeco.pt\/es\/wp-json\/wp\/v2\/product\/225170\/revisions\/225253"}],"wp:featuredmedia":[{"embeddable":true,"href":"https:\/\/staging.aldeco.pt\/es\/wp-json\/wp\/v2\/media\/224905"}],"wp:attachment":[{"href":"https:\/\/staging.aldeco.pt\/es\/wp-json\/wp\/v2\/media?parent=225170"}],"wp:term":[{"taxonomy":"product_brand","embeddable":true,"href":"https:\/\/staging.aldeco.pt\/es\/wp-json\/wp\/v2\/product_brand?post=225170"},{"taxonomy":"product_cat","embeddable":true,"href":"https:\/\/staging.aldeco.pt\/es\/wp-json\/wp\/v2\/product_cat?post=225170"},{"taxonomy":"product_tag","embeddable":true,"href":"https:\/\/staging.aldeco.pt\/es\/wp-json\/wp\/v2\/product_tag?post=225170"}],"curies":[{"name":"wp","href":"https:\/\/api.w.org\/{rel}","templated":true}]}}