{"id":225167,"date":"2026-01-14T09:23:56","date_gmt":"2026-01-14T09:23:56","guid":{"rendered":"https:\/\/aldeco.pt\/staging\/product\/linor\/"},"modified":"2026-03-04T11:22:31","modified_gmt":"2026-03-04T11:22:31","slug":"linor","status":"publish","type":"product","link":"https:\/\/staging.aldeco.pt\/es\/product\/linor\/","title":{"rendered":"LINOR"},"content":{"rendered":"<p>LINOR es una tela para cortinas ancha (300 cm) y pesada con transparencia. Esta tela de aspecto natural tiene un fondo ligeramente texturizado, similar al lino. Presenta elegantes rayas verticales bordadas de forma regular, en un tono similar al del fondo o ligeramente m\u00e1s contrastante, creando un patr\u00f3n discreto y estructurado. El bordado es sutil y a\u00f1ade ritmo visual y originalidad a la tela. Esta tela transparente transmite ligereza, neutralidad y sobriedad, permite una buena transmisi\u00f3n de la luz y es adecuada para espacios minimalistas o contempor\u00e1neos. Linor est\u00e1 disponible en 2 tonos.     <\/p>\n","protected":false},"excerpt":{"rendered":"<p>LINOR es una tela para cortinas ancha (300 cm) y pesada con transparencia. Esta tela de aspecto natural tiene un fondo ligeramente texturizado, similar al lino. Presenta elegantes rayas verticales bordadas de forma regular, en un tono similar al del fondo o ligeramente m\u00e1s contrastante, creando un patr\u00f3n discreto y estructurado. El bordado es sutil y a\u00f1ade ritmo visual y originalidad a la tela. Esta tela transparente transmite ligereza, neutralidad y sobriedad, permite una buena transmisi\u00f3n de la luz y es adecuada para espacios minimalistas o contempor\u00e1neos. Linor est\u00e1 disponible en 2 tonos.     <\/p>\n","protected":false},"featured_media":224913,"template":"","meta":[],"product_brand":[],"product_cat":[6146],"product_tag":[],"class_list":{"0":"post-225167","1":"product","2":"type-product","3":"status-publish","4":"has-post-thumbnail","6":"product_cat-aldeco-2-es","7":"pa_cleanability-8283","8":"pa_composition-ext-38-pl-19-pac-19-co-12-li-es","9":"pa_interior-fabrics-1-es","10":"pa_line-cortinas","11":"pa_lithfastness-4-5-es-2","12":"pa_opportunities-descontinuado-es","13":"pa_outdoor-0-es","14":"pa_range-bordado-es","15":"pa_rapport-horizontal-20-es","16":"pa_rapport-vertical-2-es","17":"pa_sustainable-fabrics-1-es","20":"first","21":"instock","22":"purchasable","23":"product-type-variable"},"acf":[],"_links":{"self":[{"href":"https:\/\/staging.aldeco.pt\/es\/wp-json\/wp\/v2\/product\/225167","targetHints":{"allow":["GET"]}}],"collection":[{"href":"https:\/\/staging.aldeco.pt\/es\/wp-json\/wp\/v2\/product"}],"about":[{"href":"https:\/\/staging.aldeco.pt\/es\/wp-json\/wp\/v2\/types\/product"}],"version-history":[{"count":1,"href":"https:\/\/staging.aldeco.pt\/es\/wp-json\/wp\/v2\/product\/225167\/revisions"}],"predecessor-version":[{"id":225252,"href":"https:\/\/staging.aldeco.pt\/es\/wp-json\/wp\/v2\/product\/225167\/revisions\/225252"}],"wp:featuredmedia":[{"embeddable":true,"href":"https:\/\/staging.aldeco.pt\/es\/wp-json\/wp\/v2\/media\/224913"}],"wp:attachment":[{"href":"https:\/\/staging.aldeco.pt\/es\/wp-json\/wp\/v2\/media?parent=225167"}],"wp:term":[{"taxonomy":"product_brand","embeddable":true,"href":"https:\/\/staging.aldeco.pt\/es\/wp-json\/wp\/v2\/product_brand?post=225167"},{"taxonomy":"product_cat","embeddable":true,"href":"https:\/\/staging.aldeco.pt\/es\/wp-json\/wp\/v2\/product_cat?post=225167"},{"taxonomy":"product_tag","embeddable":true,"href":"https:\/\/staging.aldeco.pt\/es\/wp-json\/wp\/v2\/product_tag?post=225167"}],"curies":[{"name":"wp","href":"https:\/\/api.w.org\/{rel}","templated":true}]}}