{"id":225161,"date":"2026-01-14T09:24:15","date_gmt":"2026-01-14T09:24:15","guid":{"rendered":"https:\/\/aldeco.pt\/staging\/product\/flapper-stripe-in-outdoor-fr\/"},"modified":"2026-03-04T11:21:44","modified_gmt":"2026-03-04T11:21:44","slug":"flapper-stripe-in-outdoor-fr","status":"publish","type":"product","link":"https:\/\/staging.aldeco.pt\/es\/product\/flapper-stripe-in-outdoor-fr\/","title":{"rendered":"FLAPPER STRIPE IN\/OUTDOOR FR"},"content":{"rendered":"<p>FLAPPER IN\/OUTDOOR FR es un tejido jacquard para tapicer\u00eda de interior y exterior. Su dise\u00f1o a rayas sobre una base panam\u00e1 crea un conjunto de l\u00edneas din\u00e1micas con sutiles relieves, lo que confiere al tejido un aspecto elegante y moderno. La interacci\u00f3n entre la geometr\u00eda de las rayas y el volumen de los hilos boucl\u00e9 da como resultado un tejido con una presencia distintiva, capaz de transformar cualquier espacio con sofisticaci\u00f3n. FLAPPER est\u00e1 disponible en 5 colores diferentes, es repelente al agua y extremadamente resistente a los elementos externos como el sol, el cloro, el moho y el agua de mar.  <\/p>\n","protected":false},"excerpt":{"rendered":"<p>FLAPPER IN\/OUTDOOR FR es un tejido jacquard para tapicer\u00eda de interior y exterior. Su dise\u00f1o a rayas sobre una base panam\u00e1 crea un conjunto de l\u00edneas din\u00e1micas con sutiles relieves, lo que confiere al tejido un aspecto elegante y moderno. La interacci\u00f3n entre la geometr\u00eda de las rayas y el volumen de los hilos boucl\u00e9 da como resultado un tejido con una presencia distintiva, capaz de transformar cualquier espacio con sofisticaci\u00f3n. FLAPPER est\u00e1 disponible en 5 colores diferentes, es repelente al agua y extremadamente resistente a los elementos externos como el sol, el cloro, el moho y el agua de mar.  <\/p>\n","protected":false},"featured_media":224919,"template":"","meta":[],"product_brand":[],"product_cat":[6146],"product_tag":[],"class_list":{"0":"post-225161","1":"product","2":"type-product","3":"status-publish","4":"has-post-thumbnail","6":"product_cat-aldeco-2-es","7":"pa_cleanability-8283","8":"pa_composition-ext-90-rpp-10-pl-es","9":"pa_contract-fabrics-1-es","10":"pa_indoor-fabrics-1-es","11":"pa_interior-fabrics-1-es","12":"pa_lithfastness-7-es","13":"pa_outdoor-exterior","14":"pa_range-boucle-es","15":"pa_range-jacquard-es","16":"pa_rapport-horizontal-_-es","17":"pa_rapport-vertical-4-5-es","18":"pa_special-treatments-fabrics-1-es","19":"pa_sustainable-fabrics-1-es","22":"first","23":"instock","24":"purchasable","25":"product-type-variable"},"acf":[],"_links":{"self":[{"href":"https:\/\/staging.aldeco.pt\/es\/wp-json\/wp\/v2\/product\/225161","targetHints":{"allow":["GET"]}}],"collection":[{"href":"https:\/\/staging.aldeco.pt\/es\/wp-json\/wp\/v2\/product"}],"about":[{"href":"https:\/\/staging.aldeco.pt\/es\/wp-json\/wp\/v2\/types\/product"}],"version-history":[{"count":1,"href":"https:\/\/staging.aldeco.pt\/es\/wp-json\/wp\/v2\/product\/225161\/revisions"}],"predecessor-version":[{"id":225251,"href":"https:\/\/staging.aldeco.pt\/es\/wp-json\/wp\/v2\/product\/225161\/revisions\/225251"}],"wp:featuredmedia":[{"embeddable":true,"href":"https:\/\/staging.aldeco.pt\/es\/wp-json\/wp\/v2\/media\/224919"}],"wp:attachment":[{"href":"https:\/\/staging.aldeco.pt\/es\/wp-json\/wp\/v2\/media?parent=225161"}],"wp:term":[{"taxonomy":"product_brand","embeddable":true,"href":"https:\/\/staging.aldeco.pt\/es\/wp-json\/wp\/v2\/product_brand?post=225161"},{"taxonomy":"product_cat","embeddable":true,"href":"https:\/\/staging.aldeco.pt\/es\/wp-json\/wp\/v2\/product_cat?post=225161"},{"taxonomy":"product_tag","embeddable":true,"href":"https:\/\/staging.aldeco.pt\/es\/wp-json\/wp\/v2\/product_tag?post=225161"}],"curies":[{"name":"wp","href":"https:\/\/api.w.org\/{rel}","templated":true}]}}