{"id":225158,"date":"2026-01-14T09:24:58","date_gmt":"2026-01-14T09:24:58","guid":{"rendered":"https:\/\/aldeco.pt\/staging\/product\/jazz-stripe-in-outdoor-fr\/"},"modified":"2026-03-04T11:20:58","modified_gmt":"2026-03-04T11:20:58","slug":"jazz-stripe-in-outdoor-fr","status":"publish","type":"product","link":"https:\/\/staging.aldeco.pt\/es\/product\/jazz-stripe-in-outdoor-fr\/","title":{"rendered":"JAZZ STRIPE IN\/OUTDOOR FR"},"content":{"rendered":"<p>JAZZ IN\/OUTDOOR FR es un tejido jacquard apto para uso en interiores y exteriores, con un dise\u00f1o de rayas anchas. Desarrollado con hilos boucl\u00e9, el tejido combina sencillez y sofisticaci\u00f3n, lo que lo hace ideal para complementar cualquier ambiente con originalidad, elegancia y versatilidad. Las l\u00edneas cuidadosamente elaboradas y los detalles boucl\u00e9 le aportan estructura y textura. Disponible en dos colores, el tejido JAZZ es perfecto para tapicer\u00edas y cojines aptos tanto para interiores como para exteriores gracias a sus excepcionales caracter\u00edsticas t\u00e9cnicas.   <\/p>\n","protected":false},"excerpt":{"rendered":"<p>JAZZ IN\/OUTDOOR FR es un tejido jacquard apto para uso en interiores y exteriores, con un dise\u00f1o de rayas anchas. Desarrollado con hilos boucl\u00e9, el tejido combina sencillez y sofisticaci\u00f3n, lo que lo hace ideal para complementar cualquier ambiente con originalidad, elegancia y versatilidad. Las l\u00edneas cuidadosamente elaboradas y los detalles boucl\u00e9 le aportan estructura y textura. Disponible en dos colores, el tejido JAZZ es perfecto para tapicer\u00edas y cojines aptos tanto para interiores como para exteriores gracias a sus excepcionales caracter\u00edsticas t\u00e9cnicas.   <\/p>\n","protected":false},"featured_media":224931,"template":"","meta":[],"product_brand":[539],"product_cat":[6146],"product_tag":[],"class_list":{"0":"post-225158","1":"product","2":"type-product","3":"status-publish","4":"has-post-thumbnail","6":"product_brand-aldeco","7":"product_cat-aldeco-2-es","8":"pa_cleanability-8283","9":"pa_composition-ext-92-rpp-8-pl-es","10":"pa_contract-fabrics-1-es","11":"pa_indoor-fabrics-1-es","12":"pa_interior-fabrics-1-es","13":"pa_line-exterior","14":"pa_lithfastness-7-8-es","15":"pa_opportunities-descontinuado-es","16":"pa_outdoor-exterior","17":"pa_range-boucle-es","18":"pa_range-jacquard-es","19":"pa_rapport-horizontal-_-es","20":"pa_rapport-vertical-7-5-es","21":"pa_special-treatments-fabrics-1-es","22":"pa_sustainable-fabrics-1-es","25":"first","26":"instock","27":"purchasable","28":"product-type-variable"},"acf":[],"_links":{"self":[{"href":"https:\/\/staging.aldeco.pt\/es\/wp-json\/wp\/v2\/product\/225158","targetHints":{"allow":["GET"]}}],"collection":[{"href":"https:\/\/staging.aldeco.pt\/es\/wp-json\/wp\/v2\/product"}],"about":[{"href":"https:\/\/staging.aldeco.pt\/es\/wp-json\/wp\/v2\/types\/product"}],"version-history":[{"count":1,"href":"https:\/\/staging.aldeco.pt\/es\/wp-json\/wp\/v2\/product\/225158\/revisions"}],"predecessor-version":[{"id":225250,"href":"https:\/\/staging.aldeco.pt\/es\/wp-json\/wp\/v2\/product\/225158\/revisions\/225250"}],"wp:featuredmedia":[{"embeddable":true,"href":"https:\/\/staging.aldeco.pt\/es\/wp-json\/wp\/v2\/media\/224931"}],"wp:attachment":[{"href":"https:\/\/staging.aldeco.pt\/es\/wp-json\/wp\/v2\/media?parent=225158"}],"wp:term":[{"taxonomy":"product_brand","embeddable":true,"href":"https:\/\/staging.aldeco.pt\/es\/wp-json\/wp\/v2\/product_brand?post=225158"},{"taxonomy":"product_cat","embeddable":true,"href":"https:\/\/staging.aldeco.pt\/es\/wp-json\/wp\/v2\/product_cat?post=225158"},{"taxonomy":"product_tag","embeddable":true,"href":"https:\/\/staging.aldeco.pt\/es\/wp-json\/wp\/v2\/product_tag?post=225158"}],"curies":[{"name":"wp","href":"https:\/\/api.w.org\/{rel}","templated":true}]}}