{"id":225152,"date":"2026-01-14T09:25:18","date_gmt":"2026-01-14T09:25:18","guid":{"rendered":"https:\/\/aldeco.pt\/staging\/product\/foxtrot-stripe-in-outdoor-fr\/"},"modified":"2026-03-04T11:20:11","modified_gmt":"2026-03-04T11:20:11","slug":"foxtrot-stripe-in-outdoor-fr","status":"publish","type":"product","link":"https:\/\/staging.aldeco.pt\/es\/product\/foxtrot-stripe-in-outdoor-fr\/","title":{"rendered":"FOXTROT STRIPE IN\/OUTDOOR FR"},"content":{"rendered":"<p>FOXTROT IN\/OUTDOOR FR es un tejido jacquard para tapicer\u00eda apto tanto para interiores como para exteriores con un dise\u00f1o a rayas. Este tejido, desarrollado con hilos boucl\u00e9, presenta un dise\u00f1o a rayas y un sutil estampado a cuadros, lo que le confiere un aspecto refinado.<br \/>\nLa armon\u00eda entre las l\u00edneas y la estructura de los hilos boucl\u00e9 crea un efecto elegante y moderno, dotando al tejido de personalidad sin comprometer su versatilidad.<br \/>\nFOXTROT es extremadamente resistente a la abrasi\u00f3n y a los elementos y est\u00e1 disponible en 5 colores. <\/p>\n","protected":false},"excerpt":{"rendered":"<p>FOXTROT IN\/OUTDOOR FR es un tejido jacquard para tapicer\u00eda apto tanto para interiores como para exteriores con un dise\u00f1o a rayas. Este tejido, desarrollado con hilos boucl\u00e9, presenta un dise\u00f1o a rayas y un sutil estampado a cuadros, lo que le confiere un aspecto refinado.<br \/>\nLa armon\u00eda entre las l\u00edneas y la estructura de los hilos boucl\u00e9 crea un efecto elegante y moderno, dotando al tejido de personalidad sin comprometer su versatilidad.<br \/>\nFOXTROT es extremadamente resistente a la abrasi\u00f3n y a los elementos y est\u00e1 disponible en 5 colores. <\/p>\n","protected":false},"featured_media":224937,"template":"","meta":[],"product_brand":[539],"product_cat":[6146],"product_tag":[],"class_list":{"0":"post-225152","1":"product","2":"type-product","3":"status-publish","4":"has-post-thumbnail","6":"product_brand-aldeco","7":"product_cat-aldeco-2-es","8":"pa_cleanability-8283","9":"pa_composition-ext-92-rpp-8-pl-es","10":"pa_contract-fabrics-1-es","11":"pa_indoor-fabrics-1-es","12":"pa_interior-fabrics-1-es","13":"pa_line-exterior","14":"pa_lithfastness-7-8-es","15":"pa_opportunities-descontinuado-es","16":"pa_outdoor-exterior","17":"pa_range-boucle-es","18":"pa_range-jacquard-es","19":"pa_rapport-horizontal-1-es","20":"pa_rapport-vertical-6-es","21":"pa_special-treatments-fabrics-1-es","22":"pa_sustainable-fabrics-1-es","25":"first","26":"instock","27":"purchasable","28":"product-type-variable"},"acf":[],"_links":{"self":[{"href":"https:\/\/staging.aldeco.pt\/es\/wp-json\/wp\/v2\/product\/225152","targetHints":{"allow":["GET"]}}],"collection":[{"href":"https:\/\/staging.aldeco.pt\/es\/wp-json\/wp\/v2\/product"}],"about":[{"href":"https:\/\/staging.aldeco.pt\/es\/wp-json\/wp\/v2\/types\/product"}],"version-history":[{"count":1,"href":"https:\/\/staging.aldeco.pt\/es\/wp-json\/wp\/v2\/product\/225152\/revisions"}],"predecessor-version":[{"id":225249,"href":"https:\/\/staging.aldeco.pt\/es\/wp-json\/wp\/v2\/product\/225152\/revisions\/225249"}],"wp:featuredmedia":[{"embeddable":true,"href":"https:\/\/staging.aldeco.pt\/es\/wp-json\/wp\/v2\/media\/224937"}],"wp:attachment":[{"href":"https:\/\/staging.aldeco.pt\/es\/wp-json\/wp\/v2\/media?parent=225152"}],"wp:term":[{"taxonomy":"product_brand","embeddable":true,"href":"https:\/\/staging.aldeco.pt\/es\/wp-json\/wp\/v2\/product_brand?post=225152"},{"taxonomy":"product_cat","embeddable":true,"href":"https:\/\/staging.aldeco.pt\/es\/wp-json\/wp\/v2\/product_cat?post=225152"},{"taxonomy":"product_tag","embeddable":true,"href":"https:\/\/staging.aldeco.pt\/es\/wp-json\/wp\/v2\/product_tag?post=225152"}],"curies":[{"name":"wp","href":"https:\/\/api.w.org\/{rel}","templated":true}]}}