{"id":225144,"date":"2026-01-14T09:25:57","date_gmt":"2026-01-14T09:25:57","guid":{"rendered":"https:\/\/aldeco.pt\/staging\/product\/colette-in-outdoor\/"},"modified":"2026-03-04T11:19:25","modified_gmt":"2026-03-04T11:19:25","slug":"colette-in-outdoor","status":"publish","type":"product","link":"https:\/\/staging.aldeco.pt\/es\/product\/colette-in-outdoor\/","title":{"rendered":"COLETTE IN\/OUTDOOR"},"content":{"rendered":"<p>COLETTE IN\/OUTDOOR es un tejido jacquard para tapicer\u00eda desarrollado para ofrecer resistencia y durabilidad tanto en espacios interiores como exteriores, manteniendo al mismo tiempo una est\u00e9tica refinada. Su estampado, combinado con colores a veces vibrantes, realza el dise\u00f1o abstracto. Este tejido revela un estampado org\u00e1nico y fluido, compuesto por formas recortadas que se entrelazan como un cuadro modernista. Las l\u00edneas suaves definen formas irregulares, creando un juego equilibrado entre s\u00f3lidos y vac\u00edos que da ritmo y movimiento a la superficie. El dise\u00f1o evoca una naturaleza estilizada, reinterpretada de forma gr\u00e1fica y sofisticada, con ligereza y armon\u00eda. Colette presenta un motivo expresivo contempor\u00e1neo que combina modernidad y elegancia en un lenguaje visual claro y refinado. COLETTE es perfecta para a\u00f1adir color, estilo y comodidad a los tapizados y cojines de cualquier espacio de su proyecto, disponible en 7 variaciones de color.      <\/p>\n","protected":false},"excerpt":{"rendered":"<p>COLETTE IN\/OUTDOOR es un tejido jacquard para tapicer\u00eda desarrollado para ofrecer resistencia y durabilidad tanto en espacios interiores como exteriores, manteniendo al mismo tiempo una est\u00e9tica refinada. Su estampado, combinado con colores a veces vibrantes, realza el dise\u00f1o abstracto. Este tejido revela un estampado org\u00e1nico y fluido, compuesto por formas recortadas que se entrelazan como un cuadro modernista. Las l\u00edneas suaves definen formas irregulares, creando un juego equilibrado entre s\u00f3lidos y vac\u00edos que da ritmo y movimiento a la superficie. El dise\u00f1o evoca una naturaleza estilizada, reinterpretada de forma gr\u00e1fica y sofisticada, con ligereza y armon\u00eda. Colette presenta un motivo expresivo contempor\u00e1neo que combina modernidad y elegancia en un lenguaje visual claro y refinado. COLETTE es perfecta para a\u00f1adir color, estilo y comodidad a los tapizados y cojines de cualquier espacio de su proyecto, disponible en 7 variaciones de color.      <\/p>\n","protected":false},"featured_media":224949,"template":"","meta":[],"product_brand":[],"product_cat":[6146],"product_tag":[],"class_list":{"0":"post-225144","1":"product","2":"type-product","3":"status-publish","4":"has-post-thumbnail","6":"product_cat-aldeco-2-es","7":"pa_cleanability-8283","8":"pa_composition-ext-90-pp-10-pl-es","9":"pa_indoor-fabrics-1-es","10":"pa_interior-fabrics-1-es","11":"pa_line-exterior","12":"pa_lithfastness-7-es","13":"pa_opportunities-descontinuado-es","14":"pa_outdoor-exterior","15":"pa_range-jacquard-es","16":"pa_rapport-horizontal-65-es","17":"pa_rapport-vertical-85-es","18":"pa_sustainable-fabrics-0-es","21":"first","22":"instock","23":"purchasable","24":"product-type-variable"},"acf":[],"_links":{"self":[{"href":"https:\/\/staging.aldeco.pt\/es\/wp-json\/wp\/v2\/product\/225144","targetHints":{"allow":["GET"]}}],"collection":[{"href":"https:\/\/staging.aldeco.pt\/es\/wp-json\/wp\/v2\/product"}],"about":[{"href":"https:\/\/staging.aldeco.pt\/es\/wp-json\/wp\/v2\/types\/product"}],"version-history":[{"count":1,"href":"https:\/\/staging.aldeco.pt\/es\/wp-json\/wp\/v2\/product\/225144\/revisions"}],"predecessor-version":[{"id":225248,"href":"https:\/\/staging.aldeco.pt\/es\/wp-json\/wp\/v2\/product\/225144\/revisions\/225248"}],"wp:featuredmedia":[{"embeddable":true,"href":"https:\/\/staging.aldeco.pt\/es\/wp-json\/wp\/v2\/media\/224949"}],"wp:attachment":[{"href":"https:\/\/staging.aldeco.pt\/es\/wp-json\/wp\/v2\/media?parent=225144"}],"wp:term":[{"taxonomy":"product_brand","embeddable":true,"href":"https:\/\/staging.aldeco.pt\/es\/wp-json\/wp\/v2\/product_brand?post=225144"},{"taxonomy":"product_cat","embeddable":true,"href":"https:\/\/staging.aldeco.pt\/es\/wp-json\/wp\/v2\/product_cat?post=225144"},{"taxonomy":"product_tag","embeddable":true,"href":"https:\/\/staging.aldeco.pt\/es\/wp-json\/wp\/v2\/product_tag?post=225144"}],"curies":[{"name":"wp","href":"https:\/\/api.w.org\/{rel}","templated":true}]}}