{"id":225138,"date":"2026-01-14T09:26:53","date_gmt":"2026-01-14T09:26:53","guid":{"rendered":"https:\/\/aldeco.pt\/staging\/product\/coralie-in-outdoor-fr\/"},"modified":"2026-03-04T11:18:38","modified_gmt":"2026-03-04T11:18:38","slug":"coralie-in-outdoor-fr","status":"publish","type":"product","link":"https:\/\/staging.aldeco.pt\/es\/product\/coralie-in-outdoor-fr\/","title":{"rendered":"CORALIE IN\/OUTDOOR FR"},"content":{"rendered":"<p>CORALIE IN\/OUTDOOR FR es un tejido jacquard para tapicer\u00eda de interior y exterior, compuesto por hilos boucl\u00e9. Este tejido es repelente al agua, lo que garantiza su resistencia y durabilidad en cualquier contexto. Su dise\u00f1o se inspira en la delicadeza de los corales, con relieves que aportan textura, profundidad y movimiento. La inspiraci\u00f3n de la naturaleza, combinada con la elegancia de los hilos boucl\u00e9, da como resultado un tejido exclusivo, lleno de encanto y personalidad. El tejido CORALIE est\u00e1 disponible en 5 colores diferentes y es perfecto para a\u00f1adir estilo, frescura y textura a tapicer\u00edas y cojines.    <\/p>\n","protected":false},"excerpt":{"rendered":"<p>CORALIE IN\/OUTDOOR FR es un tejido jacquard para tapicer\u00eda de interior y exterior, compuesto por hilos boucl\u00e9. Este tejido es repelente al agua, lo que garantiza su resistencia y durabilidad en cualquier contexto. Su dise\u00f1o se inspira en la delicadeza de los corales, con relieves que aportan textura, profundidad y movimiento. La inspiraci\u00f3n de la naturaleza, combinada con la elegancia de los hilos boucl\u00e9, da como resultado un tejido exclusivo, lleno de encanto y personalidad. El tejido CORALIE est\u00e1 disponible en 5 colores diferentes y es perfecto para a\u00f1adir estilo, frescura y textura a tapicer\u00edas y cojines.    <\/p>\n","protected":false},"featured_media":224965,"template":"","meta":[],"product_brand":[],"product_cat":[6146],"product_tag":[],"class_list":{"0":"post-225138","1":"product","2":"type-product","3":"status-publish","4":"has-post-thumbnail","6":"product_cat-aldeco-2-es","7":"pa_cleanability-8283","8":"pa_composition-ext-92-rpp-8-pl-es","9":"pa_contract-fabrics-1-es","10":"pa_indoor-fabrics-1-es","11":"pa_interior-fabrics-1-es","12":"pa_line-exterior","13":"pa_lithfastness-7-8-es","14":"pa_outdoor-exterior","15":"pa_range-boucle-es","16":"pa_range-jacquard-es","17":"pa_rapport-horizontal-35-es","18":"pa_rapport-vertical-33-5-es","19":"pa_special-treatments-fabrics-1-es","20":"pa_sustainable-fabrics-1-es","23":"first","24":"instock","25":"purchasable","26":"product-type-variable"},"acf":[],"_links":{"self":[{"href":"https:\/\/staging.aldeco.pt\/es\/wp-json\/wp\/v2\/product\/225138","targetHints":{"allow":["GET"]}}],"collection":[{"href":"https:\/\/staging.aldeco.pt\/es\/wp-json\/wp\/v2\/product"}],"about":[{"href":"https:\/\/staging.aldeco.pt\/es\/wp-json\/wp\/v2\/types\/product"}],"version-history":[{"count":1,"href":"https:\/\/staging.aldeco.pt\/es\/wp-json\/wp\/v2\/product\/225138\/revisions"}],"predecessor-version":[{"id":225247,"href":"https:\/\/staging.aldeco.pt\/es\/wp-json\/wp\/v2\/product\/225138\/revisions\/225247"}],"wp:featuredmedia":[{"embeddable":true,"href":"https:\/\/staging.aldeco.pt\/es\/wp-json\/wp\/v2\/media\/224965"}],"wp:attachment":[{"href":"https:\/\/staging.aldeco.pt\/es\/wp-json\/wp\/v2\/media?parent=225138"}],"wp:term":[{"taxonomy":"product_brand","embeddable":true,"href":"https:\/\/staging.aldeco.pt\/es\/wp-json\/wp\/v2\/product_brand?post=225138"},{"taxonomy":"product_cat","embeddable":true,"href":"https:\/\/staging.aldeco.pt\/es\/wp-json\/wp\/v2\/product_cat?post=225138"},{"taxonomy":"product_tag","embeddable":true,"href":"https:\/\/staging.aldeco.pt\/es\/wp-json\/wp\/v2\/product_tag?post=225138"}],"curies":[{"name":"wp","href":"https:\/\/api.w.org\/{rel}","templated":true}]}}