{"id":225136,"date":"2026-01-14T09:27:34","date_gmt":"2026-01-14T09:27:34","guid":{"rendered":"https:\/\/aldeco.pt\/staging\/product\/ecru-in-outdoor-fr\/"},"modified":"2026-03-04T11:17:52","modified_gmt":"2026-03-04T11:17:52","slug":"ecru-in-outdoor-fr","status":"publish","type":"product","link":"https:\/\/staging.aldeco.pt\/es\/product\/ecru-in-outdoor-fr\/","title":{"rendered":"ECRU IN\/OUTDOOR FR"},"content":{"rendered":"<p>ECRU IN\/OUTDOOR FR es un tejido jacquard para tapicer\u00eda de interior y exterior disponible en un solo color, natural.<br \/>\nDesarrollado con hilos boucl\u00e9 que le confieren una textura delicada, ECRU es la base de los dise\u00f1os de la colecci\u00f3n para interior y exterior VEVA II, actuando como un tejido liso que realza y resalta los estampados.<br \/>\nSencillo, refinado y equilibrado, ECRU es perfecto para complementar el resto de la colecci\u00f3n, aportando armon\u00eda a cada espacio y manteniendo las caracter\u00edsticas t\u00e9cnicas que distinguen a esta colecci\u00f3n, como la repelencia al agua.<\/p>\n","protected":false},"excerpt":{"rendered":"<p>ECRU IN\/OUTDOOR FR es un tejido jacquard para tapicer\u00eda de interior y exterior disponible en un solo color, natural.<br \/>\nDeveloped with boucl\u00e9 yarns that give it a delicate texture, ECRU is the basis for the designs in the VEVA II in\/outdoor collection, acting as a plain fabric that enhances and highlights the patterns.<br \/>\nDesarrollado con hilos boucl\u00e9 que le confieren una textura delicada, ECRU es la base de los dise\u00f1os de la colecci\u00f3n para interior y exterior VEVA II, actuando como un tejido liso que realza y resalta los estampados.<\/p>\n","protected":false},"featured_media":224977,"template":"","meta":[],"product_brand":[],"product_cat":[6146],"product_tag":[],"class_list":{"0":"post-225136","1":"product","2":"type-product","3":"status-publish","4":"has-post-thumbnail","6":"product_cat-aldeco-2-es","7":"pa_composition-ext-92-rpp-8-pl-es","8":"pa_contract-fabrics-1-es","9":"pa_indoor-fabrics-1-es","10":"pa_interior-fabrics-1-es","11":"pa_lithfastness-7-es","12":"pa_outdoor-exterior","13":"pa_range-boucle-es","14":"pa_range-jacquard-es","15":"pa_rapport-horizontal-_-es","16":"pa_rapport-vertical-_-es","17":"pa_special-treatments-fabrics-1-es","18":"pa_sustainable-fabrics-1-es","21":"first","22":"instock","23":"purchasable","24":"product-type-variable"},"acf":[],"_links":{"self":[{"href":"https:\/\/staging.aldeco.pt\/es\/wp-json\/wp\/v2\/product\/225136","targetHints":{"allow":["GET"]}}],"collection":[{"href":"https:\/\/staging.aldeco.pt\/es\/wp-json\/wp\/v2\/product"}],"about":[{"href":"https:\/\/staging.aldeco.pt\/es\/wp-json\/wp\/v2\/types\/product"}],"version-history":[{"count":1,"href":"https:\/\/staging.aldeco.pt\/es\/wp-json\/wp\/v2\/product\/225136\/revisions"}],"predecessor-version":[{"id":225246,"href":"https:\/\/staging.aldeco.pt\/es\/wp-json\/wp\/v2\/product\/225136\/revisions\/225246"}],"wp:featuredmedia":[{"embeddable":true,"href":"https:\/\/staging.aldeco.pt\/es\/wp-json\/wp\/v2\/media\/224977"}],"wp:attachment":[{"href":"https:\/\/staging.aldeco.pt\/es\/wp-json\/wp\/v2\/media?parent=225136"}],"wp:term":[{"taxonomy":"product_brand","embeddable":true,"href":"https:\/\/staging.aldeco.pt\/es\/wp-json\/wp\/v2\/product_brand?post=225136"},{"taxonomy":"product_cat","embeddable":true,"href":"https:\/\/staging.aldeco.pt\/es\/wp-json\/wp\/v2\/product_cat?post=225136"},{"taxonomy":"product_tag","embeddable":true,"href":"https:\/\/staging.aldeco.pt\/es\/wp-json\/wp\/v2\/product_tag?post=225136"}],"curies":[{"name":"wp","href":"https:\/\/api.w.org\/{rel}","templated":true}]}}