{"id":224081,"date":"2025-07-28T14:25:08","date_gmt":"2025-07-28T14:25:08","guid":{"rendered":"https:\/\/aldeco.pt\/staging\/product\/stylo-fr\/"},"modified":"2026-03-04T11:31:59","modified_gmt":"2026-03-04T11:31:59","slug":"stylo-fr","status":"publish","type":"product","link":"https:\/\/staging.aldeco.pt\/es\/product\/stylo-fr\/","title":{"rendered":"STYLO FR"},"content":{"rendered":"<p>STYLO FR es una tela para visillos con un aspecto m\u00e1s opaco. La combinaci\u00f3n de dos texturas de hilo en colores m\u00e1s oscuros le otorga mayor profundidad y riqueza, convirtiendo a Stylo en una tela cautivadora con un aspecto denim.  STYLO FR es una tela para visillos con un aspecto m\u00e1s opaco. La combinaci\u00f3n de dos texturas de hilo en colores m\u00e1s oscuros le otorga mayor profundidad y riqueza, convirtiendo a Stylo en una tela cautivadora con un aspecto denim. Su composici\u00f3n es principalmente poli\u00e9ster reciclado GRS, inherentemente ign\u00edfugo. GRS es el Global Recycled Standard, un est\u00e1ndar que garantiza la trazabilidad completa de los materiales reciclados hasta el tejido final. Este tejido se fabrica seg\u00fan el ISO 14001, el sistema de gesti\u00f3n ambiental creado para mejorar la eficiencia de los recursos, lo que lo convierte en un tejido ecol\u00f3gico y sostenible. Es una tela de doble ancho, ideal para proyectos Contract con techos altos y que cumple con varias normas internacionales ignifugas para cortinas. Stylo es una tela lavable seg\u00fan la norma estadounidense de lavado hospitalario AATCC 96. Est\u00e1 disponible en 19 colores, desde los m\u00e1s neutros y delicados hasta los tonos m\u00e1s intensos.     <\/p>\n","protected":false},"excerpt":{"rendered":"<p>STYLO FR es una tela para visillos con un aspecto m\u00e1s opaco. La combinaci\u00f3n de dos texturas de hilo en colores m\u00e1s oscuros le otorga mayor profundidad y riqueza, convirtiendo a Stylo en una tela cautivadora con un aspecto denim.  STYLO FR es una tela para visillos con un aspecto m\u00e1s opaco. La combinaci\u00f3n de dos texturas de hilo en colores m\u00e1s oscuros le otorga mayor profundidad y riqueza, convirtiendo a Stylo en una tela cautivadora con un aspecto denim. Su composici\u00f3n es principalmente poli\u00e9ster reciclado GRS, inherentemente ign\u00edfugo. GRS es el Global Recycled Standard, un est\u00e1ndar que garantiza la trazabilidad completa de los materiales reciclados hasta el tejido final. Este tejido se fabrica seg\u00fan el ISO 14001, el sistema de gesti\u00f3n ambiental creado para mejorar la eficiencia de los recursos, lo que lo convierte en un tejido ecol\u00f3gico y sostenible. Es una tela de doble ancho, ideal para proyectos Contract con techos altos y que cumple con varias normas internacionales ignifugas para cortinas. Stylo es una tela lavable seg\u00fan la norma estadounidense de lavado hospitalario AATCC 96. Est\u00e1 disponible en 19 colores, desde los m\u00e1s neutros y delicados hasta los tonos m\u00e1s intensos.     <\/p>\n<h2>STYLO FR es una tela para visillos con un aspecto m\u00e1s opaco. La combinaci\u00f3n de dos texturas de hilo en colores m\u00e1s oscuros le otorga mayor profundidad y riqueza, convirtiendo a Stylo en una tela cautivadora con un aspecto denim. <\/h2>\n<p><img fetchpriority=\"high\" decoding=\"async\" class=\"alignnone wp-image-224057 size-medium\" src=\"https:\/\/aldeco.pt\/staging\/wp-content\/uploads\/2025\/07\/ALDECO_STYLO-FR_01-Putty-1-300x300.jpg\" alt=\"STYLO FR - Aldeco\" width=\"300\" height=\"300\"><\/p>\n<p><a href=\"https:\/\/aldeco.pt\/staging\/product\/stylo-fr\/?attribute_pa_colour=beige&amp;attribute_pa_aldeco-color=01-putty\">https:\/\/aldeco.pt\/staging\/product\/stylo-fr\/?attribute_pa_colour=beige&amp;attribute_pa_aldeco-color=01-putty<\/a><\/p>\n<p><a href=\"https:\/\/www.instagram.com\/aldeco_interiorfabrics\/\">https:\/\/www.instagram.com\/aldeco_interiorfabrics\/<\/a><\/p>\n","protected":false},"featured_media":223084,"template":"","meta":[],"product_brand":[],"product_cat":[],"product_tag":[],"class_list":{"0":"post-224081","1":"product","2":"type-product","3":"status-publish","4":"has-post-thumbnail","6":"pa_cleanability-8283","7":"pa_composition-ext-51-rpl-fr-49-pl-fr-es","8":"pa_contract-fabrics-1-es","9":"pa_interior-fabrics-1-es","10":"pa_lithfastness-4-5-es-2","11":"pa_opportunities-descontinuado-es","12":"pa_range-liso-es","13":"pa_special-treatments-fabrics-1-es","14":"pa_sustainable-fabrics-1-es","17":"first","18":"instock","19":"shipping-taxable","20":"purchasable","21":"product-type-variable"},"acf":[],"_links":{"self":[{"href":"https:\/\/staging.aldeco.pt\/es\/wp-json\/wp\/v2\/product\/224081","targetHints":{"allow":["GET"]}}],"collection":[{"href":"https:\/\/staging.aldeco.pt\/es\/wp-json\/wp\/v2\/product"}],"about":[{"href":"https:\/\/staging.aldeco.pt\/es\/wp-json\/wp\/v2\/types\/product"}],"version-history":[{"count":1,"href":"https:\/\/staging.aldeco.pt\/es\/wp-json\/wp\/v2\/product\/224081\/revisions"}],"predecessor-version":[{"id":224103,"href":"https:\/\/staging.aldeco.pt\/es\/wp-json\/wp\/v2\/product\/224081\/revisions\/224103"}],"wp:featuredmedia":[{"embeddable":true,"href":"https:\/\/staging.aldeco.pt\/es\/wp-json\/wp\/v2\/media\/223084"}],"wp:attachment":[{"href":"https:\/\/staging.aldeco.pt\/es\/wp-json\/wp\/v2\/media?parent=224081"}],"wp:term":[{"taxonomy":"product_brand","embeddable":true,"href":"https:\/\/staging.aldeco.pt\/es\/wp-json\/wp\/v2\/product_brand?post=224081"},{"taxonomy":"product_cat","embeddable":true,"href":"https:\/\/staging.aldeco.pt\/es\/wp-json\/wp\/v2\/product_cat?post=224081"},{"taxonomy":"product_tag","embeddable":true,"href":"https:\/\/staging.aldeco.pt\/es\/wp-json\/wp\/v2\/product_tag?post=224081"}],"curies":[{"name":"wp","href":"https:\/\/api.w.org\/{rel}","templated":true}]}}