{"id":224030,"date":"2025-07-25T15:36:16","date_gmt":"2025-07-25T15:36:16","guid":{"rendered":"https:\/\/aldeco.pt\/staging\/product\/solunar-fr\/"},"modified":"2026-03-04T11:32:45","modified_gmt":"2026-03-04T11:32:45","slug":"solunar-fr","status":"publish","type":"product","link":"https:\/\/staging.aldeco.pt\/es\/product\/solunar-fr\/","title":{"rendered":"SOLUNAR FR"},"content":{"rendered":"<p>SOLUNAR FR es una tela opaca para cortinas de doble ancho, certificada por su alta absorci\u00f3n ac\u00fastica. Este tejido presenta un aspecto natural, seco y neutro por una cara con textura de lino, un n\u00facleo interior negro que le confiere gran opacidad y una elegante cara de sarga tejida por la otra. Este tejido se presenta en esta dualidad como un tejido reciclado, altamente t\u00e9cnico e ign\u00edfugo, certificado seg\u00fan diversas normas internacionales de resistencia al fuego. Este tejido dimout est\u00e1 compuesto por un 56 % de poli\u00e9ster reciclado inherente ign\u00edfugo, y el resto de poli\u00e9ster regular inherente. Cumple con la norma OEKO-TEX Standard 100, no contiene sustancias nocivas para las personas ni el medio ambiente y cuenta con la certificaci\u00f3n GRS. GRS significa Global Recycled Standard, un est\u00e1ndar que garantiza la trazabilidad completa de los materiales reciclados hasta el tejido final. Este tejido se fabrica seg\u00fan la norma ISO 14001, el sistema de gesti\u00f3n ambiental creado para mejorar la eficiencia de los recursos, lo que lo convierte en un tejido ecol\u00f3gico y sostenible. Est\u00e1 disponible en 25 elegantes colores.       <\/p>\n","protected":false},"excerpt":{"rendered":"<p>SOLUNAR FR es una tela opaca para cortinas de doble ancho, certificada por su alta absorci\u00f3n ac\u00fastica. Este tejido presenta un aspecto natural, seco y neutro por una cara con textura de lino, un n\u00facleo interior negro que le confiere gran opacidad y una elegante cara de sarga tejida por la otra. Este tejido se presenta en esta dualidad como un tejido reciclado, altamente t\u00e9cnico e ign\u00edfugo, certificado seg\u00fan diversas normas internacionales de resistencia al fuego. Este tejido dimout est\u00e1 compuesto por un 56 % de poli\u00e9ster reciclado inherente ign\u00edfugo, y el resto de poli\u00e9ster regular inherente. Cumple con la norma OEKO-TEX Standard 100, no contiene sustancias nocivas para las personas ni el medio ambiente y cuenta con la certificaci\u00f3n GRS. GRS significa Global Recycled Standard, un est\u00e1ndar que garantiza la trazabilidad completa de los materiales reciclados hasta el tejido final. Este tejido se fabrica seg\u00fan la norma ISO 14001, el sistema de gesti\u00f3n ambiental creado para mejorar la eficiencia de los recursos, lo que lo convierte en un tejido ecol\u00f3gico y sostenible. Est\u00e1 disponible en 25 elegantes colores.       <\/p>\n<h2>SOLUNAR FR es una tela opaca para cortinas de doble ancho, certificada por su alta absorci\u00f3n ac\u00fastica.<\/h2>\n<p><img fetchpriority=\"high\" decoding=\"async\" class=\"alignnone wp-image-223999 size-medium\" src=\"https:\/\/aldeco.pt\/staging\/wp-content\/uploads\/2025\/07\/ALDECO_SOLUNAR-FR_01-Pebble-1-300x300.jpg\" alt=\"SOLUNAR FR - Aldeco\" width=\"300\" height=\"300\"><\/p>\n<p><a href=\"https:\/\/aldeco.pt\/staging\/product\/solunar-fr-25\/?attribute_pa_colour=greige&amp;attribute_pa_aldeco-color=01-pebble\">https:\/\/aldeco.pt\/staging\/product\/solunar-fr-25\/?attribute_pa_colour=greige&amp;attribute_pa_aldeco-color=01-pebble<\/a><\/p>\n<p><a href=\"https:\/\/www.instagram.com\/aldeco_interiorfabrics\/\">https:\/\/www.instagram.com\/aldeco_interiorfabrics\/<\/a><\/p>\n","protected":false},"featured_media":222987,"template":"","meta":[],"product_brand":[],"product_cat":[6154],"product_tag":[],"class_list":{"0":"post-224030","1":"product","2":"type-product","3":"status-publish","4":"has-post-thumbnail","6":"product_cat-aldeco-smarter-es","7":"pa_cleanability-8283","8":"pa_composition-ext-56-rpl-fr-44-pl-fr-es","9":"pa_contract-fabrics-1-es","10":"pa_interior-fabrics-1-es","11":"pa_line-telas","12":"pa_lithfastness-5-es","13":"pa_opportunities-descontinuado-es","14":"pa_range-dimout-es","15":"pa_range-dobby-es","16":"pa_rapport-horizontal-0-es","17":"pa_rapport-vertical-0-es","18":"pa_special-treatments-fabrics-1-es","19":"pa_sustainable-fabrics-1-es","22":"first","23":"instock","24":"purchasable","25":"product-type-variable"},"acf":[],"_links":{"self":[{"href":"https:\/\/staging.aldeco.pt\/es\/wp-json\/wp\/v2\/product\/224030","targetHints":{"allow":["GET"]}}],"collection":[{"href":"https:\/\/staging.aldeco.pt\/es\/wp-json\/wp\/v2\/product"}],"about":[{"href":"https:\/\/staging.aldeco.pt\/es\/wp-json\/wp\/v2\/types\/product"}],"version-history":[{"count":1,"href":"https:\/\/staging.aldeco.pt\/es\/wp-json\/wp\/v2\/product\/224030\/revisions"}],"predecessor-version":[{"id":224104,"href":"https:\/\/staging.aldeco.pt\/es\/wp-json\/wp\/v2\/product\/224030\/revisions\/224104"}],"wp:featuredmedia":[{"embeddable":true,"href":"https:\/\/staging.aldeco.pt\/es\/wp-json\/wp\/v2\/media\/222987"}],"wp:attachment":[{"href":"https:\/\/staging.aldeco.pt\/es\/wp-json\/wp\/v2\/media?parent=224030"}],"wp:term":[{"taxonomy":"product_brand","embeddable":true,"href":"https:\/\/staging.aldeco.pt\/es\/wp-json\/wp\/v2\/product_brand?post=224030"},{"taxonomy":"product_cat","embeddable":true,"href":"https:\/\/staging.aldeco.pt\/es\/wp-json\/wp\/v2\/product_cat?post=224030"},{"taxonomy":"product_tag","embeddable":true,"href":"https:\/\/staging.aldeco.pt\/es\/wp-json\/wp\/v2\/product_tag?post=224030"}],"curies":[{"name":"wp","href":"https:\/\/api.w.org\/{rel}","templated":true}]}}