{"id":223945,"date":"2025-07-25T15:32:19","date_gmt":"2025-07-25T15:32:19","guid":{"rendered":"https:\/\/aldeco.pt\/staging\/product\/sensusous-velvet-fr\/"},"modified":"2026-03-04T11:34:18","modified_gmt":"2026-03-04T11:34:18","slug":"sensusous-velvet-fr","status":"publish","type":"product","link":"https:\/\/staging.aldeco.pt\/es\/product\/sensusous-velvet-fr\/","title":{"rendered":"SENSUSOUS VELVET FR"},"content":{"rendered":"<p>SENSUSOUS FR es un terciopelo \u00fanico y de gran durabilidad para tapicer\u00eda de alto rendimiento. Este terciopelo presenta colores vibrantes y saturados que crean un efecto mate profundo y una sensaci\u00f3n natural.  SENSUSOUS FR es un terciopelo \u00fanico y de gran durabilidad para tapicer\u00eda de alto rendimiento. Este terciopelo presenta colores vibrantes y saturados que crean un efecto mate profundo y una sensaci\u00f3n natural. Es un terciopelo glorioso y lujoso, multiusos, ideal para cortinas, tapicer\u00eda, decoraci\u00f3n, proyectos residenciales, proyectos n\u00e1uticos y contract, y cuenta con certificaci\u00f3n de absorci\u00f3n ac\u00fastica. Tiene una caracter\u00edstica incre\u00edble: se puede lavar a 74 \u00b0C, cumpliendo con la norma estadounidense de lavado hospitalario AATTC 96, y est\u00e1 fabricado con 54 % de hilo de poli\u00e9ster FR inherente GRS reciclado. Es un terciopelo muy resistente con una alt\u00edsima resistencia a la abrasi\u00f3n y excelentes resultados pilling, alcanzando m\u00e1s de 80 000 ciclos en la prueba Martindale. Sensusous es ign\u00edfugo seg\u00fan las normas m\u00e1s exigentes, incluyendo CRIB 5. Este tejido tambi\u00e9n cumple con la certificaci\u00f3n OEKO-TEX 100, es ecol\u00f3gico y no es perjudicial para la salud humana. Se produce de acuerdo con la norma ISO 14001, el sistema de gesti\u00f3n ambiental dise\u00f1ado para mejorar la eficiencia de los recursos. Este terciopelo de primera calidad est\u00e1 disponible en 30 colores.      <\/p>\n","protected":false},"excerpt":{"rendered":"<p>SENSUSOUS FR es un terciopelo \u00fanico y de gran durabilidad para tapicer\u00eda de alto rendimiento. Este terciopelo presenta colores vibrantes y saturados que crean un efecto mate profundo y una sensaci\u00f3n natural.  SENSUSOUS FR es un terciopelo \u00fanico y de gran durabilidad para tapicer\u00eda de alto rendimiento. Este terciopelo presenta colores vibrantes y saturados que crean un efecto mate profundo y una sensaci\u00f3n natural. Es un terciopelo glorioso y lujoso, multiusos, ideal para cortinas, tapicer\u00eda, decoraci\u00f3n, proyectos residenciales, proyectos n\u00e1uticos y contract, y cuenta con certificaci\u00f3n de absorci\u00f3n ac\u00fastica. Tiene una caracter\u00edstica incre\u00edble: se puede lavar a 74 \u00b0C, cumpliendo con la norma estadounidense de lavado hospitalario AATTC 96, y est\u00e1 fabricado con 54 % de hilo de poli\u00e9ster FR inherente GRS reciclado. Es un terciopelo muy resistente con una alt\u00edsima resistencia a la abrasi\u00f3n y excelentes resultados pilling, alcanzando m\u00e1s de 80 000 ciclos en la prueba Martindale. Sensusous es ign\u00edfugo seg\u00fan las normas m\u00e1s exigentes, incluyendo CRIB 5. Este tejido tambi\u00e9n cumple con la certificaci\u00f3n OEKO-TEX 100, es ecol\u00f3gico y no es perjudicial para la salud humana. Se produce de acuerdo con la norma ISO 14001, el sistema de gesti\u00f3n ambiental dise\u00f1ado para mejorar la eficiencia de los recursos. Este terciopelo de primera calidad est\u00e1 disponible en 30 colores.      <\/p>\n<h2>SENSUSOUS FR es un terciopelo \u00fanico y de gran durabilidad para tapicer\u00eda de alto rendimiento. Este terciopelo presenta colores vibrantes y saturados que crean un efecto mate profundo y una sensaci\u00f3n natural. <\/h2>\n<p><img fetchpriority=\"high\" decoding=\"async\" class=\"alignnone wp-image-223906 size-medium\" src=\"https:\/\/aldeco.pt\/staging\/wp-content\/uploads\/2025\/07\/ALDECO_SENSUOUS-FR_01-Shark-1-300x300.jpg\" alt=\"SENSUOUS FR - Aldeco\" width=\"300\" height=\"300\"><\/p>\n<p><a href=\"https:\/\/aldeco.pt\/staging\/product\/sensusous-velvet-fr-30\/?attribute_pa_aldeco-color=01-shark\">https:\/\/aldeco.pt\/staging\/product\/sensusous-velvet-fr-30\/?attribute_pa_aldeco-color=01-shark<\/a><\/p>\n<p><a href=\"https:\/\/www.instagram.com\/aldeco_interiorfabrics\/\">https:\/\/www.instagram.com\/aldeco_interiorfabrics\/<\/a><\/p>\n","protected":false},"featured_media":222873,"template":"","meta":[],"product_brand":[],"product_cat":[6154],"product_tag":[],"class_list":{"0":"post-223945","1":"product","2":"type-product","3":"status-publish","4":"has-post-thumbnail","6":"product_cat-aldeco-smarter-es","7":"pa_cleanability-8283","8":"pa_composition-ext-54-rpl-fr-46-pl-fr-es","9":"pa_contract-fabrics-1-es","10":"pa_interior-fabrics-1-es","11":"pa_line-telas","12":"pa_lithfastness-5-es","13":"pa_opportunities-descontinuado-es","14":"pa_range-dobby-es","15":"pa_range-terciopelo","16":"pa_rapport-horizontal-0-es","17":"pa_rapport-vertical-0-es","18":"pa_special-treatments-fabrics-1-es","19":"pa_sustainable-fabrics-1-es","22":"first","23":"instock","24":"purchasable","25":"product-type-variable"},"acf":[],"_links":{"self":[{"href":"https:\/\/staging.aldeco.pt\/es\/wp-json\/wp\/v2\/product\/223945","targetHints":{"allow":["GET"]}}],"collection":[{"href":"https:\/\/staging.aldeco.pt\/es\/wp-json\/wp\/v2\/product"}],"about":[{"href":"https:\/\/staging.aldeco.pt\/es\/wp-json\/wp\/v2\/types\/product"}],"version-history":[{"count":1,"href":"https:\/\/staging.aldeco.pt\/es\/wp-json\/wp\/v2\/product\/223945\/revisions"}],"predecessor-version":[{"id":224106,"href":"https:\/\/staging.aldeco.pt\/es\/wp-json\/wp\/v2\/product\/223945\/revisions\/224106"}],"wp:featuredmedia":[{"embeddable":true,"href":"https:\/\/staging.aldeco.pt\/es\/wp-json\/wp\/v2\/media\/222873"}],"wp:attachment":[{"href":"https:\/\/staging.aldeco.pt\/es\/wp-json\/wp\/v2\/media?parent=223945"}],"wp:term":[{"taxonomy":"product_brand","embeddable":true,"href":"https:\/\/staging.aldeco.pt\/es\/wp-json\/wp\/v2\/product_brand?post=223945"},{"taxonomy":"product_cat","embeddable":true,"href":"https:\/\/staging.aldeco.pt\/es\/wp-json\/wp\/v2\/product_cat?post=223945"},{"taxonomy":"product_tag","embeddable":true,"href":"https:\/\/staging.aldeco.pt\/es\/wp-json\/wp\/v2\/product_tag?post=223945"}],"curies":[{"name":"wp","href":"https:\/\/api.w.org\/{rel}","templated":true}]}}